{"id":9906,"date":"2022-05-09T13:46:30","date_gmt":"2022-05-09T11:46:30","guid":{"rendered":"https:\/\/neu.swisswrestling.ch\/live-stream\/"},"modified":"2024-09-26T09:16:40","modified_gmt":"2024-09-26T07:16:40","slug":"live-stream","status":"publish","type":"page","link":"https:\/\/swisswrestling.ch\/fr\/general\/live-stream\/","title":{"rendered":"Live Stream"},"content":{"rendered":"\t\t<div data-elementor-type=\"wp-page\" data-elementor-id=\"9906\" class=\"elementor elementor-9906 elementor-607\" data-elementor-post-type=\"page\">\n\t\t\t\t\t\t<section class=\"elementor-section elementor-top-section elementor-element elementor-element-9f6f242 elementor-section-boxed elementor-section-height-default elementor-section-height-default\" data-id=\"9f6f242\" data-element_type=\"section\" data-e-type=\"section\" data-settings=\"{&quot;background_background&quot;:&quot;classic&quot;}\">\n\t\t\t\t\t\t\t<div class=\"elementor-background-overlay\"><\/div>\n\t\t\t\t\t\t\t<div class=\"elementor-container elementor-column-gap-extended\">\n\t\t\t\t\t<div class=\"elementor-column elementor-col-100 elementor-top-column elementor-element elementor-element-908da37\" data-id=\"908da37\" data-element_type=\"column\" data-e-type=\"column\">\n\t\t\t<div class=\"elementor-widget-wrap elementor-element-populated\">\n\t\t\t\t\t\t<div class=\"elementor-element elementor-element-ac46db3 elementor-widget elementor-widget-heading\" data-id=\"ac46db3\" data-element_type=\"widget\" data-e-type=\"widget\" data-widget_type=\"heading.default\">\n\t\t\t\t<div class=\"elementor-widget-container\">\n\t\t\t\t\t<h2 class=\"elementor-heading-title elementor-size-default\"><strong>Livestream - Swiss Wrestling 2024<\/strong><\/h2>\t\t\t\t<\/div>\n\t\t\t\t<\/div>\n\t\t\t\t<div class=\"elementor-element elementor-element-af8db67 elementor-widget elementor-widget-image\" data-id=\"af8db67\" data-element_type=\"widget\" data-e-type=\"widget\" data-widget_type=\"image.default\">\n\t\t\t\t<div class=\"elementor-widget-container\">\n\t\t\t\t\t\t\t\t\t\t\t\t\t\t\t<img fetchpriority=\"high\" decoding=\"async\" width=\"768\" height=\"432\" src=\"https:\/\/swisswrestling.ch\/wp-content\/uploads\/2024\/08\/plakat_livestream_portal_gross-768x432.png\" class=\"attachment-medium_large size-medium_large wp-image-21847\" alt=\"\" srcset=\"https:\/\/swisswrestling.ch\/wp-content\/uploads\/2024\/08\/plakat_livestream_portal_gross-768x432.png 768w, https:\/\/swisswrestling.ch\/wp-content\/uploads\/2024\/08\/plakat_livestream_portal_gross-300x169.png 300w, https:\/\/swisswrestling.ch\/wp-content\/uploads\/2024\/08\/plakat_livestream_portal_gross-1024x576.png 1024w, https:\/\/swisswrestling.ch\/wp-content\/uploads\/2024\/08\/plakat_livestream_portal_gross-1536x864.png 1536w, https:\/\/swisswrestling.ch\/wp-content\/uploads\/2024\/08\/plakat_livestream_portal_gross.png 1600w\" sizes=\"(max-width: 768px) 100vw, 768px\" \/>\t\t\t\t\t\t\t\t\t\t\t\t\t\t\t<\/div>\n\t\t\t\t<\/div>\n\t\t\t\t<div class=\"elementor-element elementor-element-0d42a3b elementor-widget elementor-widget-image\" data-id=\"0d42a3b\" data-element_type=\"widget\" data-e-type=\"widget\" data-widget_type=\"image.default\">\n\t\t\t\t<div class=\"elementor-widget-container\">\n\t\t\t\t\t\t\t\t\t\t\t\t\t\t\t<img decoding=\"async\" src=\"https:\/\/swisswrestling.ch\/wp-content\/uploads\/elementor\/thumbs\/flag-of-switzerland-qt0u0erzidyuplmggsbk6hkpth9beo0wbbdgpd3ipg.png\" title=\"Flag Of Switzerland\" alt=\"Flag Of Switzerland\" loading=\"lazy\" \/>\t\t\t\t\t\t\t\t\t\t\t\t\t\t\t<\/div>\n\t\t\t\t<\/div>\n\t\t\t\t<div class=\"elementor-element elementor-element-ab2b68f elementor-widget elementor-widget-text-editor\" data-id=\"ab2b68f\" data-element_type=\"widget\" data-e-type=\"widget\" data-widget_type=\"text-editor.default\">\n\t\t\t\t<div class=\"elementor-widget-container\">\n\t\t\t\t\t\t\t\t\t<p><strong>Livestream &#8211; Swiss Wrestling<\/strong><\/p>\n<p>Depuis fin ao\u00fbt 2024, Swiss Wrestling a un nouveau portail de livestream sous l&rsquo;adresse web <strong><span style=\"color: #0000ff\"><a style=\"color: #0000ff\" href=\"https:\/\/swisswrestling.tv\/\" target=\"_blank\" rel=\"noopener\">https:\/\/swisswrestling.tv<\/a><\/span><\/strong>.<\/p>\n<p>Pour ce faire, Swiss Wrestling a conclu une coop\u00e9ration avec Upstream Media AG.<br \/>\nUpstream Media est connu comme un partenaire professionnel pour les services m\u00e9diatiques. <\/p>\n<p>Notre objectif est de pr\u00e9senter tous les combats de la Premium League en direct avec une bonne qualit\u00e9.<br \/>\nDe m\u00eame, si les conditions locales le permettent, tous les championnats suisses et les tournois de lutte interr\u00e9gionaux seront diffus\u00e9s en direct sur ce portail.<br \/>\nLes trois tapis seront diffus\u00e9s, y compris les combats.<br \/>\nLes r\u00e9sultats des comp\u00e9titions sont diffus\u00e9s en streaming.   <\/p>\n<ul>\n<li>Par jour de tournoi, l&rsquo;acc\u00e8s au livestream co\u00fbte une fois 10.00 CHF pour les trois flux de tapis.<\/li>\n<li>Par match d&rsquo;\u00e9quipe Premium League 11.00 CHF.<\/li>\n<li>Pour les finales de la Premium League, les frais s&rsquo;\u00e9l\u00e8vent \u00e0 15.00 CHF par combat d&rsquo;\u00e9quipe.<\/li>\n<\/ul>\n<p>Les frais de la Premium League sont vers\u00e9s 1:1 aux clubs organisateurs, d\u00e9duction faite des frais encourus !<\/p>\n\t\t\t\t\t\t\t\t<\/div>\n\t\t\t\t<\/div>\n\t\t\t\t<div class=\"elementor-element elementor-element-e37abf7 elementor-widget-divider--view-line elementor-widget elementor-widget-divider\" data-id=\"e37abf7\" data-element_type=\"widget\" data-e-type=\"widget\" data-widget_type=\"divider.default\">\n\t\t\t\t<div class=\"elementor-widget-container\">\n\t\t\t\t\t\t\t<div class=\"elementor-divider\">\n\t\t\t<span class=\"elementor-divider-separator\">\n\t\t\t\t\t\t<\/span>\n\t\t<\/div>\n\t\t\t\t\t\t<\/div>\n\t\t\t\t<\/div>\n\t\t\t\t<div class=\"elementor-element elementor-element-84ea598 elementor-widget elementor-widget-image\" data-id=\"84ea598\" data-element_type=\"widget\" data-e-type=\"widget\" data-widget_type=\"image.default\">\n\t\t\t\t<div class=\"elementor-widget-container\">\n\t\t\t\t\t\t\t\t\t\t\t\t\t\t\t<img decoding=\"async\" src=\"https:\/\/swisswrestling.ch\/wp-content\/uploads\/elementor\/thumbs\/flag-of-france-qt0u0fpu2dmwdmtxc5dsto8olwuwu4hzmxr5f68stw.png\" title=\"Flag Of France\" alt=\"Flag Of France\" loading=\"lazy\" \/>\t\t\t\t\t\t\t\t\t\t\t\t\t\t\t<\/div>\n\t\t\t\t<\/div>\n\t\t\t\t<div class=\"elementor-element elementor-element-db87afd elementor-widget elementor-widget-text-editor\" data-id=\"db87afd\" data-element_type=\"widget\" data-e-type=\"widget\" data-widget_type=\"text-editor.default\">\n\t\t\t\t<div class=\"elementor-widget-container\">\n\t\t\t\t\t\t\t\t\t<p><strong>Livestream &#8211; Swiss Wrestling<\/strong><\/p>\n<p>Depuis fin ao\u00fbt 2024, Swiss Wrestling a un nouveau portail de livestream sous l&rsquo;adresse web <strong><span style=\"color: #0000ff\"><a style=\"color: #0000ff\" href=\"https:\/\/swisswrestling.tv\" target=\"_blank\" rel=\"noopener\">https:\/\/swisswrestling.tv<\/a><\/span><\/strong>.<\/p>\n<p>Pour ce faire, Swiss Wrestling a conclu une coop\u00e9ration avec Upstream Media AG.<br \/>\nUpstream Media est connu comme partenaire professionnel pour les services m\u00e9diatiques. <\/p>\n<p>Notre objectif est de pouvoir pr\u00e9senter tous les combats de la Premium League en direct avec une bonne qualit\u00e9.<br \/>\nDe m\u00eame, si les conditions locales le permettent, tous les championnats suisses et les tournois de lutte interr\u00e9gionaux seront retransmis en direct sur ce portail.<br \/>\nLes trois tapis seront diffus\u00e9s en streaming, y compris les suites des comp\u00e9titions.  <\/p>\n<ul>\n<li>L&rsquo;acc\u00e8s au livestream co\u00fbte 10.00 CHF par jour de tournoi pour les trois flux de tapis.<\/li>\n<li>Par combat d&rsquo;\u00e9quipe Premium League 11.00 CHF.<\/li>\n<li>Pour les combats de finale de la Premium League, les frais s&rsquo;\u00e9l\u00e8vent \u00e0 15.00 CHF par combat d&rsquo;\u00e9quipe.<\/li>\n<\/ul>\n<p>Les frais de la Premium League sont vers\u00e9s 1:1 aux clubs organisateurs, d\u00e9duction faite des frais occasionn\u00e9s !<\/p>\n\t\t\t\t\t\t\t\t<\/div>\n\t\t\t\t<\/div>\n\t\t\t\t\t<\/div>\n\t\t<\/div>\n\t\t\t\t\t<\/div>\n\t\t<\/section>\n\t\t\t\t<\/div>\n\t\t","protected":false},"excerpt":{"rendered":"<p>Livestream &#8211; Swiss Wrestling 2024 Livestream &#8211; Swiss Wrestling Depuis fin ao\u00fbt 2024, Swiss Wrestling a un nouveau portail de livestream sous l&rsquo;adresse web https:\/\/swisswrestling.tv. Pour ce faire, Swiss Wrestling a conclu une coop\u00e9ration avec Upstream Media AG. Upstream Media est connu comme un partenaire professionnel pour les services m\u00e9diatiques. Notre objectif est de pr\u00e9senter [&hellip;]<\/p>\n","protected":false},"author":13,"featured_media":0,"parent":9942,"menu_order":20,"comment_status":"closed","ping_status":"closed","template":"elementor_header_footer","meta":{"footnotes":""},"class_list":["post-9906","page","type-page","status-publish","hentry"],"_links":{"self":[{"href":"https:\/\/swisswrestling.ch\/fr\/wp-json\/wp\/v2\/pages\/9906","targetHints":{"allow":["GET"]}}],"collection":[{"href":"https:\/\/swisswrestling.ch\/fr\/wp-json\/wp\/v2\/pages"}],"about":[{"href":"https:\/\/swisswrestling.ch\/fr\/wp-json\/wp\/v2\/types\/page"}],"author":[{"embeddable":true,"href":"https:\/\/swisswrestling.ch\/fr\/wp-json\/wp\/v2\/users\/13"}],"replies":[{"embeddable":true,"href":"https:\/\/swisswrestling.ch\/fr\/wp-json\/wp\/v2\/comments?post=9906"}],"version-history":[{"count":5,"href":"https:\/\/swisswrestling.ch\/fr\/wp-json\/wp\/v2\/pages\/9906\/revisions"}],"predecessor-version":[{"id":20031,"href":"https:\/\/swisswrestling.ch\/fr\/wp-json\/wp\/v2\/pages\/9906\/revisions\/20031"}],"up":[{"embeddable":true,"href":"https:\/\/swisswrestling.ch\/fr\/wp-json\/wp\/v2\/pages\/9942"}],"wp:attachment":[{"href":"https:\/\/swisswrestling.ch\/fr\/wp-json\/wp\/v2\/media?parent=9906"}],"curies":[{"name":"wp","href":"https:\/\/api.w.org\/{rel}","templated":true}]}}