{"id":31790,"date":"2026-04-15T18:30:00","date_gmt":"2026-04-15T16:30:00","guid":{"rendered":"https:\/\/swisswrestling.ch\/?page_id=31790"},"modified":"2026-04-15T17:21:09","modified_gmt":"2026-04-15T15:21:09","slug":"accueil-des-champions","status":"publish","type":"page","link":"https:\/\/swisswrestling.ch\/fr\/accueil-des-champions\/","title":{"rendered":"Home of Champions"},"content":{"rendered":"\t\t<div data-elementor-type=\"wp-page\" data-elementor-id=\"31790\" class=\"elementor elementor-31790 elementor-31787\" data-elementor-post-type=\"page\">\n\t\t\t\t<div class=\"elementor-element elementor-element-824ff4a e-con-full e-flex e-con e-child\" data-id=\"824ff4a\" data-element_type=\"container\" data-e-type=\"container\" data-settings=\"{&quot;background_background&quot;:&quot;classic&quot;}\">\n\t\t\t\t<div class=\"elementor-element elementor-element-9d6d104 elementor-widget elementor-widget-image\" data-id=\"9d6d104\" data-element_type=\"widget\" data-e-type=\"widget\" data-widget_type=\"image.default\">\n\t\t\t\t<div class=\"elementor-widget-container\">\n\t\t\t\t\t\t\t\t\t\t\t\t\t\t\t<img fetchpriority=\"high\" decoding=\"async\" width=\"800\" height=\"191\" src=\"https:\/\/swisswrestling.ch\/wp-content\/uploads\/2026\/04\/Banner-FR-1-1024x244.png\" class=\"attachment-large size-large wp-image-31824\" alt=\"\" srcset=\"https:\/\/swisswrestling.ch\/wp-content\/uploads\/2026\/04\/Banner-FR-1-1024x244.png 1024w, https:\/\/swisswrestling.ch\/wp-content\/uploads\/2026\/04\/Banner-FR-1-300x72.png 300w, https:\/\/swisswrestling.ch\/wp-content\/uploads\/2026\/04\/Banner-FR-1-768x183.png 768w, https:\/\/swisswrestling.ch\/wp-content\/uploads\/2026\/04\/Banner-FR-1-1536x366.png 1536w, https:\/\/swisswrestling.ch\/wp-content\/uploads\/2026\/04\/Banner-FR-1-2048x488.png 2048w\" sizes=\"(max-width: 800px) 100vw, 800px\" \/>\t\t\t\t\t\t\t\t\t\t\t\t\t\t\t<\/div>\n\t\t\t\t<\/div>\n\t\t\t\t<div class=\"elementor-element elementor-element-73d327c elementor-widget elementor-widget-heading\" data-id=\"73d327c\" data-element_type=\"widget\" data-e-type=\"widget\" data-widget_type=\"heading.default\">\n\t\t\t\t<div class=\"elementor-widget-container\">\n\t\t\t\t\t<h4 class=\"elementor-heading-title elementor-size-default\">Inspirer la jeunesse. Renforcer les clubs. Gagner l'avenir !<\/h4>\t\t\t\t<\/div>\n\t\t\t\t<\/div>\n\t\t\t\t<div class=\"elementor-element elementor-element-2734a72 elementor-widget elementor-widget-text-editor\" data-id=\"2734a72\" data-element_type=\"widget\" data-e-type=\"widget\" data-widget_type=\"text-editor.default\">\n\t\t\t\t<div class=\"elementor-widget-container\">\n\t\t\t\t\t\t\t\t\t<p>C&rsquo;est sous cette devise que Swiss Wrestling poursuit son objectif : ancrer davantage la lutte en Suisse et cr\u00e9er une base solide et durable pour l&rsquo;avenir.<\/p><p>Le nouveau projet de sport de masse <a href=\"https:\/\/swisswrestling.ch\/wp-content\/uploads\/2025\/10\/Home-Of-Champions-SWFE_2025_FR.pdf\" target=\"_blank\" rel=\"noopener\"><b>\u00abHome of Champions\u00bb<\/b><\/a> met l\u2019accent sur le recrutement de jeunes talents, le d\u00e9veloppement \u00e0 long terme des clubs ainsi que sur des programmes scolaires tels que <a href=\"https:\/\/www.schulebewegt.ch\/fr\" target=\"_blank\" rel=\"noopener\"><b>\u00abL&rsquo;\u00e9cole bouge\u00bb<\/b><\/a>.<\/p><p>Le soutien aux clubs est au c\u0153ur de cette d\u00e9marche : ceux-ci b\u00e9n\u00e9ficient d\u2019un accompagnement cibl\u00e9 pour mettre en place une strat\u00e9gie de formation des jeunes et de d\u00e9veloppement du club adapt\u00e9e \u00e0 leurs besoins, Renforcer les clubs et accro\u00eetre leur attractivit\u00e9 aupr\u00e8s des enfants, des adolescents et des familles.<\/p><p>Gr\u00e2ce \u00e0 des mesures qui ont fait leurs preuves, \u00e0 des actions communes et \u00e0 une pr\u00e9sence r\u00e9gionale renforc\u00e9e, l\u2019objectif est d\u2019inspirer davantage la jeunesse pour la lutte et de la fid\u00e9liser \u00e0 long terme au sein des clubs. Parall\u00e8lement, la collaboration entre la f\u00e9d\u00e9ration et les clubs sera intensifi\u00e9e afin d\u2019exploiter les synergies et de d\u00e9velopper ensemble ce sport.<\/p><p style=\"text-align: center\"><em><strong>Pas \u00e0 pas vers des fondations solides \u2013 pour des clubs performants, une f\u00e9d\u00e9ration forte et les champions de demain !<\/strong><\/em><\/p>\t\t\t\t\t\t\t\t<\/div>\n\t\t\t\t<\/div>\n\t\t<div class=\"elementor-element elementor-element-70ec601 e-grid e-con-boxed e-con e-child\" data-id=\"70ec601\" data-element_type=\"container\" data-e-type=\"container\">\n\t\t\t\t\t<div class=\"e-con-inner\">\n\t\t\t\t<div class=\"elementor-element elementor-element-37c4d05 elementor-widget elementor-widget-text-editor\" data-id=\"37c4d05\" data-element_type=\"widget\" data-e-type=\"widget\" data-widget_type=\"text-editor.default\">\n\t\t\t\t<div class=\"elementor-widget-container\">\n\t\t\t\t\t\t\t\t\t<h5>\u00a0<\/h5><h5><em><strong>De nouvelles places sont disponibles \u2013 saisissez cette opportunit\u00e9 d\u00e8s maintenant !<\/strong><\/em><\/h5><p>Outre le projet pilote initial de la RR Schattdorf, deux autres clubs, la RRTV Weinfelden et la RS Sense, se sont lanc\u00e9s \u00e0 la fin de l&rsquo;ann\u00e9e derni\u00e8re. Ils d\u00e9veloppent leurs projets individuels avec beaucoup d&rsquo;enthousiasme et prendront bient\u00f4t leurs premi\u00e8res mesures. \u00abHome of Champions\u00bb passe d\u00e9sormais \u00e0 la vitesse sup\u00e9rieure :<\/p><p><em><strong>de nouvelles places sont \u00e0 pourvoir pour les clubs int\u00e9ress\u00e9s !<\/strong><\/em><\/p><p>Contactez Sven Gamma et rejoignez ce projet d&rsquo;avenir \u2013 une occasion unique de d\u00e9velopper durablement votre propre club !<\/p><p>Contact :<br \/><em><strong>Sven Gamma<br \/><\/strong><\/em><a href=\"mailto:champions@mail.swisswrestling.ch\"><u><strong>champions@mail.swisswrestling.ch<\/strong><\/u><\/a><\/p>\t\t\t\t\t\t\t\t<\/div>\n\t\t\t\t<\/div>\n\t\t\t\t<div class=\"elementor-element elementor-element-aaa7f97 elementor-widget elementor-widget-image\" data-id=\"aaa7f97\" data-element_type=\"widget\" data-e-type=\"widget\" data-widget_type=\"image.default\">\n\t\t\t\t<div class=\"elementor-widget-container\">\n\t\t\t\t\t\t\t\t\t\t\t\t\t\t\t<img decoding=\"async\" width=\"800\" height=\"1000\" src=\"https:\/\/swisswrestling.ch\/wp-content\/uploads\/2026\/04\/neue-Startplaetze-frei-819x1024.png\" class=\"attachment-large size-large wp-image-31813\" alt=\"\" srcset=\"https:\/\/swisswrestling.ch\/wp-content\/uploads\/2026\/04\/neue-Startplaetze-frei-819x1024.png 819w, https:\/\/swisswrestling.ch\/wp-content\/uploads\/2026\/04\/neue-Startplaetze-frei-240x300.png 240w, https:\/\/swisswrestling.ch\/wp-content\/uploads\/2026\/04\/neue-Startplaetze-frei-768x960.png 768w, https:\/\/swisswrestling.ch\/wp-content\/uploads\/2026\/04\/neue-Startplaetze-frei.png 1080w\" sizes=\"(max-width: 800px) 100vw, 800px\" \/>\t\t\t\t\t\t\t\t\t\t\t\t\t\t\t<\/div>\n\t\t\t\t<\/div>\n\t\t\t\t\t<\/div>\n\t\t\t\t<\/div>\n\t\t\t\t<div class=\"elementor-element elementor-element-f5a9408 elementor-widget elementor-widget-video\" data-id=\"f5a9408\" data-element_type=\"widget\" data-e-type=\"widget\" data-settings=\"{&quot;video_type&quot;:&quot;hosted&quot;,&quot;controls&quot;:&quot;yes&quot;}\" data-widget_type=\"video.default\">\n\t\t\t\t<div class=\"elementor-widget-container\">\n\t\t\t\t\t\t\t<div class=\"e-hosted-video elementor-wrapper elementor-open-inline\">\n\t\t\t\t\t<video class=\"elementor-video\" src=\"https:\/\/swisswrestling.ch\/wp-content\/uploads\/2026\/04\/Video-Projektpraesentation-FR-2.mp4\" controls=\"\" preload=\"metadata\" controlsList=\"nodownload\"><\/video>\n\t\t\t\t<\/div>\n\t\t\t\t\t\t<\/div>\n\t\t\t\t<\/div>\n\t\t<div class=\"elementor-element elementor-element-c884ea2 e-grid e-con-boxed e-con e-child\" data-id=\"c884ea2\" data-element_type=\"container\" data-e-type=\"container\">\n\t\t\t\t\t<div class=\"e-con-inner\">\n\t\t\t\t<div class=\"elementor-element elementor-element-780342d elementor-widget elementor-widget-image\" data-id=\"780342d\" data-element_type=\"widget\" data-e-type=\"widget\" data-widget_type=\"image.default\">\n\t\t\t\t<div class=\"elementor-widget-container\">\n\t\t\t\t\t\t\t\t\t\t\t\t\t\t\t<img decoding=\"async\" width=\"724\" height=\"1024\" src=\"https:\/\/swisswrestling.ch\/wp-content\/uploads\/2026\/04\/FR-VisualGuide-HomeOfChampions-1-724x1024.jpg\" class=\"attachment-large size-large wp-image-31828\" alt=\"\" srcset=\"https:\/\/swisswrestling.ch\/wp-content\/uploads\/2026\/04\/FR-VisualGuide-HomeOfChampions-1-724x1024.jpg 724w, https:\/\/swisswrestling.ch\/wp-content\/uploads\/2026\/04\/FR-VisualGuide-HomeOfChampions-1-212x300.jpg 212w, https:\/\/swisswrestling.ch\/wp-content\/uploads\/2026\/04\/FR-VisualGuide-HomeOfChampions-1-768x1086.jpg 768w, https:\/\/swisswrestling.ch\/wp-content\/uploads\/2026\/04\/FR-VisualGuide-HomeOfChampions-1-1086x1536.jpg 1086w, https:\/\/swisswrestling.ch\/wp-content\/uploads\/2026\/04\/FR-VisualGuide-HomeOfChampions-1-1448x2048.jpg 1448w, https:\/\/swisswrestling.ch\/wp-content\/uploads\/2026\/04\/FR-VisualGuide-HomeOfChampions-1-scaled.jpg 1810w\" sizes=\"(max-width: 724px) 100vw, 724px\" \/>\t\t\t\t\t\t\t\t\t\t\t\t\t\t\t<\/div>\n\t\t\t\t<\/div>\n\t\t\t\t<div class=\"elementor-element elementor-element-275988f elementor-widget elementor-widget-image\" data-id=\"275988f\" data-element_type=\"widget\" data-e-type=\"widget\" data-widget_type=\"image.default\">\n\t\t\t\t<div class=\"elementor-widget-container\">\n\t\t\t\t\t\t\t\t\t\t\t\t\t\t\t<img loading=\"lazy\" decoding=\"async\" width=\"727\" height=\"1024\" src=\"https:\/\/swisswrestling.ch\/wp-content\/uploads\/2026\/04\/Grafik-Wirkungsmodell-FR-1-727x1024.png\" class=\"attachment-large size-large wp-image-31827\" alt=\"\" srcset=\"https:\/\/swisswrestling.ch\/wp-content\/uploads\/2026\/04\/Grafik-Wirkungsmodell-FR-1-727x1024.png 727w, https:\/\/swisswrestling.ch\/wp-content\/uploads\/2026\/04\/Grafik-Wirkungsmodell-FR-1-213x300.png 213w, https:\/\/swisswrestling.ch\/wp-content\/uploads\/2026\/04\/Grafik-Wirkungsmodell-FR-1-768x1082.png 768w, https:\/\/swisswrestling.ch\/wp-content\/uploads\/2026\/04\/Grafik-Wirkungsmodell-FR-1-1090x1536.png 1090w, https:\/\/swisswrestling.ch\/wp-content\/uploads\/2026\/04\/Grafik-Wirkungsmodell-FR-1.png 1419w\" sizes=\"(max-width: 727px) 100vw, 727px\" \/>\t\t\t\t\t\t\t\t\t\t\t\t\t\t\t<\/div>\n\t\t\t\t<\/div>\n\t\t\t\t\t<\/div>\n\t\t\t\t<\/div>\n\t\t\t\t<div class=\"elementor-element elementor-element-6f19536 elementor-widget elementor-widget-wpmf_pdf_embed\" data-id=\"6f19536\" data-element_type=\"widget\" data-e-type=\"widget\" data-widget_type=\"wpmf_pdf_embed.default\">\n\t\t\t\t<div class=\"elementor-widget-container\">\n\t\t\t\t\t<div><iframe width=\"100%\" height=\"800\" src=\"https:\/\/swisswrestling.ch\/wp-content\/plugins\/wp-media-folder\/class\/templates\/pdf-embed.php?file=https%3A%2F%2Fswisswrestling.ch%2Fwp-content%2Fuploads%2F2025%2F10%2FHome-Of-Champions-SWFE_2025_FR.pdf&#038;plugins_url=https%3A%2F%2Fswisswrestling.ch%2Fwp-content%2Fplugins%2Fwp-media-folder%2F\" title=\"Embedded PDF\" class=\"wpmf-pdfjs-iframe\"><\/iframe><\/div>\t\t\t\t<\/div>\n\t\t\t\t<\/div>\n\t\t\t\t<\/div>\n\t\t\t\t<\/div>\n\t\t","protected":false},"excerpt":{"rendered":"<p>Inspirer la jeunesse. Renforcer les clubs. Gagner l&rsquo;avenir ! C&rsquo;est sous cette devise que Swiss Wrestling poursuit son objectif : ancrer davantage la lutte en Suisse et cr\u00e9er une base solide et durable pour l&rsquo;avenir. Le nouveau projet de sport de masse \u00abHome of Champions\u00bb met l\u2019accent sur le recrutement de jeunes talents, le d\u00e9veloppement [&hellip;]<\/p>\n","protected":false},"author":19,"featured_media":31793,"parent":0,"menu_order":0,"comment_status":"closed","ping_status":"closed","template":"","meta":{"footnotes":""},"class_list":["post-31790","page","type-page","status-publish","has-post-thumbnail","hentry"],"_links":{"self":[{"href":"https:\/\/swisswrestling.ch\/fr\/wp-json\/wp\/v2\/pages\/31790","targetHints":{"allow":["GET"]}}],"collection":[{"href":"https:\/\/swisswrestling.ch\/fr\/wp-json\/wp\/v2\/pages"}],"about":[{"href":"https:\/\/swisswrestling.ch\/fr\/wp-json\/wp\/v2\/types\/page"}],"author":[{"embeddable":true,"href":"https:\/\/swisswrestling.ch\/fr\/wp-json\/wp\/v2\/users\/19"}],"replies":[{"embeddable":true,"href":"https:\/\/swisswrestling.ch\/fr\/wp-json\/wp\/v2\/comments?post=31790"}],"version-history":[{"count":11,"href":"https:\/\/swisswrestling.ch\/fr\/wp-json\/wp\/v2\/pages\/31790\/revisions"}],"predecessor-version":[{"id":31837,"href":"https:\/\/swisswrestling.ch\/fr\/wp-json\/wp\/v2\/pages\/31790\/revisions\/31837"}],"wp:featuredmedia":[{"embeddable":true,"href":"https:\/\/swisswrestling.ch\/fr\/wp-json\/wp\/v2\/media\/31793"}],"wp:attachment":[{"href":"https:\/\/swisswrestling.ch\/fr\/wp-json\/wp\/v2\/media?parent=31790"}],"curies":[{"name":"wp","href":"https:\/\/api.w.org\/{rel}","templated":true}]}}