{"id":28540,"date":"2025-04-10T15:04:45","date_gmt":"2025-04-10T13:04:45","guid":{"rendered":"https:\/\/swisswrestling.ch\/planificateur-dentrainement\/"},"modified":"2025-10-21T17:08:38","modified_gmt":"2025-10-21T15:08:38","slug":"planificateur-dentrainement","status":"publish","type":"page","link":"https:\/\/swisswrestling.ch\/fr\/planificateur-dentrainement\/","title":{"rendered":"Planificateur d&rsquo;entra\u00eenement"},"content":{"rendered":"\t\t<div data-elementor-type=\"wp-page\" data-elementor-id=\"28540\" class=\"elementor elementor-28540 elementor-25209\" data-elementor-post-type=\"page\">\n\t\t\t\t<div class=\"elementor-element elementor-element-5a426912 e-flex e-con-boxed e-con e-parent\" data-id=\"5a426912\" data-element_type=\"container\" data-e-type=\"container\">\n\t\t\t\t\t<div class=\"e-con-inner\">\n\t\t<div class=\"elementor-element elementor-element-934a26e e-con-full e-flex e-con e-child\" data-id=\"934a26e\" data-element_type=\"container\" data-e-type=\"container\" data-settings=\"{&quot;background_background&quot;:&quot;classic&quot;}\">\n\t\t\t\t<div class=\"elementor-element elementor-element-44818d2 elementor-widget elementor-widget-heading\" data-id=\"44818d2\" data-element_type=\"widget\" data-e-type=\"widget\" data-widget_type=\"heading.default\">\n\t\t\t\t<div class=\"elementor-widget-container\">\n\t\t\t\t\t<h2 class=\"elementor-heading-title elementor-size-default\">Planificateur d'entra\u00eenement : Lutte<\/h2>\t\t\t\t<\/div>\n\t\t\t\t<\/div>\n\t\t\t\t<div class=\"elementor-element elementor-element-f594512 elementor-widget elementor-widget-image\" data-id=\"f594512\" data-element_type=\"widget\" data-e-type=\"widget\" data-widget_type=\"image.default\">\n\t\t\t\t<div class=\"elementor-widget-container\">\n\t\t\t\t\t\t\t\t\t\t\t\t<figure class=\"wp-caption\">\n\t\t\t\t\t\t\t\t\t\t<img fetchpriority=\"high\" decoding=\"async\" width=\"800\" height=\"534\" src=\"https:\/\/swisswrestling.ch\/wp-content\/uploads\/2025\/04\/Titel_Trainingsplaner_2025-1024x683.jpg\" class=\"attachment-large size-large wp-image-25214\" alt=\"\" srcset=\"https:\/\/swisswrestling.ch\/wp-content\/uploads\/2025\/04\/Titel_Trainingsplaner_2025-1024x683.jpg 1024w, https:\/\/swisswrestling.ch\/wp-content\/uploads\/2025\/04\/Titel_Trainingsplaner_2025-300x200.jpg 300w, https:\/\/swisswrestling.ch\/wp-content\/uploads\/2025\/04\/Titel_Trainingsplaner_2025-768x512.jpg 768w, https:\/\/swisswrestling.ch\/wp-content\/uploads\/2025\/04\/Titel_Trainingsplaner_2025-1536x1024.jpg 1536w, https:\/\/swisswrestling.ch\/wp-content\/uploads\/2025\/04\/Titel_Trainingsplaner_2025-2048x1365.jpg 2048w\" sizes=\"(max-width: 800px) 100vw, 800px\" \/>\t\t\t\t\t\t\t\t\t\t\t<figcaption class=\"widget-image-caption wp-caption-text\">Photos : OFSPO \/ Ueli K\u00e4nzig<\/figcaption>\n\t\t\t\t\t\t\t\t\t\t<\/figure>\n\t\t\t\t\t\t\t\t\t<\/div>\n\t\t\t\t<\/div>\n\t\t\t\t<div class=\"elementor-element elementor-element-bc5b574 elementor-widget elementor-widget-text-editor\" data-id=\"bc5b574\" data-element_type=\"widget\" data-e-type=\"widget\" data-widget_type=\"text-editor.default\">\n\t\t\t\t<div class=\"elementor-widget-container\">\n\t\t\t\t\t\t\t\t\t<p>Le site <a href=\"https:\/\/trainingsplaner.swisswrestling.ch\/\"><strong>Planificateur d&rsquo;entra\u00eenement : Lutte<\/strong><\/a> soutient les moniteurs dans leur travail quotidien sur et en dehors du tapis.<\/p><p>Les objectifs et la planification de la formation selon les <a href=\"https:\/\/swisswrestling.ch\/leistungssport\/\"><strong>phases de la FTEM<\/strong><\/a> et les cat\u00e9gories d&rsquo;\u00e2ge de la <a href=\"https:\/\/swisswrestling.ch\/fr\/\"><strong>F\u00e9d\u00e9ration suisse de lutte (SWFE)<\/strong><\/a> sont ainsi possibles gratuitement pour tous les clubs et leurs groupes d&rsquo;entra\u00eenement.<\/p><p>Les moniteurs disposent notamment de formes d&rsquo;entra\u00eenement vari\u00e9es et de mod\u00e8les d&rsquo;entra\u00eenement adapt\u00e9s \u00e0 l&rsquo;\u00e2ge et \u00e0 la performance pour les U9 (F1), les U12 (F2) et les U15 (F3), mais aussi d&rsquo;outils pour planifier des blocs ou des cycles d&rsquo;entra\u00eenement complets.<\/p><p>L&rsquo;application permet d&rsquo;\u00e9lever l&rsquo;entra\u00eenement des enfants et des \u00e9coliers au sein de toutes les organisations de SWFE \u00e0 un niveau standardis\u00e9, scientifiquement fond\u00e9 et bas\u00e9 sur l&rsquo;interd\u00e9pendance, qui est en tous points conforme aux directives de <a href=\"https:\/\/www.swissolympic.ch\"><strong>Swiss Olympic (SO)<\/strong><\/a> et de <a href=\"https:\/\/www.jugendundsport.ch\/de\/ringen\" data-wplink-edit=\"true\"><strong>Jeunesse et Sport (J+S)<\/strong><\/a> tout en maintenant au centre les \u00e9l\u00e9ments n\u00e9cessaires sp\u00e9cifiques \u00e0 la discipline sportive, conform\u00e9ment aux analyses actuelles des niveaux mondiaux.<\/p><p>L&rsquo;application vise avant tout \u00e0 aider les moniteurs b\u00e9n\u00e9voles des clubs \u00e0 planifier leurs cours de mani\u00e8re cr\u00e9ative et adapt\u00e9e au public cible, \u00e0 gagner du temps tout en ayant la certitude de proposer une formation vari\u00e9e et professionnelle.<\/p><p>En outre, les entra\u00eenements des \u00e9coliers du CRP pour les U15 au niveau T1-2 peuvent \u00e9galement \u00eatre planifi\u00e9s via l&rsquo;application. Ainsi, les contenus des entra\u00eenements des moniteurs des CRP sont directement li\u00e9s aux contenus des entra\u00eenements des clubs. <\/p><p>Au total, 800 formes d&rsquo;entra\u00eenement g\u00e9n\u00e9rales et sp\u00e9cifiques sont donc disponibles pour quatre cat\u00e9gories d&rsquo;\u00e2ge et de niveau. Chacune d&rsquo;entre elles est compos\u00e9e d&rsquo;un titre, d&rsquo;une image de couverture, d&rsquo;une description de l&rsquo;exercice, d&rsquo;un exemple de vid\u00e9o et de deux formes d&rsquo;augmentation afin d&rsquo;adapter l&rsquo;exercice au niveau des participants. <\/p><p><em>La date de publication vis\u00e9e pour la version DE est janvier 2026, la version FR devrait suivre d&rsquo;ici juin 2026.<\/em><\/p>\t\t\t\t\t\t\t\t<\/div>\n\t\t\t\t<\/div>\n\t\t\t\t<div class=\"elementor-element elementor-element-ca1a7c5 elementor-align-justify elementor-widget elementor-widget-button\" data-id=\"ca1a7c5\" data-element_type=\"widget\" data-e-type=\"widget\" data-widget_type=\"button.default\">\n\t\t\t\t<div class=\"elementor-widget-container\">\n\t\t\t\t\t\t\t\t\t<div class=\"elementor-button-wrapper\">\n\t\t\t\t\t<a class=\"elementor-button elementor-button-link elementor-size-sm\" href=\"https:\/\/trainingsplaner.swisswrestling.ch\/\">\n\t\t\t\t\t\t<span class=\"elementor-button-content-wrapper\">\n\t\t\t\t\t\t\t\t\t<span class=\"elementor-button-text\">Login planificateur d'entra\u00eenement Lutte<\/span>\n\t\t\t\t\t<\/span>\n\t\t\t\t\t<\/a>\n\t\t\t\t<\/div>\n\t\t\t\t\t\t\t\t<\/div>\n\t\t\t\t<\/div>\n\t\t\t\t<div class=\"elementor-element elementor-element-46a419f elementor-widget elementor-widget-gallery\" data-id=\"46a419f\" data-element_type=\"widget\" data-e-type=\"widget\" data-settings=\"{&quot;columns&quot;:&quot;5&quot;,&quot;lazyload&quot;:&quot;yes&quot;,&quot;gallery_layout&quot;:&quot;grid&quot;,&quot;columns_tablet&quot;:2,&quot;columns_mobile&quot;:1,&quot;gap&quot;:{&quot;unit&quot;:&quot;px&quot;,&quot;size&quot;:10,&quot;sizes&quot;:[]},&quot;gap_tablet&quot;:{&quot;unit&quot;:&quot;px&quot;,&quot;size&quot;:10,&quot;sizes&quot;:[]},&quot;gap_mobile&quot;:{&quot;unit&quot;:&quot;px&quot;,&quot;size&quot;:10,&quot;sizes&quot;:[]},&quot;link_to&quot;:&quot;file&quot;,&quot;aspect_ratio&quot;:&quot;3:2&quot;,&quot;overlay_background&quot;:&quot;yes&quot;,&quot;content_hover_animation&quot;:&quot;fade-in&quot;}\" data-widget_type=\"gallery.default\">\n\t\t\t\t<div class=\"elementor-widget-container\">\n\t\t\t\t\t\t\t<div class=\"elementor-gallery__container\">\n\t\t\t\t\t\t\t<a class=\"e-gallery-item elementor-gallery-item elementor-animated-content\" href=\"https:\/\/swisswrestling.ch\/wp-content\/uploads\/2025\/04\/Trainingsplaner_Gallery_2025-4-scaled.jpg\" data-elementor-open-lightbox=\"yes\" data-elementor-lightbox-slideshow=\"46a419f\" data-elementor-lightbox-title=\"Lutte\" data-e-action-hash=\"#elementor-action%3Aaction%3Dlightbox%26settings%3DeyJpZCI6MjUyMTYsInVybCI6Imh0dHBzOlwvXC9zd2lzc3dyZXN0bGluZy5jaFwvd3AtY29udGVudFwvdXBsb2Fkc1wvMjAyNVwvMDRcL1RyYWluaW5nc3BsYW5lcl9HYWxsZXJ5XzIwMjUtNC1zY2FsZWQuanBnIiwic2xpZGVzaG93IjoiNDZhNDE5ZiJ9\">\n\t\t\t\t\t<div class=\"e-gallery-image elementor-gallery-item__image\" data-thumbnail=\"https:\/\/swisswrestling.ch\/wp-content\/uploads\/2025\/04\/Trainingsplaner_Gallery_2025-4-1024x683.jpg\" data-width=\"800\" data-height=\"534\" aria-label=\"\" role=\"img\" ><\/div>\n\t\t\t\t\t\t\t\t\t\t\t<div class=\"elementor-gallery-item__overlay\"><\/div>\n\t\t\t\t\t\t\t\t\t\t\t\t\t\t<\/a>\n\t\t\t\t\t\t\t<a class=\"e-gallery-item elementor-gallery-item elementor-animated-content\" href=\"https:\/\/swisswrestling.ch\/wp-content\/uploads\/2025\/04\/Trainingsplaner_Gallery_2025-3-scaled.jpg\" data-elementor-open-lightbox=\"yes\" data-elementor-lightbox-slideshow=\"46a419f\" data-elementor-lightbox-title=\"Lutte\" data-e-action-hash=\"#elementor-action%3Aaction%3Dlightbox%26settings%3DeyJpZCI6MjUyMjAsInVybCI6Imh0dHBzOlwvXC9zd2lzc3dyZXN0bGluZy5jaFwvd3AtY29udGVudFwvdXBsb2Fkc1wvMjAyNVwvMDRcL1RyYWluaW5nc3BsYW5lcl9HYWxsZXJ5XzIwMjUtMy1zY2FsZWQuanBnIiwic2xpZGVzaG93IjoiNDZhNDE5ZiJ9\">\n\t\t\t\t\t<div class=\"e-gallery-image elementor-gallery-item__image\" data-thumbnail=\"https:\/\/swisswrestling.ch\/wp-content\/uploads\/2025\/04\/Trainingsplaner_Gallery_2025-3-1024x683.jpg\" data-width=\"800\" data-height=\"534\" aria-label=\"\" role=\"img\" ><\/div>\n\t\t\t\t\t\t\t\t\t\t\t<div class=\"elementor-gallery-item__overlay\"><\/div>\n\t\t\t\t\t\t\t\t\t\t\t\t\t\t<\/a>\n\t\t\t\t\t\t\t<a class=\"e-gallery-item elementor-gallery-item elementor-animated-content\" href=\"https:\/\/swisswrestling.ch\/wp-content\/uploads\/2025\/04\/Trainingsplaner_Gallery_2025-1-scaled.jpg\" data-elementor-open-lightbox=\"yes\" data-elementor-lightbox-slideshow=\"46a419f\" data-elementor-lightbox-title=\"Lutte\" data-e-action-hash=\"#elementor-action%3Aaction%3Dlightbox%26settings%3DeyJpZCI6MjUyMTgsInVybCI6Imh0dHBzOlwvXC9zd2lzc3dyZXN0bGluZy5jaFwvd3AtY29udGVudFwvdXBsb2Fkc1wvMjAyNVwvMDRcL1RyYWluaW5nc3BsYW5lcl9HYWxsZXJ5XzIwMjUtMS1zY2FsZWQuanBnIiwic2xpZGVzaG93IjoiNDZhNDE5ZiJ9\">\n\t\t\t\t\t<div class=\"e-gallery-image elementor-gallery-item__image\" data-thumbnail=\"https:\/\/swisswrestling.ch\/wp-content\/uploads\/2025\/04\/Trainingsplaner_Gallery_2025-1-1024x683.jpg\" data-width=\"800\" data-height=\"534\" aria-label=\"\" role=\"img\" ><\/div>\n\t\t\t\t\t\t\t\t\t\t\t<div class=\"elementor-gallery-item__overlay\"><\/div>\n\t\t\t\t\t\t\t\t\t\t\t\t\t\t<\/a>\n\t\t\t\t\t\t\t<a class=\"e-gallery-item elementor-gallery-item elementor-animated-content\" href=\"https:\/\/swisswrestling.ch\/wp-content\/uploads\/2025\/04\/Trainingsplaner_Gallery_2025-5-scaled.jpg\" data-elementor-open-lightbox=\"yes\" data-elementor-lightbox-slideshow=\"46a419f\" data-elementor-lightbox-title=\"Lutte\" data-e-action-hash=\"#elementor-action%3Aaction%3Dlightbox%26settings%3DeyJpZCI6MjUyMjQsInVybCI6Imh0dHBzOlwvXC9zd2lzc3dyZXN0bGluZy5jaFwvd3AtY29udGVudFwvdXBsb2Fkc1wvMjAyNVwvMDRcL1RyYWluaW5nc3BsYW5lcl9HYWxsZXJ5XzIwMjUtNS1zY2FsZWQuanBnIiwic2xpZGVzaG93IjoiNDZhNDE5ZiJ9\">\n\t\t\t\t\t<div class=\"e-gallery-image elementor-gallery-item__image\" data-thumbnail=\"https:\/\/swisswrestling.ch\/wp-content\/uploads\/2025\/04\/Trainingsplaner_Gallery_2025-5-1024x683.jpg\" data-width=\"800\" data-height=\"534\" aria-label=\"\" role=\"img\" ><\/div>\n\t\t\t\t\t\t\t\t\t\t\t<div class=\"elementor-gallery-item__overlay\"><\/div>\n\t\t\t\t\t\t\t\t\t\t\t\t\t\t<\/a>\n\t\t\t\t\t\t\t<a class=\"e-gallery-item elementor-gallery-item elementor-animated-content\" href=\"https:\/\/swisswrestling.ch\/wp-content\/uploads\/2025\/04\/Trainingsplaner_Gallery_2025-2-scaled.jpg\" data-elementor-open-lightbox=\"yes\" data-elementor-lightbox-slideshow=\"46a419f\" data-elementor-lightbox-title=\"Lutte\" data-e-action-hash=\"#elementor-action%3Aaction%3Dlightbox%26settings%3DeyJpZCI6MjUyMjIsInVybCI6Imh0dHBzOlwvXC9zd2lzc3dyZXN0bGluZy5jaFwvd3AtY29udGVudFwvdXBsb2Fkc1wvMjAyNVwvMDRcL1RyYWluaW5nc3BsYW5lcl9HYWxsZXJ5XzIwMjUtMi1zY2FsZWQuanBnIiwic2xpZGVzaG93IjoiNDZhNDE5ZiJ9\">\n\t\t\t\t\t<div class=\"e-gallery-image elementor-gallery-item__image\" data-thumbnail=\"https:\/\/swisswrestling.ch\/wp-content\/uploads\/2025\/04\/Trainingsplaner_Gallery_2025-2-1024x683.jpg\" data-width=\"800\" data-height=\"534\" aria-label=\"\" role=\"img\" ><\/div>\n\t\t\t\t\t\t\t\t\t\t\t<div class=\"elementor-gallery-item__overlay\"><\/div>\n\t\t\t\t\t\t\t\t\t\t\t\t\t\t<\/a>\n\t\t\t\t\t<\/div>\n\t\t\t\t\t<\/div>\n\t\t\t\t<\/div>\n\t\t\t\t<\/div>\n\t\t\t\t\t<\/div>\n\t\t\t\t<\/div>\n\t\t\t\t<\/div>\n\t\t","protected":false},"excerpt":{"rendered":"<p>Planificateur d&rsquo;entra\u00eenement : Lutte Photos : OFSPO \/ Ueli K\u00e4nzig Le site Planificateur d&rsquo;entra\u00eenement : Lutte soutient les moniteurs dans leur travail quotidien sur et en dehors du tapis. Les objectifs et la planification de la formation selon les phases de la FTEM et les cat\u00e9gories d&rsquo;\u00e2ge de la F\u00e9d\u00e9ration suisse de lutte (SWFE) sont [&hellip;]<\/p>\n","protected":false},"author":19,"featured_media":0,"parent":0,"menu_order":30,"comment_status":"closed","ping_status":"closed","template":"","meta":{"footnotes":""},"class_list":["post-28540","page","type-page","status-publish","hentry"],"_links":{"self":[{"href":"https:\/\/swisswrestling.ch\/fr\/wp-json\/wp\/v2\/pages\/28540","targetHints":{"allow":["GET"]}}],"collection":[{"href":"https:\/\/swisswrestling.ch\/fr\/wp-json\/wp\/v2\/pages"}],"about":[{"href":"https:\/\/swisswrestling.ch\/fr\/wp-json\/wp\/v2\/types\/page"}],"author":[{"embeddable":true,"href":"https:\/\/swisswrestling.ch\/fr\/wp-json\/wp\/v2\/users\/19"}],"replies":[{"embeddable":true,"href":"https:\/\/swisswrestling.ch\/fr\/wp-json\/wp\/v2\/comments?post=28540"}],"version-history":[{"count":12,"href":"https:\/\/swisswrestling.ch\/fr\/wp-json\/wp\/v2\/pages\/28540\/revisions"}],"predecessor-version":[{"id":28929,"href":"https:\/\/swisswrestling.ch\/fr\/wp-json\/wp\/v2\/pages\/28540\/revisions\/28929"}],"wp:attachment":[{"href":"https:\/\/swisswrestling.ch\/fr\/wp-json\/wp\/v2\/media?parent=28540"}],"curies":[{"name":"wp","href":"https:\/\/api.w.org\/{rel}","templated":true}]}}