{"id":28536,"date":"2024-08-08T08:45:53","date_gmt":"2024-08-08T06:45:53","guid":{"rendered":"https:\/\/swisswrestling.ch\/sport-de-competition-et-de-haut-niveau\/"},"modified":"2025-10-21T17:08:30","modified_gmt":"2025-10-21T15:08:30","slug":"sport-de-competition-et-de-haut-niveau","status":"publish","type":"page","link":"https:\/\/swisswrestling.ch\/fr\/sport-de-competition-et-de-haut-niveau\/","title":{"rendered":"Sport de comp\u00e9tition et d&rsquo;\u00e9lite"},"content":{"rendered":"\t\t<div data-elementor-type=\"wp-page\" data-elementor-id=\"28536\" class=\"elementor elementor-28536 elementor-19059\" data-elementor-post-type=\"page\">\n\t\t\t\t<div class=\"elementor-element elementor-element-e064663 e-flex e-con-boxed e-con e-parent\" data-id=\"e064663\" data-element_type=\"container\" data-e-type=\"container\" data-settings=\"{&quot;background_background&quot;:&quot;classic&quot;}\">\n\t\t\t\t\t<div class=\"e-con-inner\">\n\t\t<div class=\"elementor-element elementor-element-f163844 e-con-full e-flex e-con e-child\" data-id=\"f163844\" data-element_type=\"container\" data-e-type=\"container\" data-settings=\"{&quot;background_background&quot;:&quot;classic&quot;}\">\n\t\t\t\t<div class=\"elementor-element elementor-element-8583471 elementor-widget elementor-widget-heading\" data-id=\"8583471\" data-element_type=\"widget\" data-e-type=\"widget\" data-widget_type=\"heading.default\">\n\t\t\t\t<div class=\"elementor-widget-container\">\n\t\t\t\t\t<h2 class=\"elementor-heading-title elementor-size-default\">SPORT DE PERFORMANCE &amp; D'\u00c9LITE<\/h2>\t\t\t\t<\/div>\n\t\t\t\t<\/div>\n\t\t\t\t<div class=\"elementor-element elementor-element-ee9acea elementor-widget elementor-widget-heading\" data-id=\"ee9acea\" data-element_type=\"widget\" data-e-type=\"widget\" data-widget_type=\"heading.default\">\n\t\t\t\t<div class=\"elementor-widget-container\">\n\t\t\t\t\t<h4 class=\"elementor-heading-title elementor-size-default\">Lutte FTEM<\/h4>\t\t\t\t<\/div>\n\t\t\t\t<\/div>\n\t\t\t\t<div class=\"elementor-element elementor-element-9409046 elementor-widget elementor-widget-image\" data-id=\"9409046\" data-element_type=\"widget\" data-e-type=\"widget\" data-widget_type=\"image.default\">\n\t\t\t\t<div class=\"elementor-widget-container\">\n\t\t\t\t\t\t\t\t\t\t\t\t<figure class=\"wp-caption\">\n\t\t\t\t\t\t\t\t\t\t<img fetchpriority=\"high\" decoding=\"async\" width=\"800\" height=\"534\" src=\"https:\/\/swisswrestling.ch\/wp-content\/uploads\/2025\/06\/Kadir-Caliskan-15-1024x683.jpg\" class=\"attachment-large size-large wp-image-26718\" alt=\"\" srcset=\"https:\/\/swisswrestling.ch\/wp-content\/uploads\/2025\/06\/Kadir-Caliskan-15-1024x683.jpg 1024w, https:\/\/swisswrestling.ch\/wp-content\/uploads\/2025\/06\/Kadir-Caliskan-15-300x200.jpg 300w, https:\/\/swisswrestling.ch\/wp-content\/uploads\/2025\/06\/Kadir-Caliskan-15-768x512.jpg 768w, https:\/\/swisswrestling.ch\/wp-content\/uploads\/2025\/06\/Kadir-Caliskan-15-1536x1024.jpg 1536w, https:\/\/swisswrestling.ch\/wp-content\/uploads\/2025\/06\/Kadir-Caliskan-15-2048x1365.jpg 2048w\" sizes=\"(max-width: 800px) 100vw, 800px\" \/>\t\t\t\t\t\t\t\t\t\t\t<figcaption class=\"widget-image-caption wp-caption-text\">Photo : UWW \/ Kadir Caliskan<\/figcaption>\n\t\t\t\t\t\t\t\t\t\t<\/figure>\n\t\t\t\t\t\t\t\t\t<\/div>\n\t\t\t\t<\/div>\n\t\t\t\t<div class=\"elementor-element elementor-element-6d5bf99 elementor-widget elementor-widget-text-editor\" data-id=\"6d5bf99\" data-element_type=\"widget\" data-e-type=\"widget\" data-widget_type=\"text-editor.default\">\n\t\t\t\t<div class=\"elementor-widget-container\">\n\t\t\t\t\t\t\t\t\t<p>La lutte FTEM a \u00e9t\u00e9 cr\u00e9\u00e9e par la <a href=\"https:\/\/swisswrestling.ch\/fr\/\"><strong>F\u00e9d\u00e9ration Suisse de Lutte (SWFE)<\/strong><\/a> en collaboration avec <a href=\"https:\/\/www.swissolympic.ch\/\" target=\"_blank\" rel=\"noopener\"><strong>Swiss Olympic (SO)<\/strong><\/a> ainsi que <a href=\"https:\/\/www.jugendundsport.ch\/de\" target=\"_blank\" rel=\"noopener\"><strong>Jeunesse+Sport (J+S)<\/strong><\/a>. Il sert de cadre \u00e0 la promotion syst\u00e9matique et coordonn\u00e9e du sport en g\u00e9n\u00e9ral et de la lutte en particulier. L&rsquo;unit\u00e9 ainsi vis\u00e9e, du sport de masse au sport d&rsquo;\u00e9lite, a pour objectif, d&rsquo;une part, de maintenir les gens dans le sport et la lutte tout au long de leur vie et, d&rsquo;autre part, d&rsquo;augmenter durablement le niveau du sport de performance et du sport d&rsquo;\u00e9lite.  <\/p>\t\t\t\t\t\t\t\t<\/div>\n\t\t\t\t<\/div>\n\t\t\t\t<div class=\"elementor-element elementor-element-9f39892 elementor-widget elementor-widget-heading\" data-id=\"9f39892\" data-element_type=\"widget\" data-e-type=\"widget\" data-widget_type=\"heading.default\">\n\t\t\t\t<div class=\"elementor-widget-container\">\n\t\t\t\t\t<h4 class=\"elementor-heading-title elementor-size-default\">FTEM au sein de SWFE<\/h4>\t\t\t\t<\/div>\n\t\t\t\t<\/div>\n\t\t\t\t<div class=\"elementor-element elementor-element-28ef873 elementor-widget elementor-widget-image\" data-id=\"28ef873\" data-element_type=\"widget\" data-e-type=\"widget\" data-widget_type=\"image.default\">\n\t\t\t\t<div class=\"elementor-widget-container\">\n\t\t\t\t\t\t\t\t\t\t\t\t<figure class=\"wp-caption\">\n\t\t\t\t\t\t\t\t\t\t<img decoding=\"async\" width=\"800\" height=\"534\" src=\"https:\/\/swisswrestling.ch\/wp-content\/uploads\/2025\/06\/Kadir-Caliskan-13-1024x683.jpg\" class=\"attachment-large size-large wp-image-26720\" alt=\"\" srcset=\"https:\/\/swisswrestling.ch\/wp-content\/uploads\/2025\/06\/Kadir-Caliskan-13-1024x683.jpg 1024w, https:\/\/swisswrestling.ch\/wp-content\/uploads\/2025\/06\/Kadir-Caliskan-13-300x200.jpg 300w, https:\/\/swisswrestling.ch\/wp-content\/uploads\/2025\/06\/Kadir-Caliskan-13-768x512.jpg 768w, https:\/\/swisswrestling.ch\/wp-content\/uploads\/2025\/06\/Kadir-Caliskan-13-1536x1024.jpg 1536w, https:\/\/swisswrestling.ch\/wp-content\/uploads\/2025\/06\/Kadir-Caliskan-13-2048x1366.jpg 2048w\" sizes=\"(max-width: 800px) 100vw, 800px\" \/>\t\t\t\t\t\t\t\t\t\t\t<figcaption class=\"widget-image-caption wp-caption-text\">Photo : UWW \/ Kadir Caliskan<\/figcaption>\n\t\t\t\t\t\t\t\t\t\t<\/figure>\n\t\t\t\t\t\t\t\t\t<\/div>\n\t\t\t\t<\/div>\n\t\t\t\t<div class=\"elementor-element elementor-element-02e1c16 elementor-widget elementor-widget-text-editor\" data-id=\"02e1c16\" data-element_type=\"widget\" data-e-type=\"widget\" data-widget_type=\"text-editor.default\">\n\t\t\t\t<div class=\"elementor-widget-container\">\n\t\t\t\t\t\t\t\t\t<p>Au sein de la SWFE, nous utilisons la lutte FTEM de mani\u00e8re globale. Cela signifie que nous organisons la formation des enfants et des jeunes, la formation des entra\u00eeneurs, la classification des cadres r\u00e9gionaux et nationaux, la promotion du sport ainsi que la classification des tournois et les \u00e9tapes de d\u00e9veloppement de toutes les classes d&rsquo;\u00e2ge de nos athl\u00e8tes, entra\u00eeneurs et collaborateurs principaux et b\u00e9n\u00e9voles. <\/p><p>Avec la lutte FTEM, nous fournissons donc, en tant que SWFE, des informations sur la lutte et son organisation en Suisse \u00e0 tous les lutteurs, leurs parents et leur famille, les entra\u00eeneurs, les clubs, les centres de performance r\u00e9gionaux, les entreprises d&rsquo;apprentissage, les emplois et les sponsors, ainsi que les \u00e9coles de sport et les partenaires cantonaux et nationaux.<\/p><p>Le <a href=\"https:\/\/swisswrestling.ch\/wp-content\/uploads\/2025\/06\/FTEM-Poster_10062025_DE.pdf\" target=\"_blank\" rel=\"noopener\"><strong>Poster FTEM<\/strong><\/a> montre les carri\u00e8res possibles pour toutes les personnes de la famille de la lutte suisse, en particulier pour les athl\u00e8tes.<\/p>\t\t\t\t\t\t\t\t<\/div>\n\t\t\t\t<\/div>\n\t\t\t\t<div class=\"elementor-element elementor-element-8106d83 elementor-widget elementor-widget-wpmf_pdf_embed\" data-id=\"8106d83\" data-element_type=\"widget\" data-e-type=\"widget\" data-widget_type=\"wpmf_pdf_embed.default\">\n\t\t\t\t<div class=\"elementor-widget-container\">\n\t\t\t\t\t<div><iframe width=\"100%\" height=\"800\" src=\"https:\/\/swisswrestling.ch\/wp-content\/plugins\/wp-media-folder\/class\/templates\/pdf-embed.php?file=https%3A%2F%2Fswisswrestling.ch%2Fwp-content%2Fuploads%2F2025%2F06%2FFTEM-Poster_10062025_DE.pdf&#038;plugins_url=https%3A%2F%2Fswisswrestling.ch%2Fwp-content%2Fplugins%2Fwp-media-folder%2F\" title=\"Embedded PDF\" class=\"wpmf-pdfjs-iframe\"><\/iframe><\/div>\t\t\t\t<\/div>\n\t\t\t\t<\/div>\n\t\t\t\t<div class=\"elementor-element elementor-element-565129a elementor-widget elementor-widget-text-editor\" data-id=\"565129a\" data-element_type=\"widget\" data-e-type=\"widget\" data-widget_type=\"text-editor.default\">\n\t\t\t\t<div class=\"elementor-widget-container\">\n\t\t\t\t\t\t\t\t\t<p>La <a href=\"https:\/\/swisswrestling.ch\/wp-content\/uploads\/2025\/06\/FTEM-Struktur_10062025_DE.pdf\" target=\"_blank\" rel=\"noopener\"><strong>Structure FTEM<\/strong><\/a> informe en revanche sur les offres de soutien, les options de gestion de l&rsquo;environnement, ainsi que des d\u00e9tails sur la planification d&rsquo;une carri\u00e8re en alternance optimale et syst\u00e9matique.<\/p>\t\t\t\t\t\t\t\t<\/div>\n\t\t\t\t<\/div>\n\t\t\t\t<div class=\"elementor-element elementor-element-16a79b8 elementor-widget elementor-widget-wpmf_pdf_embed\" data-id=\"16a79b8\" data-element_type=\"widget\" data-e-type=\"widget\" data-widget_type=\"wpmf_pdf_embed.default\">\n\t\t\t\t<div class=\"elementor-widget-container\">\n\t\t\t\t\t<div><iframe width=\"100%\" height=\"800\" src=\"https:\/\/swisswrestling.ch\/wp-content\/plugins\/wp-media-folder\/class\/templates\/pdf-embed.php?file=https%3A%2F%2Fswisswrestling.ch%2Fwp-content%2Fuploads%2F2025%2F06%2FFTEM-Struktur_10062025_DE.pdf&#038;plugins_url=https%3A%2F%2Fswisswrestling.ch%2Fwp-content%2Fplugins%2Fwp-media-folder%2F\" title=\"Embedded PDF\" class=\"wpmf-pdfjs-iframe\"><\/iframe><\/div>\t\t\t\t<\/div>\n\t\t\t\t<\/div>\n\t\t\t\t<div class=\"elementor-element elementor-element-5c66c43 elementor-widget elementor-widget-text-editor\" data-id=\"5c66c43\" data-element_type=\"widget\" data-e-type=\"widget\" data-widget_type=\"text-editor.default\">\n\t\t\t\t<div class=\"elementor-widget-container\">\n\t\t\t\t\t\t\t\t\t<p>Les <a href=\"https:\/\/swisswrestling.ch\/wp-content\/uploads\/2025\/06\/FTEM-Phasen_10062025_DE.pdf\" target=\"_blank\" rel=\"noopener\"><strong>Phases de FTEM<\/strong><\/a> indiquent en outre, pour chaque \u00e9tape du syst\u00e8me, les exigences qualitatives et quantitatives n\u00e9cessaires pour ma\u00eetriser l&rsquo;\u00e9tape en question ou pour se d\u00e9velopper de mani\u00e8re productive au sein de cette \u00e9tape..<\/p>\t\t\t\t\t\t\t\t<\/div>\n\t\t\t\t<\/div>\n\t\t\t\t<div class=\"elementor-element elementor-element-237c06d elementor-widget elementor-widget-wpmf_pdf_embed\" data-id=\"237c06d\" data-element_type=\"widget\" data-e-type=\"widget\" data-widget_type=\"wpmf_pdf_embed.default\">\n\t\t\t\t<div class=\"elementor-widget-container\">\n\t\t\t\t\t<div><iframe width=\"100%\" height=\"800\" src=\"https:\/\/swisswrestling.ch\/wp-content\/plugins\/wp-media-folder\/class\/templates\/pdf-embed.php?file=https%3A%2F%2Fswisswrestling.ch%2Fwp-content%2Fuploads%2F2025%2F06%2FFTEM-Phasen_10062025_DE.pdf&#038;plugins_url=https%3A%2F%2Fswisswrestling.ch%2Fwp-content%2Fplugins%2Fwp-media-folder%2F\" title=\"Embedded PDF\" class=\"wpmf-pdfjs-iframe\"><\/iframe><\/div>\t\t\t\t<\/div>\n\t\t\t\t<\/div>\n\t\t\t\t<div class=\"elementor-element elementor-element-6205cc3 elementor-widget elementor-widget-text-editor\" data-id=\"6205cc3\" data-element_type=\"widget\" data-e-type=\"widget\" data-widget_type=\"text-editor.default\">\n\t\t\t\t<div class=\"elementor-widget-container\">\n\t\t\t\t\t\t\t\t\t<p>Et enfin, le <a href=\"https:\/\/swisswrestling.ch\/wp-content\/uploads\/2025\/06\/FTEM-Mastery_10062025_DE.pdf\" target=\"_blank\" rel=\"noopener\"><strong>FTEM-Mastery<\/strong><\/a> est un mod\u00e8le clair pour tous les athl\u00e8tes qui souhaitent non seulement acc\u00e9der au sport de haut niveau, mais aussi s&rsquo;y maintenir durablement, car il d\u00e9finit les exigences n\u00e9cessaires pour les athl\u00e8tes qui veulent r\u00e9ussir au niveau international.<\/p>\t\t\t\t\t\t\t\t<\/div>\n\t\t\t\t<\/div>\n\t\t\t\t<div class=\"elementor-element elementor-element-a7b60dc elementor-widget elementor-widget-wpmf_pdf_embed\" data-id=\"a7b60dc\" data-element_type=\"widget\" data-e-type=\"widget\" data-widget_type=\"wpmf_pdf_embed.default\">\n\t\t\t\t<div class=\"elementor-widget-container\">\n\t\t\t\t\t<div><iframe width=\"100%\" height=\"800\" src=\"https:\/\/swisswrestling.ch\/wp-content\/plugins\/wp-media-folder\/class\/templates\/pdf-embed.php?file=https%3A%2F%2Fswisswrestling.ch%2Fwp-content%2Fuploads%2F2025%2F06%2FFTEM-Mastery_10062025_DE.pdf&#038;plugins_url=https%3A%2F%2Fswisswrestling.ch%2Fwp-content%2Fplugins%2Fwp-media-folder%2F\" title=\"Embedded PDF\" class=\"wpmf-pdfjs-iframe\"><\/iframe><\/div>\t\t\t\t<\/div>\n\t\t\t\t<\/div>\n\t\t\t\t<div class=\"elementor-element elementor-element-3e5076d elementor-widget elementor-widget-heading\" data-id=\"3e5076d\" data-element_type=\"widget\" data-e-type=\"widget\" data-widget_type=\"heading.default\">\n\t\t\t\t<div class=\"elementor-widget-container\">\n\t\t\t\t\t<h4 class=\"elementor-heading-title elementor-size-default\">Gestion de l'environnement<\/h4>\t\t\t\t<\/div>\n\t\t\t\t<\/div>\n\t\t\t\t<div class=\"elementor-element elementor-element-1b602c4 elementor-widget elementor-widget-image\" data-id=\"1b602c4\" data-element_type=\"widget\" data-e-type=\"widget\" data-widget_type=\"image.default\">\n\t\t\t\t<div class=\"elementor-widget-container\">\n\t\t\t\t\t\t\t\t\t\t\t\t<figure class=\"wp-caption\">\n\t\t\t\t\t\t\t\t\t\t<img decoding=\"async\" width=\"800\" height=\"534\" src=\"https:\/\/swisswrestling.ch\/wp-content\/uploads\/2025\/06\/Gerhard-Remus-23-1024x683.jpeg\" class=\"attachment-large size-large wp-image-26722\" alt=\"\" srcset=\"https:\/\/swisswrestling.ch\/wp-content\/uploads\/2025\/06\/Gerhard-Remus-23-1024x683.jpeg 1024w, https:\/\/swisswrestling.ch\/wp-content\/uploads\/2025\/06\/Gerhard-Remus-23-300x200.jpeg 300w, https:\/\/swisswrestling.ch\/wp-content\/uploads\/2025\/06\/Gerhard-Remus-23-768x512.jpeg 768w, https:\/\/swisswrestling.ch\/wp-content\/uploads\/2025\/06\/Gerhard-Remus-23-1536x1024.jpeg 1536w, https:\/\/swisswrestling.ch\/wp-content\/uploads\/2025\/06\/Gerhard-Remus-23-2048x1365.jpeg 2048w\" sizes=\"(max-width: 800px) 100vw, 800px\" \/>\t\t\t\t\t\t\t\t\t\t\t<figcaption class=\"widget-image-caption wp-caption-text\">Photo : SWFE \/ Gerhard Remus<\/figcaption>\n\t\t\t\t\t\t\t\t\t\t<\/figure>\n\t\t\t\t\t\t\t\t\t<\/div>\n\t\t\t\t<\/div>\n\t\t\t\t<div class=\"elementor-element elementor-element-da45936 elementor-widget elementor-widget-text-editor\" data-id=\"da45936\" data-element_type=\"widget\" data-e-type=\"widget\" data-widget_type=\"text-editor.default\">\n\t\t\t\t<div class=\"elementor-widget-container\">\n\t\t\t\t\t\t\t\t\t<p>En collaboration avec SO, SWFE peut, depuis juin 2025, proposer \u00e0 ses athl\u00e8tes et \u00e0 son staff, en plus des structures et des outils de promotion du FTEM, une gestion globale et ind\u00e9pendante de l&rsquo;environnement.<\/p><p>La responsabilit\u00e9 de ce poste, promu et demand\u00e9 par SO, a \u00e9t\u00e9 confi\u00e9e \u00e0 <a href=\"mailto:adi.wieser@sensemail.ch\"><strong>Adi Wieser<\/strong><\/a> qui vient d&rsquo;\u00eatre nomm\u00e9 \u00e0 ce poste. En tant qu&rsquo;ancien athl\u00e8te de cadre, entra\u00eeneur national et chef du sport d&rsquo;\u00e9lite, mais \u00e9galement conseiller d&rsquo;entreprise ind\u00e9pendant, il remplit toutes les conditions pour relever les d\u00e9fis li\u00e9s \u00e0 ce poste de mani\u00e8re ind\u00e9pendante, neutre et en toute confiance. <\/p><p>Ses t\u00e2ches qui lui incombent sont, entre autres, le d\u00e9veloppement d&rsquo;une strat\u00e9gie de gestion globale de l&rsquo;environnement, un soutien proactif sous forme de coaching, de formation et de mentoring de toutes les parties prenantes, le conseil aux athl\u00e8tes en mati\u00e8re de carri\u00e8re duale et de drop-out respectueux, le conseil priv\u00e9 du personnel professionnel du d\u00e9partement sportif, la participation \u00e0 la r\u00e9union annuelle ERFA de SO et la documentation \u00e9crite des mesures prises pour assurer durablement la qualit\u00e9<\/p><p><em>Toute personne au sein de SWFE est libre de contacter Adi Wieser \u00e0 tout moment et en toute confidentialit\u00e9 pour toute question ou besoin de conseil sur les sujets susmentionn\u00e9s et de demander son assistance.<\/em><\/p><p><em><strong>Pour toute question ou commentaire sur le contenu, veuillez contacter les personnes suivantes : <a href=\"mailto:p.rohrer@swisswrestling.ch\" target=\"_blank\" rel=\"noreferrer noopener\">Philipp Rohrer<\/a> et <a href=\"mailto:o.hassler@swisswrestling.ch\" target=\"_blank\" rel=\"noreferrer noopener\">Oliver Hassler<\/a>.<\/strong><\/em><\/p><p><span style=\"color: #999999\"><em>Graphiques de Gallus Aebischer, Millefeuilles AG, Guin.<\/em><\/span><\/p>\t\t\t\t\t\t\t\t<\/div>\n\t\t\t\t<\/div>\n\t\t\t\t<\/div>\n\t\t\t\t\t<\/div>\n\t\t\t\t<\/div>\n\t\t\t\t<\/div>\n\t\t","protected":false},"excerpt":{"rendered":"<p>SPORT DE PERFORMANCE &amp; D&rsquo;\u00c9LITE Lutte FTEM Photo : UWW \/ Kadir Caliskan La lutte FTEM a \u00e9t\u00e9 cr\u00e9\u00e9e par la F\u00e9d\u00e9ration Suisse de Lutte (SWFE) en collaboration avec Swiss Olympic (SO) ainsi que Jeunesse+Sport (J+S). Il sert de cadre \u00e0 la promotion syst\u00e9matique et coordonn\u00e9e du sport en g\u00e9n\u00e9ral et de la lutte en [&hellip;]<\/p>\n","protected":false},"author":19,"featured_media":0,"parent":0,"menu_order":22,"comment_status":"closed","ping_status":"closed","template":"","meta":{"footnotes":""},"class_list":["post-28536","page","type-page","status-publish","hentry"],"_links":{"self":[{"href":"https:\/\/swisswrestling.ch\/fr\/wp-json\/wp\/v2\/pages\/28536","targetHints":{"allow":["GET"]}}],"collection":[{"href":"https:\/\/swisswrestling.ch\/fr\/wp-json\/wp\/v2\/pages"}],"about":[{"href":"https:\/\/swisswrestling.ch\/fr\/wp-json\/wp\/v2\/types\/page"}],"author":[{"embeddable":true,"href":"https:\/\/swisswrestling.ch\/fr\/wp-json\/wp\/v2\/users\/19"}],"replies":[{"embeddable":true,"href":"https:\/\/swisswrestling.ch\/fr\/wp-json\/wp\/v2\/comments?post=28536"}],"version-history":[{"count":11,"href":"https:\/\/swisswrestling.ch\/fr\/wp-json\/wp\/v2\/pages\/28536\/revisions"}],"predecessor-version":[{"id":28871,"href":"https:\/\/swisswrestling.ch\/fr\/wp-json\/wp\/v2\/pages\/28536\/revisions\/28871"}],"wp:attachment":[{"href":"https:\/\/swisswrestling.ch\/fr\/wp-json\/wp\/v2\/media?parent=28536"}],"curies":[{"name":"wp","href":"https:\/\/api.w.org\/{rel}","templated":true}]}}