{"id":16312,"date":"2024-04-18T17:14:21","date_gmt":"2024-04-18T15:14:21","guid":{"rendered":"https:\/\/swisswrestling.ch\/?page_id=16312"},"modified":"2024-07-19T14:37:20","modified_gmt":"2024-07-19T12:37:20","slug":"actualites","status":"publish","type":"page","link":"https:\/\/swisswrestling.ch\/fr\/regionen\/fsrla\/actualites\/","title":{"rendered":"FSRLA-Actualit\u00e9s"},"content":{"rendered":"\t\t<div data-elementor-type=\"wp-page\" data-elementor-id=\"16312\" class=\"elementor elementor-16312\" data-elementor-post-type=\"page\">\n\t\t\t\t\t\t<section class=\"elementor-section elementor-top-section elementor-element elementor-element-b77b170 elementor-section-boxed elementor-section-height-default elementor-section-height-default\" data-id=\"b77b170\" data-element_type=\"section\" data-e-type=\"section\">\n\t\t\t\t\t\t<div class=\"elementor-container elementor-column-gap-default\">\n\t\t\t\t\t<div class=\"elementor-column elementor-col-100 elementor-top-column elementor-element elementor-element-d66f53e\" data-id=\"d66f53e\" data-element_type=\"column\" data-e-type=\"column\">\n\t\t\t<div class=\"elementor-widget-wrap elementor-element-populated\">\n\t\t\t\t\t\t<div class=\"elementor-element elementor-element-49d6f7e elementor-widget elementor-widget-heading\" data-id=\"49d6f7e\" data-element_type=\"widget\" data-e-type=\"widget\" data-widget_type=\"heading.default\">\n\t\t\t\t<div class=\"elementor-widget-container\">\n\t\t\t\t\t<h2 class=\"elementor-heading-title elementor-size-default\">Actualit\u00e9s <\/h2>\t\t\t\t<\/div>\n\t\t\t\t<\/div>\n\t\t\t\t\t<\/div>\n\t\t<\/div>\n\t\t\t\t\t<\/div>\n\t\t<\/section>\n\t\t\t\t<section class=\"elementor-section elementor-top-section elementor-element elementor-element-1444f7f elementor-section-boxed elementor-section-height-default elementor-section-height-default\" data-id=\"1444f7f\" data-element_type=\"section\" data-e-type=\"section\">\n\t\t\t\t\t\t<div class=\"elementor-container elementor-column-gap-default\">\n\t\t\t\t\t<div class=\"elementor-column elementor-col-100 elementor-top-column elementor-element elementor-element-b080152\" data-id=\"b080152\" data-element_type=\"column\" data-e-type=\"column\">\n\t\t\t<div class=\"elementor-widget-wrap elementor-element-populated\">\n\t\t\t\t\t\t<div class=\"elementor-element elementor-element-6b7860f elementor-grid-2 elementor-grid-tablet-2 elementor-grid-mobile-1 elementor-posts--thumbnail-top elementor-widget elementor-widget-posts\" data-id=\"6b7860f\" data-element_type=\"widget\" data-e-type=\"widget\" data-settings=\"{&quot;classic_columns&quot;:&quot;2&quot;,&quot;classic_masonry&quot;:&quot;yes&quot;,&quot;classic_columns_tablet&quot;:&quot;2&quot;,&quot;classic_columns_mobile&quot;:&quot;1&quot;,&quot;classic_row_gap&quot;:{&quot;unit&quot;:&quot;px&quot;,&quot;size&quot;:35,&quot;sizes&quot;:[]},&quot;classic_row_gap_tablet&quot;:{&quot;unit&quot;:&quot;px&quot;,&quot;size&quot;:&quot;&quot;,&quot;sizes&quot;:[]},&quot;classic_row_gap_mobile&quot;:{&quot;unit&quot;:&quot;px&quot;,&quot;size&quot;:&quot;&quot;,&quot;sizes&quot;:[]}}\" data-widget_type=\"posts.classic\">\n\t\t\t\t<div class=\"elementor-widget-container\">\n\t\t\t\t\t\t\t<div class=\"elementor-posts-container elementor-posts elementor-posts--skin-classic elementor-grid\" role=\"list\">\n\t\t\t\t<article class=\"elementor-post elementor-grid-item post-16506 post type-post status-publish format-standard has-post-thumbnail hentry category-fsrla\" role=\"listitem\">\n\t\t\t\t<a class=\"elementor-post__thumbnail__link\" href=\"https:\/\/swisswrestling.ch\/fr\/assemblee-annuelle-2022\/\" tabindex=\"-1\" >\n\t\t\t<div class=\"elementor-post__thumbnail\"><img fetchpriority=\"high\" decoding=\"async\" width=\"300\" height=\"225\" src=\"https:\/\/swisswrestling.ch\/wp-content\/uploads\/2024\/04\/thumbnail2-300x225.jpg\" class=\"attachment-medium size-medium wp-image-16507\" alt=\"\" srcset=\"https:\/\/swisswrestling.ch\/wp-content\/uploads\/2024\/04\/thumbnail2-300x225.jpg 300w, https:\/\/swisswrestling.ch\/wp-content\/uploads\/2024\/04\/thumbnail2-1024x768.jpg 1024w, https:\/\/swisswrestling.ch\/wp-content\/uploads\/2024\/04\/thumbnail2-768x576.jpg 768w, https:\/\/swisswrestling.ch\/wp-content\/uploads\/2024\/04\/thumbnail2.jpg 1440w\" sizes=\"(max-width: 300px) 100vw, 300px\" \/><\/div>\n\t\t<\/a>\n\t\t\t\t<div class=\"elementor-post__text\">\n\t\t\t\t<h3 class=\"elementor-post__title\">\n\t\t\t<a href=\"https:\/\/swisswrestling.ch\/fr\/assemblee-annuelle-2022\/\" >\n\t\t\t\tAssembl\u00e9e annuelle 2022\t\t\t<\/a>\n\t\t<\/h3>\n\t\t\t\t<div class=\"elementor-post__meta-data\">\n\t\t\t\t\t<span class=\"elementor-post-date\">\n\t\t\t1 janvier 2022\t\t<\/span>\n\t\t\t\t<span class=\"elementor-post-avatar\">\n\t\t\tAucun commentaire\t\t<\/span>\n\t\t\t\t<\/div>\n\t\t\t\t<div class=\"elementor-post__excerpt\">\n\t\t\t<p>L\u2019assembl\u00e9e annuelle de la FSRLA, apr\u00e8s 2 ans d\u2019absence, a eu lieu le vendredi 14 janvier 2022 aux ateliers Martinetti \u00e0 Martigny, comme en 2020.<\/p>\n\t\t<\/div>\n\t\t\n\t\t<a class=\"elementor-post__read-more\" href=\"https:\/\/swisswrestling.ch\/fr\/assemblee-annuelle-2022\/\" aria-label=\"En savoir plus sur Assembl\u00e9e annuelle 2022\" tabindex=\"-1\" >\n\t\t\tWeiterlesen \u00bb\t\t<\/a>\n\n\t\t\t\t<\/div>\n\t\t\t\t<\/article>\n\t\t\t\t<article class=\"elementor-post elementor-grid-item post-16496 post type-post status-publish format-standard has-post-thumbnail hentry category-fsrla\" role=\"listitem\">\n\t\t\t\t<a class=\"elementor-post__thumbnail__link\" href=\"https:\/\/swisswrestling.ch\/fr\/assemblee-annuelle-2020\/\" tabindex=\"-1\" >\n\t\t\t<div class=\"elementor-post__thumbnail\"><img decoding=\"async\" width=\"300\" height=\"300\" src=\"https:\/\/swisswrestling.ch\/wp-content\/uploads\/2020\/01\/thumbnail1-300x300.jpg\" class=\"attachment-medium size-medium wp-image-16499\" alt=\"\" srcset=\"https:\/\/swisswrestling.ch\/wp-content\/uploads\/2020\/01\/thumbnail1-300x300.jpg 300w, https:\/\/swisswrestling.ch\/wp-content\/uploads\/2020\/01\/thumbnail1-150x150.jpg 150w, https:\/\/swisswrestling.ch\/wp-content\/uploads\/2020\/01\/thumbnail1.jpg 420w\" sizes=\"(max-width: 300px) 100vw, 300px\" \/><\/div>\n\t\t<\/a>\n\t\t\t\t<div class=\"elementor-post__text\">\n\t\t\t\t<h3 class=\"elementor-post__title\">\n\t\t\t<a href=\"https:\/\/swisswrestling.ch\/fr\/assemblee-annuelle-2020\/\" >\n\t\t\t\tAssembl\u00e9e annuelle 2020\t\t\t<\/a>\n\t\t<\/h3>\n\t\t\t\t<div class=\"elementor-post__meta-data\">\n\t\t\t\t\t<span class=\"elementor-post-date\">\n\t\t\t18 janvier 2020\t\t<\/span>\n\t\t\t\t<span class=\"elementor-post-avatar\">\n\t\t\tAucun commentaire\t\t<\/span>\n\t\t\t\t<\/div>\n\t\t\t\t<div class=\"elementor-post__excerpt\">\n\t\t\t<p>L\u2019assembl\u00e9e annuelle de la FSRLA a eu lieu le vendredi 17 janvier 2020 aux ateliers Martinetti \u00e0 Martigny. Elle a \u00e9t\u00e9 pr\u00e9sid\u00e9e par David Martinetti<\/p>\n\t\t<\/div>\n\t\t\n\t\t<a class=\"elementor-post__read-more\" href=\"https:\/\/swisswrestling.ch\/fr\/assemblee-annuelle-2020\/\" aria-label=\"En savoir plus sur Assembl\u00e9e annuelle 2020\" tabindex=\"-1\" >\n\t\t\tWeiterlesen \u00bb\t\t<\/a>\n\n\t\t\t\t<\/div>\n\t\t\t\t<\/article>\n\t\t\t\t<article class=\"elementor-post elementor-grid-item post-16480 post type-post status-publish format-standard has-post-thumbnail hentry category-fsrla\" role=\"listitem\">\n\t\t\t\t<a class=\"elementor-post__thumbnail__link\" href=\"https:\/\/swisswrestling.ch\/fr\/elementor-16480\/\" tabindex=\"-1\" >\n\t\t\t<div class=\"elementor-post__thumbnail\"><img decoding=\"async\" width=\"150\" height=\"150\" src=\"https:\/\/swisswrestling.ch\/wp-content\/uploads\/2024\/04\/avatar-icon.png\" class=\"attachment-medium size-medium wp-image-16482\" alt=\"\" \/><\/div>\n\t\t<\/a>\n\t\t\t\t<div class=\"elementor-post__text\">\n\t\t\t\t<h3 class=\"elementor-post__title\">\n\t\t\t<a href=\"https:\/\/swisswrestling.ch\/fr\/elementor-16480\/\" >\n\t\t\t\tInauguration du site\t\t\t<\/a>\n\t\t<\/h3>\n\t\t\t\t<div class=\"elementor-post__meta-data\">\n\t\t\t\t\t<span class=\"elementor-post-date\">\n\t\t\t29 d\u00e9cembre 2019\t\t<\/span>\n\t\t\t\t<span class=\"elementor-post-avatar\">\n\t\t\tAucun commentaire\t\t<\/span>\n\t\t\t\t<\/div>\n\t\t\t\t<div class=\"elementor-post__excerpt\">\n\t\t\t<p>fsrla.ch est d\u00e9sormais ouvert au public Bienvenue sur le nouveau site de la FSRLA. Il offre une plateforme aux clubs de lutte de la r\u00e9gion<\/p>\n\t\t<\/div>\n\t\t\n\t\t<a class=\"elementor-post__read-more\" href=\"https:\/\/swisswrestling.ch\/fr\/elementor-16480\/\" aria-label=\"En savoir plus sur Inauguration du site\" tabindex=\"-1\" >\n\t\t\tWeiterlesen \u00bb\t\t<\/a>\n\n\t\t\t\t<\/div>\n\t\t\t\t<\/article>\n\t\t\t\t<\/div>\n\t\t\n\t\t\t\t\t\t<\/div>\n\t\t\t\t<\/div>\n\t\t\t\t\t<\/div>\n\t\t<\/div>\n\t\t\t\t\t<\/div>\n\t\t<\/section>\n\t\t\t\t<\/div>\n\t\t","protected":false},"excerpt":{"rendered":"<p>\/*! elementor &#8211; v3.21.0 &#8211; 24-04-2024 *\/ .elementor-heading-title{padding:0;margin:0;line-height:1}.elementor-widget-heading .elementor-heading-title[class*=elementor-size-]&gt;a{color:inherit;font-size:inherit;line-height:inherit}.elementor-widget-heading .elementor-heading-title.elementor-size-small{font-size:15px}.elementor-widget-heading .elementor-heading-title.elementor-size-medium{font-size:19px}.elementor-widget-heading .elementor-heading-title.elementor-size-large{font-size:29px}.elementor-widget-heading .elementor-heading-title.elementor-size-xl{font-size:39px}.elementor-widget-heading .elementor-heading-title.elementor-size-xxl{font-size:59px} Actualit\u00e9s<\/p>\n","protected":false},"author":16,"featured_media":0,"parent":16294,"menu_order":10,"comment_status":"closed","ping_status":"closed","template":"","meta":{"footnotes":""},"class_list":["post-16312","page","type-page","status-publish","hentry"],"_links":{"self":[{"href":"https:\/\/swisswrestling.ch\/fr\/wp-json\/wp\/v2\/pages\/16312","targetHints":{"allow":["GET"]}}],"collection":[{"href":"https:\/\/swisswrestling.ch\/fr\/wp-json\/wp\/v2\/pages"}],"about":[{"href":"https:\/\/swisswrestling.ch\/fr\/wp-json\/wp\/v2\/types\/page"}],"author":[{"embeddable":true,"href":"https:\/\/swisswrestling.ch\/fr\/wp-json\/wp\/v2\/users\/16"}],"replies":[{"embeddable":true,"href":"https:\/\/swisswrestling.ch\/fr\/wp-json\/wp\/v2\/comments?post=16312"}],"version-history":[{"count":14,"href":"https:\/\/swisswrestling.ch\/fr\/wp-json\/wp\/v2\/pages\/16312\/revisions"}],"predecessor-version":[{"id":16516,"href":"https:\/\/swisswrestling.ch\/fr\/wp-json\/wp\/v2\/pages\/16312\/revisions\/16516"}],"up":[{"embeddable":true,"href":"https:\/\/swisswrestling.ch\/fr\/wp-json\/wp\/v2\/pages\/16294"}],"wp:attachment":[{"href":"https:\/\/swisswrestling.ch\/fr\/wp-json\/wp\/v2\/media?parent=16312"}],"curies":[{"name":"wp","href":"https:\/\/api.w.org\/{rel}","templated":true}]}}