{"id":16306,"date":"2024-04-18T17:12:51","date_gmt":"2024-04-18T15:12:51","guid":{"rendered":"https:\/\/swisswrestling.ch\/?page_id=16306"},"modified":"2024-05-01T10:51:41","modified_gmt":"2024-05-01T08:51:41","slug":"news","status":"publish","type":"page","link":"https:\/\/swisswrestling.ch\/fr\/regionen\/zrv\/news\/","title":{"rendered":"ZRV-News"},"content":{"rendered":"\t\t<div data-elementor-type=\"wp-page\" data-elementor-id=\"16306\" class=\"elementor elementor-16306\" data-elementor-post-type=\"page\">\n\t\t\t\t\t\t<section class=\"elementor-section elementor-top-section elementor-element elementor-element-f92a363 elementor-reverse-tablet elementor-reverse-mobile elementor-section-boxed elementor-section-height-default elementor-section-height-default\" data-id=\"f92a363\" data-element_type=\"section\" data-e-type=\"section\" data-settings=\"{&quot;background_background&quot;:&quot;classic&quot;}\">\n\t\t\t\t\t\t\t<div class=\"elementor-background-overlay\"><\/div>\n\t\t\t\t\t\t\t<div class=\"elementor-container elementor-column-gap-extended\">\n\t\t\t\t\t<div class=\"elementor-column elementor-col-100 elementor-top-column elementor-element elementor-element-490b634\" data-id=\"490b634\" data-element_type=\"column\" data-e-type=\"column\">\n\t\t\t<div class=\"elementor-widget-wrap elementor-element-populated\">\n\t\t\t\t\t\t<section class=\"elementor-section elementor-inner-section elementor-element elementor-element-bb70441 elementor-section-boxed elementor-section-height-default elementor-section-height-default\" data-id=\"bb70441\" data-element_type=\"section\" data-e-type=\"section\" data-settings=\"{&quot;background_background&quot;:&quot;classic&quot;}\">\n\t\t\t\t\t\t<div class=\"elementor-container elementor-column-gap-default\">\n\t\t\t\t\t<div class=\"elementor-column elementor-col-100 elementor-inner-column elementor-element elementor-element-50eef94\" data-id=\"50eef94\" data-element_type=\"column\" data-e-type=\"column\">\n\t\t\t<div class=\"elementor-widget-wrap elementor-element-populated\">\n\t\t\t\t\t\t<div class=\"elementor-element elementor-element-134adbf elementor-widget elementor-widget-heading\" data-id=\"134adbf\" data-element_type=\"widget\" data-e-type=\"widget\" data-widget_type=\"heading.default\">\n\t\t\t\t<div class=\"elementor-widget-container\">\n\t\t\t\t\t<h2 class=\"elementor-heading-title elementor-size-default\">News vom ZRV<\/h2>\t\t\t\t<\/div>\n\t\t\t\t<\/div>\n\t\t\t\t<div class=\"elementor-element elementor-element-39a634f elementor-widget elementor-widget-spacer\" data-id=\"39a634f\" data-element_type=\"widget\" data-e-type=\"widget\" data-widget_type=\"spacer.default\">\n\t\t\t\t<div class=\"elementor-widget-container\">\n\t\t\t\t\t\t\t<div class=\"elementor-spacer\">\n\t\t\t<div class=\"elementor-spacer-inner\"><\/div>\n\t\t<\/div>\n\t\t\t\t\t\t<\/div>\n\t\t\t\t<\/div>\n\t\t\t\t\t<\/div>\n\t\t<\/div>\n\t\t\t\t\t<\/div>\n\t\t<\/section>\n\t\t\t\t\t<\/div>\n\t\t<\/div>\n\t\t\t\t\t<\/div>\n\t\t<\/section>\n\t\t\t\t<section class=\"elementor-section elementor-top-section elementor-element elementor-element-f6c0086 elementor-reverse-tablet elementor-reverse-mobile elementor-section-boxed elementor-section-height-default elementor-section-height-default\" data-id=\"f6c0086\" data-element_type=\"section\" data-e-type=\"section\" data-settings=\"{&quot;background_background&quot;:&quot;classic&quot;}\">\n\t\t\t\t\t\t\t<div class=\"elementor-background-overlay\"><\/div>\n\t\t\t\t\t\t\t<div class=\"elementor-container elementor-column-gap-extended\">\n\t\t\t\t\t<div class=\"elementor-column elementor-col-100 elementor-top-column elementor-element elementor-element-f5768a4\" data-id=\"f5768a4\" data-element_type=\"column\" data-e-type=\"column\">\n\t\t\t<div class=\"elementor-widget-wrap elementor-element-populated\">\n\t\t\t\t\t\t<section class=\"elementor-section elementor-inner-section elementor-element elementor-element-091bac1 elementor-section-content-middle elementor-reverse-tablet elementor-reverse-mobile elementor-section-boxed elementor-section-height-default elementor-section-height-default\" data-id=\"091bac1\" data-element_type=\"section\" data-e-type=\"section\" data-settings=\"{&quot;background_background&quot;:&quot;classic&quot;}\">\n\t\t\t\t\t\t<div class=\"elementor-container elementor-column-gap-default\">\n\t\t\t\t\t<div class=\"elementor-column elementor-col-50 elementor-inner-column elementor-element elementor-element-ba83027\" data-id=\"ba83027\" data-element_type=\"column\" data-e-type=\"column\">\n\t\t\t<div class=\"elementor-widget-wrap elementor-element-populated\">\n\t\t\t\t\t\t<div class=\"elementor-element elementor-element-1c9d94b elementor-widget elementor-widget-image\" data-id=\"1c9d94b\" data-element_type=\"widget\" data-e-type=\"widget\" data-widget_type=\"image.default\">\n\t\t\t\t<div class=\"elementor-widget-container\">\n\t\t\t\t\t\t\t\t\t\t\t\t\t\t\t<img fetchpriority=\"high\" decoding=\"async\" width=\"800\" height=\"360\" src=\"https:\/\/swisswrestling.ch\/wp-content\/uploads\/2024\/04\/ZRV-Trainingstag.jpg\" class=\"attachment-large size-large wp-image-21465\" alt=\"\" srcset=\"https:\/\/swisswrestling.ch\/wp-content\/uploads\/2024\/04\/ZRV-Trainingstag.jpg 1024w, https:\/\/swisswrestling.ch\/wp-content\/uploads\/2024\/04\/ZRV-Trainingstag-300x135.jpg 300w, https:\/\/swisswrestling.ch\/wp-content\/uploads\/2024\/04\/ZRV-Trainingstag-768x346.jpg 768w\" sizes=\"(max-width: 800px) 100vw, 800px\" \/>\t\t\t\t\t\t\t\t\t\t\t\t\t\t\t<\/div>\n\t\t\t\t<\/div>\n\t\t\t\t\t<\/div>\n\t\t<\/div>\n\t\t\t\t<div class=\"elementor-column elementor-col-50 elementor-inner-column elementor-element elementor-element-a4eef7c\" data-id=\"a4eef7c\" data-element_type=\"column\" data-e-type=\"column\">\n\t\t\t<div class=\"elementor-widget-wrap elementor-element-populated\">\n\t\t\t\t\t\t<div class=\"elementor-element elementor-element-341a59f elementor-widget elementor-widget-text-editor\" data-id=\"341a59f\" data-element_type=\"widget\" data-e-type=\"widget\" data-widget_type=\"text-editor.default\">\n\t\t\t\t<div class=\"elementor-widget-container\">\n\t\t\t\t\t\t\t\t\t<h3 style=\"text-align: center\">Wir haben zusammen mit dem S\u00fcdbadischen-Ringerverband einen ZRV-Trainingstag durchgef\u00fchrt, bei welchem \u00fcber 40 Kinder und Jugendliche teilgenommen haben.<\/h3>\t\t\t\t\t\t\t\t<\/div>\n\t\t\t\t<\/div>\n\t\t\t\t\t<\/div>\n\t\t<\/div>\n\t\t\t\t\t<\/div>\n\t\t<\/section>\n\t\t\t\t<section class=\"elementor-section elementor-inner-section elementor-element elementor-element-a6daf5f elementor-section-content-middle elementor-section-boxed elementor-section-height-default elementor-section-height-default\" data-id=\"a6daf5f\" data-element_type=\"section\" data-e-type=\"section\" data-settings=\"{&quot;background_background&quot;:&quot;classic&quot;}\">\n\t\t\t\t\t\t<div class=\"elementor-container elementor-column-gap-default\">\n\t\t\t\t\t<div class=\"elementor-column elementor-col-50 elementor-inner-column elementor-element elementor-element-0ad2bb8\" data-id=\"0ad2bb8\" data-element_type=\"column\" data-e-type=\"column\">\n\t\t\t<div class=\"elementor-widget-wrap elementor-element-populated\">\n\t\t\t\t\t\t<div class=\"elementor-element elementor-element-d9fdf84 elementor-widget elementor-widget-text-editor\" data-id=\"d9fdf84\" data-element_type=\"widget\" data-e-type=\"widget\" data-widget_type=\"text-editor.default\">\n\t\t\t\t<div class=\"elementor-widget-container\">\n\t\t\t\t\t\t\t\t\t<div data-hook=\"group-view\" aria-hidden=\"false\"><div class=\"item-link-wrapper\" data-id=\"375330f8-d791-41f8-8606-649032b99c4b\" data-idx=\"2\" data-hook=\"item-link-wrapper\"><div id=\"pgi375330f8d79141f88606649032b99c4b_2\" class=\"gallery-item-container item-container-regular has-custom-focus visible\" role=\"\" aria-label=\"Im Sport Rock in Willisau haben wir unser&amp;nbsp;Kader-Teamevent durchgef&amp;uuml;hrt.\" data-hash=\"375330f8-d791-41f8-8606-649032b99c4b\" data-id=\"375330f8-d791-41f8-8606-649032b99c4b\" data-idx=\"2\" data-hook=\"item-container\"><div id=\"item-wrapper-375330f8-d791-41f8-8606-649032b99c4b\" class=\"gallery-item-wrapper visible cube-type-fit gallery-item-wrapper-text fade fade-visible\" data-hook=\"item-wrapper\"><div class=\"gallery-item-content item-content-regular\"><div class=\"gallery-item-visible gallery-item gallery-item-loaded text-item\" data-hook=\"text-item\"><div class=\"te-pro-gallery-text-item\"><p>Im Sport Rock in Willisau<br \/>haben wir unser\u00a0Kader-Teamevent<br \/>durchgef\u00fchrt.<\/p><\/div><\/div><\/div><\/div><\/div><\/div><\/div>\t\t\t\t\t\t\t\t<\/div>\n\t\t\t\t<\/div>\n\t\t\t\t\t<\/div>\n\t\t<\/div>\n\t\t\t\t<div class=\"elementor-column elementor-col-50 elementor-inner-column elementor-element elementor-element-1090b78\" data-id=\"1090b78\" data-element_type=\"column\" data-e-type=\"column\">\n\t\t\t<div class=\"elementor-widget-wrap elementor-element-populated\">\n\t\t\t\t\t\t<div class=\"elementor-element elementor-element-9a149a0 elementor-widget elementor-widget-image\" data-id=\"9a149a0\" data-element_type=\"widget\" data-e-type=\"widget\" data-widget_type=\"image.default\">\n\t\t\t\t<div class=\"elementor-widget-container\">\n\t\t\t\t\t\t\t\t\t\t\t\t\t\t\t<img decoding=\"async\" width=\"800\" height=\"534\" src=\"https:\/\/swisswrestling.ch\/wp-content\/uploads\/2024\/04\/Kader-Teamevent-SportRock-1024x684.jpg\" class=\"attachment-large size-large wp-image-21466\" alt=\"\" srcset=\"https:\/\/swisswrestling.ch\/wp-content\/uploads\/2024\/04\/Kader-Teamevent-SportRock-1024x684.jpg 1024w, https:\/\/swisswrestling.ch\/wp-content\/uploads\/2024\/04\/Kader-Teamevent-SportRock-300x200.jpg 300w, https:\/\/swisswrestling.ch\/wp-content\/uploads\/2024\/04\/Kader-Teamevent-SportRock-768x513.jpg 768w, https:\/\/swisswrestling.ch\/wp-content\/uploads\/2024\/04\/Kader-Teamevent-SportRock-1536x1026.jpg 1536w, https:\/\/swisswrestling.ch\/wp-content\/uploads\/2024\/04\/Kader-Teamevent-SportRock.jpg 2048w\" sizes=\"(max-width: 800px) 100vw, 800px\" \/>\t\t\t\t\t\t\t\t\t\t\t\t\t\t\t<\/div>\n\t\t\t\t<\/div>\n\t\t\t\t\t<\/div>\n\t\t<\/div>\n\t\t\t\t\t<\/div>\n\t\t<\/section>\n\t\t\t\t\t<\/div>\n\t\t<\/div>\n\t\t\t\t\t<\/div>\n\t\t<\/section>\n\t\t\t\t<\/div>\n\t\t","protected":false},"excerpt":{"rendered":"<p>News vom ZRV Wir haben zusammen mit dem S\u00fcdbadischen-Ringerverband einen ZRV-Trainingstag durchgef\u00fchrt, bei welchem \u00fcber 40 Kinder und Jugendliche teilgenommen haben. Im Sport Rock in Willisauhaben wir unser\u00a0Kader-Teameventdurchgef\u00fchrt.<\/p>\n","protected":false},"author":7,"featured_media":0,"parent":16292,"menu_order":10,"comment_status":"closed","ping_status":"closed","template":"","meta":{"footnotes":""},"class_list":["post-16306","page","type-page","status-publish","hentry"],"_links":{"self":[{"href":"https:\/\/swisswrestling.ch\/fr\/wp-json\/wp\/v2\/pages\/16306","targetHints":{"allow":["GET"]}}],"collection":[{"href":"https:\/\/swisswrestling.ch\/fr\/wp-json\/wp\/v2\/pages"}],"about":[{"href":"https:\/\/swisswrestling.ch\/fr\/wp-json\/wp\/v2\/types\/page"}],"author":[{"embeddable":true,"href":"https:\/\/swisswrestling.ch\/fr\/wp-json\/wp\/v2\/users\/7"}],"replies":[{"embeddable":true,"href":"https:\/\/swisswrestling.ch\/fr\/wp-json\/wp\/v2\/comments?post=16306"}],"version-history":[{"count":49,"href":"https:\/\/swisswrestling.ch\/fr\/wp-json\/wp\/v2\/pages\/16306\/revisions"}],"predecessor-version":[{"id":16814,"href":"https:\/\/swisswrestling.ch\/fr\/wp-json\/wp\/v2\/pages\/16306\/revisions\/16814"}],"up":[{"embeddable":true,"href":"https:\/\/swisswrestling.ch\/fr\/wp-json\/wp\/v2\/pages\/16292"}],"wp:attachment":[{"href":"https:\/\/swisswrestling.ch\/fr\/wp-json\/wp\/v2\/media?parent=16306"}],"curies":[{"name":"wp","href":"https:\/\/api.w.org\/{rel}","templated":true}]}}