{"id":16300,"date":"2024-04-18T17:10:16","date_gmt":"2024-04-18T15:10:16","guid":{"rendered":"https:\/\/swisswrestling.ch\/?page_id=16300"},"modified":"2025-01-30T10:53:27","modified_gmt":"2025-01-30T09:53:27","slug":"vorstand","status":"publish","type":"page","link":"https:\/\/swisswrestling.ch\/fr\/regionen\/orv\/vorstand\/","title":{"rendered":"ORV-Vorstand"},"content":{"rendered":"\t\t<div data-elementor-type=\"wp-page\" data-elementor-id=\"16300\" class=\"elementor elementor-16300\" data-elementor-post-type=\"page\">\n\t\t\t\t\t\t<section class=\"elementor-section elementor-top-section elementor-element elementor-element-d16460a elementor-section-boxed elementor-section-height-default elementor-section-height-default\" data-id=\"d16460a\" data-element_type=\"section\" data-e-type=\"section\">\n\t\t\t\t\t\t<div class=\"elementor-container elementor-column-gap-default\">\n\t\t\t\t\t<div class=\"elementor-column elementor-col-100 elementor-top-column elementor-element elementor-element-030b8b1\" data-id=\"030b8b1\" data-element_type=\"column\" data-e-type=\"column\">\n\t\t\t<div class=\"elementor-widget-wrap elementor-element-populated\">\n\t\t\t\t\t\t<div class=\"elementor-element elementor-element-ad29817 elementor-widget elementor-widget-heading\" data-id=\"ad29817\" data-element_type=\"widget\" data-e-type=\"widget\" data-widget_type=\"heading.default\">\n\t\t\t\t<div class=\"elementor-widget-container\">\n\t\t\t\t\t<h2 class=\"elementor-heading-title elementor-size-default\">ORV-Vorstand<\/h2>\t\t\t\t<\/div>\n\t\t\t\t<\/div>\n\t\t\t\t<div class=\"elementor-element elementor-element-d26ed1b elementor-widget elementor-widget-text-editor\" data-id=\"d26ed1b\" data-element_type=\"widget\" data-e-type=\"widget\" data-widget_type=\"text-editor.default\">\n\t\t\t\t<div class=\"elementor-widget-container\">\n\t\t\t\t\t\t\t\t\t<table border=\"0\" cellspacing=\"0\" cellpadding=\"5\"><tbody><tr class=\"orv-adress-table-even\"><td align=\"left\" valign=\"top\">Pr\u00e4sident<\/td><td align=\"left\" valign=\"top\"><b>Simon Helbling<br \/>H\u00fcgelstrasse 15<br \/>8862 Sch\u00fcbelbach<\/b><\/td><td align=\"left\" valign=\"top\">055 464 18 03<br \/>076 481 17 57<br \/><a>sim.helbling@gmail.com<\/a><\/td><\/tr><tr class=\"orv-adress-table-odd\"><td align=\"left\" valign=\"top\">Vizepr\u00e4sident\u00a0\/ Lizenzen<\/td><td align=\"left\" valign=\"top\"><b>Daniel Faraj<br \/>Unter\u00e4uliweg 2<br \/>8560 M\u00e4tstetten<\/b><\/td><td align=\"left\" valign=\"top\">078 684 09 04<br \/><a>daniel.faraj@hotmail.com<\/a><\/td><\/tr><tr class=\"orv-adress-table-even\"><td align=\"left\" valign=\"top\">Sekretariat<\/td><td align=\"left\" valign=\"top\"><b>Brigitte Zb\u00e4ren<br \/>Heimweg 5<br \/>6410 Goldau<\/b><\/td><td align=\"left\" valign=\"top\">079 274 68 19<br \/><a>b.zbaeren@datazug.ch<\/a><\/td><\/tr><tr class=\"orv-adress-table-odd\"><td align=\"left\" valign=\"top\">Kasse<\/td><td align=\"left\" valign=\"top\"><b>Brigitte Zb\u00e4ren<br \/>Heimweg 5<br \/>6410 Goldau<\/b><\/td><td align=\"left\" valign=\"top\">079 274 68 19<br \/><a>b.zbaeren@datazug.ch<\/a><\/td><\/tr><tr class=\"orv-adress-table-even\"><td align=\"left\" valign=\"top\">Technischer Leiter \/ \u00a0 Koordinator<\/td><td align=\"left\" valign=\"top\"><b>Damian Ulrich<br \/>Grabeneggstrasse 1<br \/>8854 Galgenen<\/b><\/td><td align=\"left\" valign=\"top\">079 700 74 39<br \/><a>damian-ulrich@bluewin.ch<\/a><\/td><\/tr><tr class=\"orv-adress-table-odd\"><td align=\"left\" valign=\"top\">Kampfrichter<\/td><td align=\"left\" valign=\"top\"><b>Alois F\u00e4ssler<br \/>Salbeistrasse 26<br \/>8570 Weinfelden<\/b><\/td><td align=\"left\" valign=\"top\">071 551 13 75<br \/>076 559 10 44<br \/>G: 058 345 50 34<br \/><a>alofaessler@bluewin.ch<\/a><\/td><\/tr><tr class=\"orv-adress-table-even\"><td align=\"left\" valign=\"top\">Beisitzer \/ \u00a0 Jahresbericht<\/td><td style=\"text-align: left\" align=\"left\" valign=\"top\"><span style=\"color: #ff0000\">vakant<\/span><\/td><td align=\"left\" valign=\"top\">\u00a0<\/td><\/tr><tr class=\"orv-adress-table-odd\"><td align=\"left\" valign=\"top\">Beisitzer \/ \u00a0 Listenf\u00fchrung<\/td><td align=\"left\" valign=\"top\"><b>Gabriel Schwyter<br \/>Gasterstrasse 18<br \/>8730 Uznach<\/b><\/td><td align=\"left\" valign=\"top\">055 210 53 24<br \/>077 474 66 15<br \/><a>schwyter-iten@bluewin.ch<\/a><\/td><\/tr><tr class=\"orv-adress-table-even\"><td align=\"left\" valign=\"top\">Beisitzer \/ \u00a0 Regionalkader, Jugendf\u00f6rderung<\/td><td align=\"left\" valign=\"top\"><b>Michael Bucher<br \/>Seebrunnenstrasse 13<br \/>5634 Merenschwand<\/b><\/td><td align=\"left\" valign=\"top\">079 938 28 25<br \/><a>michibucher97@gmail.com<\/a><\/td><\/tr><tr class=\"orv-adress-table-odd\"><td align=\"left\" valign=\"top\">Beisitzer \/ \u00a0JMM (Durchf\u00fchrung, Resultate)<\/td><td align=\"left\" valign=\"top\"><b>Simon Gerig<br \/>Steinmattstrasse 3<br \/>6460 Altdorf<\/b><\/td><td align=\"left\" valign=\"top\">079 526 18 88<br \/><a>simon.gerig@outlook.com<\/a><\/td><\/tr><tr class=\"orv-adress-table-even\"><td align=\"left\" valign=\"top\">Vereinsmitglied \/ \u00a0 Kampfrichtersekretariat<\/td><td align=\"left\" valign=\"top\"><b>Patricia Zgraggen<br \/>Dorfstrasse 17<br \/>6467 Schattdorf<\/b><\/td><td align=\"left\" valign=\"top\">041 870 79 07<br \/>079 564 98 13<br \/><a>patricia.zgraggen@ur.ch<\/a><\/td><\/tr><\/tbody><\/table>\t\t\t\t\t\t\t\t<\/div>\n\t\t\t\t<\/div>\n\t\t\t\t\t<\/div>\n\t\t<\/div>\n\t\t\t\t\t<\/div>\n\t\t<\/section>\n\t\t\t\t<\/div>\n\t\t","protected":false},"excerpt":{"rendered":"<p>ORV-Vorstand Pr\u00e4sident Simon HelblingH\u00fcgelstrasse 158862 Sch\u00fcbelbach 055 464 18 03076 481 17 57sim.helbling@gmail.com Vizepr\u00e4sident\u00a0\/ Lizenzen Daniel FarajUnter\u00e4uliweg 28560 M\u00e4tstetten 078 684 09 04daniel.faraj@hotmail.com Sekretariat Brigitte Zb\u00e4renHeimweg 56410 Goldau 079 274 68 19b.zbaeren@datazug.ch Kasse Brigitte Zb\u00e4renHeimweg 56410 Goldau 079 274 68 19b.zbaeren@datazug.ch Technischer Leiter \/ \u00a0 Koordinator Damian UlrichGrabeneggstrasse 18854 Galgenen 079 700 74 39damian-ulrich@bluewin.ch Kampfrichter [&hellip;]<\/p>\n","protected":false},"author":7,"featured_media":0,"parent":16290,"menu_order":20,"comment_status":"closed","ping_status":"closed","template":"","meta":{"footnotes":""},"class_list":["post-16300","page","type-page","status-publish","hentry"],"_links":{"self":[{"href":"https:\/\/swisswrestling.ch\/fr\/wp-json\/wp\/v2\/pages\/16300","targetHints":{"allow":["GET"]}}],"collection":[{"href":"https:\/\/swisswrestling.ch\/fr\/wp-json\/wp\/v2\/pages"}],"about":[{"href":"https:\/\/swisswrestling.ch\/fr\/wp-json\/wp\/v2\/types\/page"}],"author":[{"embeddable":true,"href":"https:\/\/swisswrestling.ch\/fr\/wp-json\/wp\/v2\/users\/7"}],"replies":[{"embeddable":true,"href":"https:\/\/swisswrestling.ch\/fr\/wp-json\/wp\/v2\/comments?post=16300"}],"version-history":[{"count":14,"href":"https:\/\/swisswrestling.ch\/fr\/wp-json\/wp\/v2\/pages\/16300\/revisions"}],"predecessor-version":[{"id":23415,"href":"https:\/\/swisswrestling.ch\/fr\/wp-json\/wp\/v2\/pages\/16300\/revisions\/23415"}],"up":[{"embeddable":true,"href":"https:\/\/swisswrestling.ch\/fr\/wp-json\/wp\/v2\/pages\/16290"}],"wp:attachment":[{"href":"https:\/\/swisswrestling.ch\/fr\/wp-json\/wp\/v2\/media?parent=16300"}],"curies":[{"name":"wp","href":"https:\/\/api.w.org\/{rel}","templated":true}]}}