{"id":10709,"date":"2022-05-05T10:10:48","date_gmt":"2022-05-05T08:10:48","guid":{"rendered":"https:\/\/neu.swisswrestling.ch\/general\/mentions-legales\/"},"modified":"2024-04-07T11:58:17","modified_gmt":"2024-04-07T09:58:17","slug":"mentions-legales","status":"publish","type":"page","link":"https:\/\/swisswrestling.ch\/fr\/general\/mentions-legales\/","title":{"rendered":"Mentions l\u00e9gales"},"content":{"rendered":"\t\t<div data-elementor-type=\"wp-page\" data-elementor-id=\"10709\" class=\"elementor elementor-10709 elementor-109\" data-elementor-post-type=\"page\">\n\t\t\t\t\t\t<section class=\"elementor-section elementor-top-section elementor-element elementor-element-4b5d09f9 elementor-reverse-tablet elementor-reverse-mobile elementor-section-boxed elementor-section-height-default elementor-section-height-default\" data-id=\"4b5d09f9\" data-element_type=\"section\" data-e-type=\"section\" data-settings=\"{&quot;background_background&quot;:&quot;classic&quot;}\">\n\t\t\t\t\t\t\t<div class=\"elementor-background-overlay\"><\/div>\n\t\t\t\t\t\t\t<div class=\"elementor-container elementor-column-gap-extended\">\n\t\t\t\t\t<div class=\"elementor-column elementor-col-100 elementor-top-column elementor-element elementor-element-557f41f1\" data-id=\"557f41f1\" data-element_type=\"column\" data-e-type=\"column\" data-settings=\"{&quot;background_background&quot;:&quot;classic&quot;}\">\n\t\t\t<div class=\"elementor-widget-wrap elementor-element-populated\">\n\t\t\t\t\t\t<section class=\"elementor-section elementor-inner-section elementor-element elementor-element-b56e5a9 elementor-section-boxed elementor-section-height-default elementor-section-height-default\" data-id=\"b56e5a9\" data-element_type=\"section\" data-e-type=\"section\" data-settings=\"{&quot;background_background&quot;:&quot;classic&quot;}\">\n\t\t\t\t\t\t<div class=\"elementor-container elementor-column-gap-default\">\n\t\t\t\t\t<div class=\"elementor-column elementor-col-100 elementor-inner-column elementor-element elementor-element-9cdbef9\" data-id=\"9cdbef9\" data-element_type=\"column\" data-e-type=\"column\">\n\t\t\t<div class=\"elementor-widget-wrap elementor-element-populated\">\n\t\t\t\t\t\t<div class=\"elementor-element elementor-element-1faeb38c elementor-widget elementor-widget-heading\" data-id=\"1faeb38c\" data-element_type=\"widget\" data-e-type=\"widget\" data-widget_type=\"heading.default\">\n\t\t\t\t<div class=\"elementor-widget-container\">\n\t\t\t\t\t<h2 class=\"elementor-heading-title elementor-size-default\">Mentions l\u00e9gales<\/h2>\t\t\t\t<\/div>\n\t\t\t\t<\/div>\n\t\t\t\t<div class=\"elementor-element elementor-element-17b3ca13 elementor-widget elementor-widget-text-editor\" data-id=\"17b3ca13\" data-element_type=\"widget\" data-e-type=\"widget\" data-settings=\"{&quot;_animation&quot;:&quot;none&quot;}\" data-widget_type=\"text-editor.default\">\n\t\t\t\t<div class=\"elementor-widget-container\">\n\t\t\t\t\t\t\t\t\t<p style=\"font-weight: 400;\"><strong>Swiss Wrestling<\/strong><\/p>\n<p style=\"font-weight: 400;\">Pr\u00e9sidente<br \/>Nadine Pietschmann<br \/>Styge 8<br \/>3325 Hettiswil bei Hindelbank<br \/><a href=\"mailto:praesident@swisswrestling.ch\">E-Mail<\/a><br \/>+41 (0)79 488 66 67<\/p>\n<p style=\"font-weight: 400;\">\u00a9 2024 Swiss Wrestling \u2013 Tous droits r\u00e9serv\u00e9s<\/p>\n\t\t\t\t\t\t\t\t<\/div>\n\t\t\t\t<\/div>\n\t\t\t\t<div class=\"elementor-element elementor-element-a99da40 elementor-widget elementor-widget-heading\" data-id=\"a99da40\" data-element_type=\"widget\" data-e-type=\"widget\" data-widget_type=\"heading.default\">\n\t\t\t\t<div class=\"elementor-widget-container\">\n\t\t\t\t\t<h4 class=\"elementor-heading-title elementor-size-default\">Programmation<\/h4>\t\t\t\t<\/div>\n\t\t\t\t<\/div>\n\t\t\t\t<div class=\"elementor-element elementor-element-e7d467c elementor-widget elementor-widget-text-editor\" data-id=\"e7d467c\" data-element_type=\"widget\" data-e-type=\"widget\" data-settings=\"{&quot;_animation&quot;:&quot;none&quot;}\" data-widget_type=\"text-editor.default\">\n\t\t\t\t<div class=\"elementor-widget-container\">\n\t\t\t\t\t\t\t\t\t<p style=\"font-weight: 400;\"><strong>ARONET GmbH<\/strong><b><strong><br \/><\/strong><\/b>Menznauerstrasse 6<br \/>6130 Willisau<br \/>T\u00e9l. 041 972 62 22<br \/><u><a href=\"mailto:info@aronet.ch\">E-Mail<\/a><\/u><br \/><u><a href=\"https:\/\/aronet.swiss\/\">aronet.swiss<\/a><\/u><\/p>\n\t\t\t\t\t\t\t\t<\/div>\n\t\t\t\t<\/div>\n\t\t\t\t<div class=\"elementor-element elementor-element-2cdd5e1 elementor-widget elementor-widget-heading\" data-id=\"2cdd5e1\" data-element_type=\"widget\" data-e-type=\"widget\" data-widget_type=\"heading.default\">\n\t\t\t\t<div class=\"elementor-widget-container\">\n\t\t\t\t\t<h4 class=\"elementor-heading-title elementor-size-default\">Limitation de responsabilit\u00e9<\/h4>\t\t\t\t<\/div>\n\t\t\t\t<\/div>\n\t\t\t\t<div class=\"elementor-element elementor-element-64c4548 elementor-widget elementor-widget-text-editor\" data-id=\"64c4548\" data-element_type=\"widget\" data-e-type=\"widget\" data-settings=\"{&quot;_animation&quot;:&quot;none&quot;}\" data-widget_type=\"text-editor.default\">\n\t\t\t\t<div class=\"elementor-widget-container\">\n\t\t\t\t\t\t\t\t\t<p style=\"font-weight: 400;\">Le contenu de ce site est cr\u00e9\u00e9 avec le plus grand soin. Cependant, le fournisseur ne garantit pas l&rsquo;exactitude, l&rsquo;exhaustivit\u00e9 et l&rsquo;actualit\u00e9 des contenus fournis. L&rsquo;utilisation du contenu du site est de la seule responsabilit\u00e9 de l&rsquo;utilisateur.  <\/p>\n\t\t\t\t\t\t\t\t<\/div>\n\t\t\t\t<\/div>\n\t\t\t\t<div class=\"elementor-element elementor-element-56489e5 elementor-widget elementor-widget-heading\" data-id=\"56489e5\" data-element_type=\"widget\" data-e-type=\"widget\" data-widget_type=\"heading.default\">\n\t\t\t\t<div class=\"elementor-widget-container\">\n\t\t\t\t\t<h4 class=\"elementor-heading-title elementor-size-default\">Liens externes<\/h4>\t\t\t\t<\/div>\n\t\t\t\t<\/div>\n\t\t\t\t<div class=\"elementor-element elementor-element-c856322 elementor-widget elementor-widget-text-editor\" data-id=\"c856322\" data-element_type=\"widget\" data-e-type=\"widget\" data-settings=\"{&quot;_animation&quot;:&quot;none&quot;}\" data-widget_type=\"text-editor.default\">\n\t\t\t\t<div class=\"elementor-widget-container\">\n\t\t\t\t\t\t\t\t\t<p>Ce site Web contient des liens vers des sites Web de tiers (\u00abliens externes\u00bb). Ces sites Web sont soumis \u00e0 la responsabilit\u00e9 de leurs exploitants respectifs. Veuillez vous r\u00e9f\u00e9rer aux d\u00e9clarations de confidentialit\u00e9 des fournisseurs respectifs.  <\/p>\n\t\t\t\t\t\t\t\t<\/div>\n\t\t\t\t<\/div>\n\t\t\t\t\t<\/div>\n\t\t<\/div>\n\t\t\t\t\t<\/div>\n\t\t<\/section>\n\t\t\t\t\t<\/div>\n\t\t<\/div>\n\t\t\t\t\t<\/div>\n\t\t<\/section>\n\t\t\t\t<\/div>\n\t\t","protected":false},"excerpt":{"rendered":"<p>Mentions l\u00e9gales Swiss Wrestling Pr\u00e9sidenteNadine PietschmannStyge 83325 Hettiswil bei HindelbankE-Mail+41 (0)79 488 66 67 \u00a9 2024 Swiss Wrestling \u2013 Tous droits r\u00e9serv\u00e9s Programmation ARONET GmbHMenznauerstrasse 66130 WillisauT\u00e9l. 041 972 62 22E-Mailaronet.swiss Limitation de responsabilit\u00e9 Le contenu de ce site est cr\u00e9\u00e9 avec le plus grand soin. Cependant, le fournisseur ne garantit pas l&rsquo;exactitude, l&rsquo;exhaustivit\u00e9 et [&hellip;]<\/p>\n","protected":false},"author":2,"featured_media":0,"parent":9942,"menu_order":100,"comment_status":"closed","ping_status":"closed","template":"","meta":{"footnotes":""},"class_list":["post-10709","page","type-page","status-publish","hentry"],"_links":{"self":[{"href":"https:\/\/swisswrestling.ch\/fr\/wp-json\/wp\/v2\/pages\/10709","targetHints":{"allow":["GET"]}}],"collection":[{"href":"https:\/\/swisswrestling.ch\/fr\/wp-json\/wp\/v2\/pages"}],"about":[{"href":"https:\/\/swisswrestling.ch\/fr\/wp-json\/wp\/v2\/types\/page"}],"author":[{"embeddable":true,"href":"https:\/\/swisswrestling.ch\/fr\/wp-json\/wp\/v2\/users\/2"}],"replies":[{"embeddable":true,"href":"https:\/\/swisswrestling.ch\/fr\/wp-json\/wp\/v2\/comments?post=10709"}],"version-history":[{"count":2,"href":"https:\/\/swisswrestling.ch\/fr\/wp-json\/wp\/v2\/pages\/10709\/revisions"}],"predecessor-version":[{"id":15858,"href":"https:\/\/swisswrestling.ch\/fr\/wp-json\/wp\/v2\/pages\/10709\/revisions\/15858"}],"up":[{"embeddable":true,"href":"https:\/\/swisswrestling.ch\/fr\/wp-json\/wp\/v2\/pages\/9942"}],"wp:attachment":[{"href":"https:\/\/swisswrestling.ch\/fr\/wp-json\/wp\/v2\/media?parent=10709"}],"curies":[{"name":"wp","href":"https:\/\/api.w.org\/{rel}","templated":true}]}}