{"id":10696,"date":"2023-02-03T14:53:26","date_gmt":"2023-02-03T13:53:26","guid":{"rendered":"https:\/\/neu.swisswrestling.ch\/swfe\/appels-doffres\/"},"modified":"2025-04-13T18:53:31","modified_gmt":"2025-04-13T16:53:31","slug":"appels-doffres","status":"publish","type":"page","link":"https:\/\/swisswrestling.ch\/fr\/swfe\/appels-doffres\/","title":{"rendered":"Invitations"},"content":{"rendered":"\t\t<div data-elementor-type=\"wp-page\" data-elementor-id=\"10696\" class=\"elementor elementor-10696 elementor-1219\" data-elementor-post-type=\"page\">\n\t\t\t\t\t\t<section class=\"elementor-section elementor-top-section elementor-element elementor-element-d87437f elementor-reverse-tablet elementor-reverse-mobile elementor-section-boxed elementor-section-height-default elementor-section-height-default\" data-id=\"d87437f\" data-element_type=\"section\" data-e-type=\"section\" data-settings=\"{&quot;background_background&quot;:&quot;classic&quot;}\">\n\t\t\t\t\t\t\t<div class=\"elementor-background-overlay\"><\/div>\n\t\t\t\t\t\t\t<div class=\"elementor-container elementor-column-gap-extended\">\n\t\t\t\t\t<div class=\"elementor-column elementor-col-100 elementor-top-column elementor-element elementor-element-aded77e\" data-id=\"aded77e\" data-element_type=\"column\" data-e-type=\"column\">\n\t\t\t<div class=\"elementor-widget-wrap elementor-element-populated\">\n\t\t\t\t\t\t<section class=\"elementor-section elementor-inner-section elementor-element elementor-element-d5e91a5 elementor-section-boxed elementor-section-height-default elementor-section-height-default\" data-id=\"d5e91a5\" data-element_type=\"section\" data-e-type=\"section\" data-settings=\"{&quot;background_background&quot;:&quot;classic&quot;}\">\n\t\t\t\t\t\t<div class=\"elementor-container elementor-column-gap-default\">\n\t\t\t\t\t<div class=\"elementor-column elementor-col-100 elementor-inner-column elementor-element elementor-element-5b36f04\" data-id=\"5b36f04\" data-element_type=\"column\" data-e-type=\"column\">\n\t\t\t<div class=\"elementor-widget-wrap elementor-element-populated\">\n\t\t\t\t\t\t<div class=\"elementor-element elementor-element-bc4b5ba elementor-widget elementor-widget-heading\" data-id=\"bc4b5ba\" data-element_type=\"widget\" data-e-type=\"widget\" data-widget_type=\"heading.default\">\n\t\t\t\t<div class=\"elementor-widget-container\">\n\t\t\t\t\t<h2 class=\"elementor-heading-title elementor-size-default\">Invitations<\/h2>\t\t\t\t<\/div>\n\t\t\t\t<\/div>\n\t\t\t\t<div class=\"elementor-element elementor-element-e09e9dd elementor-widget elementor-widget-text-editor\" data-id=\"e09e9dd\" data-element_type=\"widget\" data-e-type=\"widget\" data-widget_type=\"text-editor.default\">\n\t\t\t\t<div class=\"elementor-widget-container\">\n\t\t\t\t\t\t\t\t\t<p>D\u00e8s \u00e0 pr\u00e9sent, les appels d&rsquo;offres et listes d&rsquo;inscription actuels se trouvent dans le menu <span class=\"HwtZe\" lang=\"fr\"><span class=\"jCAhz ChMk0b\"><span class=\"ryNqvb\">\u00ab\u00a0<\/span><\/span><\/span><strong><span style=\"color: #0000ff\"><a style=\"color: #0000ff\" href=\"https:\/\/outlook.office365.com\/calendar\/published\/62041f24c1df4b96b0bd4248e85e5845@swisswrestling.ch\/d6b6c14c527a4843a559e7fc9e07d43512153629007881373971\/calendar.html\" target=\"_blank\" rel=\"noopener\">Calendrier<\/a><\/span><\/strong><span class=\"HwtZe\" lang=\"fr\"><span class=\"jCAhz ChMk0b\"><span class=\"ryNqvb\">\u00ab\u00a0<\/span><\/span><\/span>\u00e0 c\u00f4t\u00e9 de la date correspondante ! Cela concerne \u00e9galement les annonces et les listes d&rsquo;inscription des championnats suisses ! <\/p><hr><p><span class=\"HwtZe\" lang=\"fr\"><span class=\"jCAhz ChMk0b\"><span class=\"ryNqvb\">D\u00e9sormais, les annonces actuelles et les listes d&rsquo;inscriptions se trouvent dans le menu \u00a0\u00bb \u00ab\u00a0. <span style=\"color: #0000ff\"><strong><a style=\"color: #0000ff\" href=\"https:\/\/outlook.office365.com\/calendar\/published\/62041f24c1df4b96b0bd4248e85e5845@swisswrestling.ch\/d6b6c14c527a4843a559e7fc9e07d43512153629007881373971\/calendar.html\">Calendrier<\/a><\/strong><\/span> \u00ab\u00a0, \u00e0 c\u00f4t\u00e9 de la date correspondante ! <\/span><\/span><span class=\"jCAhz ChMk0b\"><span class=\"ryNqvb\">Ceci s&rsquo;applique \u00e9galement aux annonces et aux listes d&rsquo;inscriptions pour les Championnats suisses !<\/span><\/span><\/span><\/p>\t\t\t\t\t\t\t\t<\/div>\n\t\t\t\t<\/div>\n\t\t\t\t\t<\/div>\n\t\t<\/div>\n\t\t\t\t\t<\/div>\n\t\t<\/section>\n\t\t\t\t\t<\/div>\n\t\t<\/div>\n\t\t\t\t\t<\/div>\n\t\t<\/section>\n\t\t\t\t<\/div>\n\t\t","protected":false},"excerpt":{"rendered":"<p>Invitations D\u00e8s \u00e0 pr\u00e9sent, les appels d&rsquo;offres et listes d&rsquo;inscription actuels se trouvent dans le menu \u00ab\u00a0Calendrier\u00ab\u00a0\u00e0 c\u00f4t\u00e9 de la date correspondante ! Cela concerne \u00e9galement les annonces et les listes d&rsquo;inscription des championnats suisses ! D\u00e9sormais, les annonces actuelles et les listes d&rsquo;inscriptions se trouvent dans le menu \u00a0\u00bb \u00ab\u00a0. Calendrier \u00ab\u00a0, \u00e0 c\u00f4t\u00e9 [&hellip;]<\/p>\n","protected":false},"author":7,"featured_media":0,"parent":9897,"menu_order":20,"comment_status":"closed","ping_status":"closed","template":"","meta":{"footnotes":""},"class_list":["post-10696","page","type-page","status-publish","hentry"],"_links":{"self":[{"href":"https:\/\/swisswrestling.ch\/fr\/wp-json\/wp\/v2\/pages\/10696","targetHints":{"allow":["GET"]}}],"collection":[{"href":"https:\/\/swisswrestling.ch\/fr\/wp-json\/wp\/v2\/pages"}],"about":[{"href":"https:\/\/swisswrestling.ch\/fr\/wp-json\/wp\/v2\/types\/page"}],"author":[{"embeddable":true,"href":"https:\/\/swisswrestling.ch\/fr\/wp-json\/wp\/v2\/users\/7"}],"replies":[{"embeddable":true,"href":"https:\/\/swisswrestling.ch\/fr\/wp-json\/wp\/v2\/comments?post=10696"}],"version-history":[{"count":11,"href":"https:\/\/swisswrestling.ch\/fr\/wp-json\/wp\/v2\/pages\/10696\/revisions"}],"predecessor-version":[{"id":25363,"href":"https:\/\/swisswrestling.ch\/fr\/wp-json\/wp\/v2\/pages\/10696\/revisions\/25363"}],"up":[{"embeddable":true,"href":"https:\/\/swisswrestling.ch\/fr\/wp-json\/wp\/v2\/pages\/9897"}],"wp:attachment":[{"href":"https:\/\/swisswrestling.ch\/fr\/wp-json\/wp\/v2\/media?parent=10696"}],"curies":[{"name":"wp","href":"https:\/\/api.w.org\/{rel}","templated":true}]}}