{"id":10547,"date":"2023-02-16T15:41:45","date_gmt":"2023-02-16T14:41:45","guid":{"rendered":"https:\/\/neu.swisswrestling.ch\/base-de-donnees-des-lutteurs\/classement-des-tournois\/"},"modified":"2025-04-13T17:37:19","modified_gmt":"2025-04-13T15:37:19","slug":"classement-des-tournois","status":"publish","type":"page","link":"https:\/\/swisswrestling.ch\/fr\/base-de-donnees-des-lutteurs\/classement-des-tournois\/","title":{"rendered":"Classement des tournois"},"content":{"rendered":"\t\t<div data-elementor-type=\"wp-page\" data-elementor-id=\"10547\" class=\"elementor elementor-10547 elementor-1336\" data-elementor-post-type=\"page\">\n\t\t\t\t\t\t<section class=\"elementor-section elementor-top-section elementor-element elementor-element-c16e50c elementor-reverse-tablet elementor-reverse-mobile elementor-section-boxed elementor-section-height-default elementor-section-height-default\" data-id=\"c16e50c\" data-element_type=\"section\" data-e-type=\"section\" data-settings=\"{&quot;background_background&quot;:&quot;classic&quot;}\">\n\t\t\t\t\t\t\t<div class=\"elementor-background-overlay\"><\/div>\n\t\t\t\t\t\t\t<div class=\"elementor-container elementor-column-gap-extended\">\n\t\t\t\t\t<div class=\"elementor-column elementor-col-100 elementor-top-column elementor-element elementor-element-9d31eee\" data-id=\"9d31eee\" data-element_type=\"column\" data-e-type=\"column\">\n\t\t\t<div class=\"elementor-widget-wrap elementor-element-populated\">\n\t\t\t\t\t\t<section class=\"elementor-section elementor-inner-section elementor-element elementor-element-39e64c8 elementor-section-boxed elementor-section-height-default elementor-section-height-default\" data-id=\"39e64c8\" data-element_type=\"section\" data-e-type=\"section\" data-settings=\"{&quot;background_background&quot;:&quot;classic&quot;}\">\n\t\t\t\t\t\t<div class=\"elementor-container elementor-column-gap-default\">\n\t\t\t\t\t<div class=\"elementor-column elementor-col-100 elementor-inner-column elementor-element elementor-element-22d7e09\" data-id=\"22d7e09\" data-element_type=\"column\" data-e-type=\"column\">\n\t\t\t<div class=\"elementor-widget-wrap elementor-element-populated\">\n\t\t\t\t\t\t<div class=\"elementor-element elementor-element-5d42282f elementor-widget elementor-widget-heading\" data-id=\"5d42282f\" data-element_type=\"widget\" data-e-type=\"widget\" data-widget_type=\"heading.default\">\n\t\t\t\t<div class=\"elementor-widget-container\">\n\t\t\t\t\t<h2 class=\"elementor-heading-title elementor-size-default\">Classement des tournois<\/h2>\t\t\t\t<\/div>\n\t\t\t\t<\/div>\n\t\t\t\t<div class=\"elementor-element elementor-element-afdee44 elementor-widget elementor-widget-heading\" data-id=\"afdee44\" data-element_type=\"widget\" data-e-type=\"widget\" data-widget_type=\"heading.default\">\n\t\t\t\t<div class=\"elementor-widget-container\">\n\t\t\t\t\t<h4 class=\"elementor-heading-title elementor-size-default\">Tournoi actuel<\/h4>\t\t\t\t<\/div>\n\t\t\t\t<\/div>\n\t\t\t\t<div class=\"elementor-element elementor-element-46a7a33 elementor-widget elementor-widget-heading\" data-id=\"46a7a33\" data-element_type=\"widget\" data-e-type=\"widget\" data-widget_type=\"heading.default\">\n\t\t\t\t<div class=\"elementor-widget-container\">\n\t\t\t\t\t<h4 class=\"elementor-heading-title elementor-size-default\">Tournois 2025<\/h4>\t\t\t\t<\/div>\n\t\t\t\t<\/div>\n\t\t\t\t<div class=\"elementor-element elementor-element-6fbc4e2 elementor-widget elementor-widget-text-editor\" data-id=\"6fbc4e2\" data-element_type=\"widget\" data-e-type=\"widget\" data-widget_type=\"text-editor.default\">\n\t\t\t\t<div class=\"elementor-widget-container\">\n\t\t\t\t\t\t\t\t\t<p>Les r\u00e9sultats actuels des championnats suisses \u00e0 partir de 2025 sont disponibles ici : &gt;<a href=\"https:\/\/www.ringerdb.de\/fr\/turniere\/turnieruebersicht.aspx?Saison=2025&amp;Land=CH&amp;ZB=E\" target=\"_blank\" rel=\"noopener\"><strong>R\u00e9sultats des CS<\/strong>&lt;<\/a><br><br><\/p>\t\t\t\t\t\t\t\t<\/div>\n\t\t\t\t<\/div>\n\t\t\t\t<div class=\"elementor-element elementor-element-abe3d5f elementor-widget elementor-widget-heading\" data-id=\"abe3d5f\" data-element_type=\"widget\" data-e-type=\"widget\" data-widget_type=\"heading.default\">\n\t\t\t\t<div class=\"elementor-widget-container\">\n\t\t\t\t\t<h4 class=\"elementor-heading-title elementor-size-default\">Turnois 2024<\/h4>\t\t\t\t<\/div>\n\t\t\t\t<\/div>\n\t\t\t\t<div class=\"elementor-element elementor-element-0b27571 elementor-widget elementor-widget-text-editor\" data-id=\"0b27571\" data-element_type=\"widget\" data-e-type=\"widget\" data-widget_type=\"text-editor.default\">\n\t\t\t\t<div class=\"elementor-widget-container\">\n\t\t\t\t\t\t\t\t\t<ul><li><a href=\"https:\/\/swisswrestling.ch\/wp-content\/uploads\/2024\/08\/2024-08-25-Raiffeisencup-Rangliste-Kriessern.pdf\" target=\"_blank\" rel=\"noopener\">2024-08-25 &#8211; Classement Raiffeisencup (Kriessern)<\/a><\/li><li><a href=\"https:\/\/swisswrestling.ch\/wp-content\/uploads\/2024\/08\/2024-08-24-Internationales-Grenzlandturnier-Rangliste-Kriessern.pdf\" target=\"_blank\" rel=\"noopener\">2024-08-24 &#8211; Classement du Tournoi International de Fronti\u00e8re (Kriessern)<\/a><\/li><li><a href=\"https:\/\/swisswrestling.ch\/wp-content\/uploads\/2024\/08\/2024-08-17-Waldstaettercup-Resultate-Vorrunde.pdf\" target=\"_blank\" rel=\"noopener\">2024-08-17 &#8211; Waldstaettercup &#8211; R\u00e9sultats du premier tour (Horw)<\/a><\/li><li><a href=\"https:\/\/swisswrestling.ch\/wp-content\/uploads\/2024\/08\/2024-08-17-Waldstaettercup-Schlussrangliste.pdf\" target=\"_blank\" rel=\"noopener\">2024-08-17 &#8211; Waldstaettercup &#8211; Classement final (Horw)<\/a><\/li><li><a href=\"https:\/\/swisswrestling.ch\/wp-content\/uploads\/2024\/08\/2024-08-11-Eidgenoessische-Ringertage-in-Brunnen-Rangliste-Jugend-und-Piccolo.pdf\" target=\"_blank\" rel=\"noopener\">2024-08-11 &#8211; Journ\u00e9es F\u00e9d\u00e9rales de Lutte &#8211; Classement Jeunes et Piccolo (Brunnen)<\/a><\/li><li><a href=\"https:\/\/swisswrestling.ch\/wp-content\/uploads\/2024\/08\/2024-08-10-Eidgenoessische-Ringertage-in-Brunnen-Rangliste-Aktive.pdf\" target=\"_blank\" rel=\"noopener\">2024-08-10 &#8211; Journ\u00e9es F\u00e9d\u00e9rales de Lutte &#8211; Classement Actifs (Brunnen)<\/a><\/li><li><a href=\"https:\/\/rdb.swfe.ch\/fileadmin\/ResultateTVW\/Aktuelles%20Turnier\/indexGER.htm\" target=\"_blank\" rel=\"noopener\">2024-06-29 &#8211; Tournoi J&amp;S (Willisau)<\/a><\/li><li><a href=\"https:\/\/rdb.swfe.ch\/fileadmin\/ResultateTVW\/SM24_Greco_Aktive_Kadetten\/indexGER.htm\" target=\"_blank\" rel=\"noopener\" data-ogsc=\"\">2024-04-20 &#8211; CS Greco Actifs, Cadets (Therwil)<\/a><\/li><li><a href=\"https:\/\/rdb.swfe.ch\/fileadmin\/ResultateTVW\/SM24_Freistil_Aktive_Frauen_Kadetten\/indexGER.htm\" target=\"_blank\" rel=\"noopener\" data-ogsc=\"\">2024-05-18 &#8211; CS Libre Actifs, Femmes, Cadets (Collombey)<\/a><\/li><li><a href=\"https:\/\/rdb.swfe.ch\/fileadmin\/ResultateTVW\/SM24_Freistil_Junioren_JugendA\/indexGER.htm\" target=\"_blank\" rel=\"noopener\">2024-04-13 &#8211; CS libre juniors, jeunesse A (Weinfelden)<\/a><\/li><li><a href=\"https:\/\/rdb.swfe.ch\/fileadmin\/ResultateTVW\/SM24_Greco_Junioren_JugendA\/indexGER.htm\" target=\"_blank\" rel=\"noopener\">2024-03-09 &#8211; CS Greco Juniors, Jeunesse A (Sch\u00f6tz)<\/a><\/li><\/ul>\t\t\t\t\t\t\t\t<\/div>\n\t\t\t\t<\/div>\n\t\t\t\t<div class=\"elementor-element elementor-element-3174f5e elementor-widget elementor-widget-heading\" data-id=\"3174f5e\" data-element_type=\"widget\" data-e-type=\"widget\" data-widget_type=\"heading.default\">\n\t\t\t\t<div class=\"elementor-widget-container\">\n\t\t\t\t\t<h4 class=\"elementor-heading-title elementor-size-default\">Tournois 2023<\/h4>\t\t\t\t<\/div>\n\t\t\t\t<\/div>\n\t\t\t\t<div class=\"elementor-element elementor-element-ef2d938 elementor-widget elementor-widget-text-editor\" data-id=\"ef2d938\" data-element_type=\"widget\" data-e-type=\"widget\" data-widget_type=\"text-editor.default\">\n\t\t\t\t<div class=\"elementor-widget-container\">\n\t\t\t\t\t\t\t\t\t<ul><li><a href=\"https:\/\/rdb.swfe.ch\/fileadmin\/ResultateTVW\/Aktuelles%20Turnier\/indexGER.htm\" target=\"_blank\" rel=\"noopener\" data-wplink-url-error=\"true\">Tournoi J&amp;S &#8211; Cadets, Jeunes, Piccolo (Willisau)<\/a><\/li><li><a href=\"https:\/\/rdb.swfe.ch\/fileadmin\/ResultateTVW\/SM23_Freistil_Junioren_JugendA\/indexGER.htm\" target=\"_blank\" rel=\"noopener\">2023-05-13 &#8211; CS libre juniors, jeunesse A (Reussb\u00fchl)<\/a><\/li><li><a style=\"font-family: var( --e-global-typography-text-font-family ), Sans-serif;font-size: var( --e-global-typography-text-font-size );font-weight: var( --e-global-typography-text-font-weight )\" href=\"https:\/\/rdb.swfe.ch\/fileadmin\/ResultateTVW\/SM23_Freistil_Aktive_Frauen_Kadetten\/indexGER.htm\" target=\"_blank\" rel=\"noopener\">2023-04-29 &#8211; CS Libre Actifs, Femmes, Cadets (Merenschwand)<\/a><\/li><li><a style=\"font-family: var( --e-global-typography-text-font-family ), Sans-serif;font-size: var( --e-global-typography-text-font-size );font-weight: var( --e-global-typography-text-font-weight )\" href=\"https:\/\/rdb.swfe.ch\/fileadmin\/ResultateTVW\/SM23_Greco_Junioren%20JugendA\/indexGER.htm\" target=\"_blank\" rel=\"noopener\">2023-04-22 &#8211; CS Greco Juniors, Jeunesse A (Oberriet)<\/a><a style=\"font-family: var( --e-global-typography-text-font-family ), Sans-serif;font-size: var( --e-global-typography-text-font-size );font-weight: var( --e-global-typography-text-font-weight )\" href=\"https:\/\/rdb.swfe.ch\/fileadmin\/ResultateTVW\/SM23_Greco_Junioren%20JugendA\/indexGER.htm\">)<\/a><\/li><li><a style=\"font-family: var( --e-global-typography-text-font-family ), Sans-serif;font-size: var( --e-global-typography-text-font-size );font-weight: var( --e-global-typography-text-font-weight )\" href=\"https:\/\/rdb.swfe.ch\/fileadmin\/ResultateTVW\/SM23_Greco_Aktive_Kadetten\/indexGER.htm\" target=\"_blank\" rel=\"noopener\">2023-04-01 &#8211; CS Greco Actifs, Cadets (Martigny)<\/a><\/li><li><a href=\"https:\/\/rdb.swfe.ch\/fileadmin\/ResultateTVW\/ZRV23_JugendA_JugendB_Piccolo_Hergiswil\/indexGER.htm\" target=\"_blank\" rel=\"noopener\">2023-04-15 &#8211; Tournoi des jeunes A, jeunes B et Piccolo (Hergiswil)<\/a><\/li><\/ul>\t\t\t\t\t\t\t\t<\/div>\n\t\t\t\t<\/div>\n\t\t\t\t<div class=\"elementor-element elementor-element-71264fe elementor-widget elementor-widget-heading\" data-id=\"71264fe\" data-element_type=\"widget\" data-e-type=\"widget\" data-widget_type=\"heading.default\">\n\t\t\t\t<div class=\"elementor-widget-container\">\n\t\t\t\t\t<h4 class=\"elementor-heading-title elementor-size-default\">Tournois 2022<\/h4>\t\t\t\t<\/div>\n\t\t\t\t<\/div>\n\t\t\t\t<div class=\"elementor-element elementor-element-41587cf elementor-widget elementor-widget-text-editor\" data-id=\"41587cf\" data-element_type=\"widget\" data-e-type=\"widget\" data-widget_type=\"text-editor.default\">\n\t\t\t\t<div class=\"elementor-widget-container\">\n\t\t\t\t\t\t\t\t\t<ul><li><a href=\"https:\/\/rdb.swfe.ch\/fileadmin\/ResultateTVW\/SM22_Greco_Junioren_JugendA\/indexGER.htm\" target=\"_blank\" rel=\"noopener\">2022-06-04 &#8211; CS Greco Juniors, Jeunesse A (Willisau)<\/a><\/li><li><a href=\"https:\/\/rdb.swfe.ch\/fileadmin\/ResultateTVW\/SM22_Freistil_Aktive_Frauen_Kadetten\/indexGER.htm\" target=\"_blank\" rel=\"noopener\">2022-05-28 &#8211; CS Libre Actifs, Femmes et Cadets (Belp)<\/a><\/li><li><a href=\"https:\/\/rdb.swfe.ch\/fileadmin\/ResultateTVW\/SM22_Freistil_Junioren_JugendA\/indexGER.htm\" target=\"_blank\" rel=\"noopener\">2022-04-09 &#8211; CS libre juniors, jeunesse A (Altdorf)<\/a><\/li><li><a href=\"https:\/\/rdb.swfe.ch\/fileadmin\/ResultateTVW\/SM22_Greco_Aktive_Kadetten\/indexGER.htm\" target=\"_blank\" rel=\"noopener\">2022-05-14 &#8211; CS Greco Actifs, Cadets (Oberriet)<\/a><\/li><li><a href=\"https:\/\/rdb.swfe.ch\/fileadmin\/ResultateTVW\/ZRV22_JugendA_JugendB_Piccolo_Hergiswil\/indexGER.htm\" target=\"_blank\" rel=\"noopener\">2022-04-23 &#8211; Tournoi des jeunes A, jeunes B et Piccolo (Hergiswil)<\/a><\/li><\/ul>\t\t\t\t\t\t\t\t<\/div>\n\t\t\t\t<\/div>\n\t\t\t\t<div class=\"elementor-element elementor-element-eaf0250 elementor-widget elementor-widget-heading\" data-id=\"eaf0250\" data-element_type=\"widget\" data-e-type=\"widget\" data-widget_type=\"heading.default\">\n\t\t\t\t<div class=\"elementor-widget-container\">\n\t\t\t\t\t<h4 class=\"elementor-heading-title elementor-size-default\">Tournois 2021<\/h4>\t\t\t\t<\/div>\n\t\t\t\t<\/div>\n\t\t\t\t<div class=\"elementor-element elementor-element-726da9a elementor-widget elementor-widget-text-editor\" data-id=\"726da9a\" data-element_type=\"widget\" data-e-type=\"widget\" data-widget_type=\"text-editor.default\">\n\t\t\t\t<div class=\"elementor-widget-container\">\n\t\t\t\t\t\t\t\t\t<ul><li><a href=\"https:\/\/www.liga-db.de\/Turniere\/DM\/2021\/CH\/210703_Domdidier-FR\/indexGER.htm\" target=\"_blank\" rel=\"noopener\">2021-07-03 &#8211; CS Greco Juniors, Jeunesse A (Domdidier)<\/a><\/li><li><a href=\"https:\/\/www.liga-db.de\/Turniere\/DM\/2021\/CH\/210710_Bern\/indexGER.htm\" target=\"_blank\" rel=\"noopener\">2021-07-10 &#8211; CS Libre Actif, Cadets (Berne)<\/a><\/li><li><a href=\"https:\/\/www.liga-db.de\/Turniere\/DM\/2021\/CH\/210717_Willisau\/indexGER.htm\" target=\"_blank\" rel=\"noopener\">2021-07-17 &#8211; CS Greco Actifs, Cadets (Willisau)<\/a><\/li><li><a href=\"https:\/\/rdb.swfe.ch\/fileadmin\/SWFE\/Ranglisten%20Turniere\/2021\/SM%202021%20Bern%20Aktive%20Frauen%20Kadetten%20Freistil.pdf\">2021-07-10 &#8211; CS Libre Active Femmes, Cadets (Berne), PDF<\/a><\/li><li><a href=\"https:\/\/rdb.swfe.ch\/fileadmin\/SWFE\/Ranglisten%20Turniere\/2021\/SM%202021%20Domdidier%20Junioren%20Jugend%20A%20Greco.pdf\">2021-07-03 &#8211; CS Greco Juniors, Jeunesse A (Domdidier), PDF<\/a><\/li><li><a href=\"https:\/\/rdb.swfe.ch\/fileadmin\/SWFE\/Ranglisten%20Turniere\/2021\/SM%202021%20Willisau%20Aktive%20Kadetten%20Greco.pdf\">2021-07-17 &#8211; CS Greco Actifs, Cadets (Willisau), PDF<\/a><\/li><\/ul>\t\t\t\t\t\t\t\t<\/div>\n\t\t\t\t<\/div>\n\t\t\t\t<div class=\"elementor-element elementor-element-50ad325 elementor-widget elementor-widget-heading\" data-id=\"50ad325\" data-element_type=\"widget\" data-e-type=\"widget\" data-widget_type=\"heading.default\">\n\t\t\t\t<div class=\"elementor-widget-container\">\n\t\t\t\t\t<h4 class=\"elementor-heading-title elementor-size-default\">Tournois 2019<\/h4>\t\t\t\t<\/div>\n\t\t\t\t<\/div>\n\t\t\t\t<div class=\"elementor-element elementor-element-837cb64 elementor-widget elementor-widget-swfe_ringerdb\" data-id=\"837cb64\" data-element_type=\"widget\" data-e-type=\"widget\" data-widget_type=\"swfe_ringerdb.default\">\n\t\t\t\t<div class=\"elementor-widget-container\">\n\t\t\t\t\t<br \/>\n<b>Warning<\/b>:  file_get_contents(https:\/\/rdb.swfe.ch\/wprdb\/swfeFileList\/1\/0?path=\/SWFE\/Ranglisten Turniere\/2019): Failed to open stream: HTTP request failed! HTTP\/1.1 400 Bad Request\r\n in <b>\/srv\/www\/chroot\/site05\/web\/wp-content\/plugins\/swisswrestling\/widgets\/ringerdb-widget.php<\/b> on line <b>1257<\/b><br \/>\n<br \/>\n<b>Warning<\/b>:  foreach() argument must be of type array|object, null given in <b>\/srv\/www\/chroot\/site05\/web\/wp-content\/plugins\/swisswrestling\/widgets\/ringerdb-widget.php<\/b> on line <b>1263<\/b><br \/>\n<div class=\"swfe_rdb\">\n<section class=\"swfe_files\">\n<\/section>\n<\/div>\n\t\t\t\t<\/div>\n\t\t\t\t<\/div>\n\t\t\t\t<div class=\"elementor-element elementor-element-42f01a3 elementor-widget elementor-widget-heading\" data-id=\"42f01a3\" data-element_type=\"widget\" data-e-type=\"widget\" data-widget_type=\"heading.default\">\n\t\t\t\t<div class=\"elementor-widget-container\">\n\t\t\t\t\t<h4 class=\"elementor-heading-title elementor-size-default\">Tournois 2018<\/h4>\t\t\t\t<\/div>\n\t\t\t\t<\/div>\n\t\t\t\t<div class=\"elementor-element elementor-element-e26e878 elementor-widget elementor-widget-swfe_ringerdb\" data-id=\"e26e878\" data-element_type=\"widget\" data-e-type=\"widget\" data-widget_type=\"swfe_ringerdb.default\">\n\t\t\t\t<div class=\"elementor-widget-container\">\n\t\t\t\t\t<br \/>\n<b>Warning<\/b>:  file_get_contents(https:\/\/rdb.swfe.ch\/wprdb\/swfeFileList\/1\/0?path=\/SWFE\/Ranglisten Turniere\/2018): Failed to open stream: HTTP request failed! HTTP\/1.1 400 Bad Request\r\n in <b>\/srv\/www\/chroot\/site05\/web\/wp-content\/plugins\/swisswrestling\/widgets\/ringerdb-widget.php<\/b> on line <b>1257<\/b><br \/>\n<br \/>\n<b>Warning<\/b>:  foreach() argument must be of type array|object, null given in <b>\/srv\/www\/chroot\/site05\/web\/wp-content\/plugins\/swisswrestling\/widgets\/ringerdb-widget.php<\/b> on line <b>1263<\/b><br \/>\n<div class=\"swfe_rdb\">\n<section class=\"swfe_files\">\n<\/section>\n<\/div>\n\t\t\t\t<\/div>\n\t\t\t\t<\/div>\n\t\t\t\t<div class=\"elementor-element elementor-element-903970d elementor-widget elementor-widget-heading\" data-id=\"903970d\" data-element_type=\"widget\" data-e-type=\"widget\" data-widget_type=\"heading.default\">\n\t\t\t\t<div class=\"elementor-widget-container\">\n\t\t\t\t\t<h4 class=\"elementor-heading-title elementor-size-default\">Tournois 2017<\/h4>\t\t\t\t<\/div>\n\t\t\t\t<\/div>\n\t\t\t\t<div class=\"elementor-element elementor-element-414a815 elementor-widget elementor-widget-swfe_ringerdb\" data-id=\"414a815\" data-element_type=\"widget\" data-e-type=\"widget\" data-widget_type=\"swfe_ringerdb.default\">\n\t\t\t\t<div class=\"elementor-widget-container\">\n\t\t\t\t\t<br \/>\n<b>Warning<\/b>:  file_get_contents(https:\/\/rdb.swfe.ch\/wprdb\/swfeFileList\/1\/0?path=\/SWFE\/Ranglisten Turniere\/2017): Failed to open stream: HTTP request failed! HTTP\/1.1 400 Bad Request\r\n in <b>\/srv\/www\/chroot\/site05\/web\/wp-content\/plugins\/swisswrestling\/widgets\/ringerdb-widget.php<\/b> on line <b>1257<\/b><br \/>\n<br \/>\n<b>Warning<\/b>:  foreach() argument must be of type array|object, null given in <b>\/srv\/www\/chroot\/site05\/web\/wp-content\/plugins\/swisswrestling\/widgets\/ringerdb-widget.php<\/b> on line <b>1263<\/b><br \/>\n<div class=\"swfe_rdb\">\n<section class=\"swfe_files\">\n<\/section>\n<\/div>\n\t\t\t\t<\/div>\n\t\t\t\t<\/div>\n\t\t\t\t<div class=\"elementor-element elementor-element-22438d7 elementor-widget elementor-widget-heading\" data-id=\"22438d7\" data-element_type=\"widget\" data-e-type=\"widget\" data-widget_type=\"heading.default\">\n\t\t\t\t<div class=\"elementor-widget-container\">\n\t\t\t\t\t<h4 class=\"elementor-heading-title elementor-size-default\">Tournois 2016<\/h4>\t\t\t\t<\/div>\n\t\t\t\t<\/div>\n\t\t\t\t<div class=\"elementor-element elementor-element-5121d82 elementor-widget elementor-widget-swfe_ringerdb\" data-id=\"5121d82\" data-element_type=\"widget\" data-e-type=\"widget\" data-widget_type=\"swfe_ringerdb.default\">\n\t\t\t\t<div class=\"elementor-widget-container\">\n\t\t\t\t\t<br \/>\n<b>Warning<\/b>:  file_get_contents(https:\/\/rdb.swfe.ch\/wprdb\/swfeFileList\/1\/0?path=\/SWFE\/Ranglisten Turniere\/2016): Failed to open stream: HTTP request failed! HTTP\/1.1 400 Bad Request\r\n in <b>\/srv\/www\/chroot\/site05\/web\/wp-content\/plugins\/swisswrestling\/widgets\/ringerdb-widget.php<\/b> on line <b>1257<\/b><br \/>\n<br \/>\n<b>Warning<\/b>:  foreach() argument must be of type array|object, null given in <b>\/srv\/www\/chroot\/site05\/web\/wp-content\/plugins\/swisswrestling\/widgets\/ringerdb-widget.php<\/b> on line <b>1263<\/b><br \/>\n<div class=\"swfe_rdb\">\n<section class=\"swfe_files\">\n<\/section>\n<\/div>\n\t\t\t\t<\/div>\n\t\t\t\t<\/div>\n\t\t\t\t<div class=\"elementor-element elementor-element-79f9a06 elementor-widget elementor-widget-heading\" data-id=\"79f9a06\" data-element_type=\"widget\" data-e-type=\"widget\" data-widget_type=\"heading.default\">\n\t\t\t\t<div class=\"elementor-widget-container\">\n\t\t\t\t\t<h4 class=\"elementor-heading-title elementor-size-default\">Tournois 2015<\/h4>\t\t\t\t<\/div>\n\t\t\t\t<\/div>\n\t\t\t\t<div class=\"elementor-element elementor-element-37a99b5 elementor-widget elementor-widget-swfe_ringerdb\" data-id=\"37a99b5\" data-element_type=\"widget\" data-e-type=\"widget\" data-widget_type=\"swfe_ringerdb.default\">\n\t\t\t\t<div class=\"elementor-widget-container\">\n\t\t\t\t\t<br \/>\n<b>Warning<\/b>:  file_get_contents(https:\/\/rdb.swfe.ch\/wprdb\/swfeFileList\/1\/0?path=\/SWFE\/Ranglisten Turniere\/2015): Failed to open stream: HTTP request failed! HTTP\/1.1 400 Bad Request\r\n in <b>\/srv\/www\/chroot\/site05\/web\/wp-content\/plugins\/swisswrestling\/widgets\/ringerdb-widget.php<\/b> on line <b>1257<\/b><br \/>\n<br \/>\n<b>Warning<\/b>:  foreach() argument must be of type array|object, null given in <b>\/srv\/www\/chroot\/site05\/web\/wp-content\/plugins\/swisswrestling\/widgets\/ringerdb-widget.php<\/b> on line <b>1263<\/b><br \/>\n<div class=\"swfe_rdb\">\n<section class=\"swfe_files\">\n<\/section>\n<\/div>\n\t\t\t\t<\/div>\n\t\t\t\t<\/div>\n\t\t\t\t<div class=\"elementor-element elementor-element-5bed041 elementor-widget elementor-widget-heading\" data-id=\"5bed041\" data-element_type=\"widget\" data-e-type=\"widget\" data-widget_type=\"heading.default\">\n\t\t\t\t<div class=\"elementor-widget-container\">\n\t\t\t\t\t<h4 class=\"elementor-heading-title elementor-size-default\">Tournois 2014<\/h4>\t\t\t\t<\/div>\n\t\t\t\t<\/div>\n\t\t\t\t<div class=\"elementor-element elementor-element-30e384d elementor-widget elementor-widget-swfe_ringerdb\" data-id=\"30e384d\" data-element_type=\"widget\" data-e-type=\"widget\" data-widget_type=\"swfe_ringerdb.default\">\n\t\t\t\t<div class=\"elementor-widget-container\">\n\t\t\t\t\t<br \/>\n<b>Warning<\/b>:  file_get_contents(https:\/\/rdb.swfe.ch\/wprdb\/swfeFileList\/1\/0?path=\/SWFE\/Ranglisten Turniere\/2014): Failed to open stream: HTTP request failed! HTTP\/1.1 400 Bad Request\r\n in <b>\/srv\/www\/chroot\/site05\/web\/wp-content\/plugins\/swisswrestling\/widgets\/ringerdb-widget.php<\/b> on line <b>1257<\/b><br \/>\n<br \/>\n<b>Warning<\/b>:  foreach() argument must be of type array|object, null given in <b>\/srv\/www\/chroot\/site05\/web\/wp-content\/plugins\/swisswrestling\/widgets\/ringerdb-widget.php<\/b> on line <b>1263<\/b><br \/>\n<div class=\"swfe_rdb\">\n<section class=\"swfe_files\">\n<\/section>\n<\/div>\n\t\t\t\t<\/div>\n\t\t\t\t<\/div>\n\t\t\t\t<div class=\"elementor-element elementor-element-bfff305 elementor-widget elementor-widget-heading\" data-id=\"bfff305\" data-element_type=\"widget\" data-e-type=\"widget\" data-widget_type=\"heading.default\">\n\t\t\t\t<div class=\"elementor-widget-container\">\n\t\t\t\t\t<h4 class=\"elementor-heading-title elementor-size-default\">Tournois 2013<\/h4>\t\t\t\t<\/div>\n\t\t\t\t<\/div>\n\t\t\t\t<div class=\"elementor-element elementor-element-ba047a6 elementor-widget elementor-widget-swfe_ringerdb\" data-id=\"ba047a6\" data-element_type=\"widget\" data-e-type=\"widget\" data-widget_type=\"swfe_ringerdb.default\">\n\t\t\t\t<div class=\"elementor-widget-container\">\n\t\t\t\t\t<br \/>\n<b>Warning<\/b>:  file_get_contents(https:\/\/rdb.swfe.ch\/wprdb\/swfeFileList\/1\/0?path=\/SWFE\/Ranglisten Turniere\/2013): Failed to open stream: HTTP request failed! HTTP\/1.1 400 Bad Request\r\n in <b>\/srv\/www\/chroot\/site05\/web\/wp-content\/plugins\/swisswrestling\/widgets\/ringerdb-widget.php<\/b> on line <b>1257<\/b><br \/>\n<br \/>\n<b>Warning<\/b>:  foreach() argument must be of type array|object, null given in <b>\/srv\/www\/chroot\/site05\/web\/wp-content\/plugins\/swisswrestling\/widgets\/ringerdb-widget.php<\/b> on line <b>1263<\/b><br \/>\n<div class=\"swfe_rdb\">\n<section class=\"swfe_files\">\n<\/section>\n<\/div>\n\t\t\t\t<\/div>\n\t\t\t\t<\/div>\n\t\t\t\t<div class=\"elementor-element elementor-element-82f38c3 elementor-widget elementor-widget-heading\" data-id=\"82f38c3\" data-element_type=\"widget\" data-e-type=\"widget\" data-widget_type=\"heading.default\">\n\t\t\t\t<div class=\"elementor-widget-container\">\n\t\t\t\t\t<h4 class=\"elementor-heading-title elementor-size-default\">Tournois 2012<\/h4>\t\t\t\t<\/div>\n\t\t\t\t<\/div>\n\t\t\t\t<div class=\"elementor-element elementor-element-de63f1e elementor-widget elementor-widget-swfe_ringerdb\" data-id=\"de63f1e\" data-element_type=\"widget\" data-e-type=\"widget\" data-widget_type=\"swfe_ringerdb.default\">\n\t\t\t\t<div class=\"elementor-widget-container\">\n\t\t\t\t\t<br \/>\n<b>Warning<\/b>:  file_get_contents(https:\/\/rdb.swfe.ch\/wprdb\/swfeFileList\/1\/0?path=\/SWFE\/Ranglisten Turniere\/2012): Failed to open stream: HTTP request failed! HTTP\/1.1 400 Bad Request\r\n in <b>\/srv\/www\/chroot\/site05\/web\/wp-content\/plugins\/swisswrestling\/widgets\/ringerdb-widget.php<\/b> on line <b>1257<\/b><br \/>\n<br \/>\n<b>Warning<\/b>:  foreach() argument must be of type array|object, null given in <b>\/srv\/www\/chroot\/site05\/web\/wp-content\/plugins\/swisswrestling\/widgets\/ringerdb-widget.php<\/b> on line <b>1263<\/b><br \/>\n<div class=\"swfe_rdb\">\n<section class=\"swfe_files\">\n<\/section>\n<\/div>\n\t\t\t\t<\/div>\n\t\t\t\t<\/div>\n\t\t\t\t\t<\/div>\n\t\t<\/div>\n\t\t\t\t\t<\/div>\n\t\t<\/section>\n\t\t\t\t\t<\/div>\n\t\t<\/div>\n\t\t\t\t\t<\/div>\n\t\t<\/section>\n\t\t\t\t<\/div>\n\t\t","protected":false},"excerpt":{"rendered":"<p>Classement des tournois Tournoi actuel Tournois 2025 Les r\u00e9sultats actuels des championnats suisses \u00e0 partir de 2025 sont disponibles ici : &gt;R\u00e9sultats des CS&lt; Turnois 2024 2024-08-25 &#8211; Classement Raiffeisencup (Kriessern) 2024-08-24 &#8211; Classement du Tournoi International de Fronti\u00e8re (Kriessern) 2024-08-17 &#8211; Waldstaettercup &#8211; R\u00e9sultats du premier tour (Horw) 2024-08-17 &#8211; Waldstaettercup &#8211; Classement final [&hellip;]<\/p>\n","protected":false},"author":7,"featured_media":0,"parent":10239,"menu_order":30,"comment_status":"closed","ping_status":"closed","template":"","meta":{"footnotes":""},"class_list":["post-10547","page","type-page","status-publish","hentry"],"_links":{"self":[{"href":"https:\/\/swisswrestling.ch\/fr\/wp-json\/wp\/v2\/pages\/10547","targetHints":{"allow":["GET"]}}],"collection":[{"href":"https:\/\/swisswrestling.ch\/fr\/wp-json\/wp\/v2\/pages"}],"about":[{"href":"https:\/\/swisswrestling.ch\/fr\/wp-json\/wp\/v2\/types\/page"}],"author":[{"embeddable":true,"href":"https:\/\/swisswrestling.ch\/fr\/wp-json\/wp\/v2\/users\/7"}],"replies":[{"embeddable":true,"href":"https:\/\/swisswrestling.ch\/fr\/wp-json\/wp\/v2\/comments?post=10547"}],"version-history":[{"count":10,"href":"https:\/\/swisswrestling.ch\/fr\/wp-json\/wp\/v2\/pages\/10547\/revisions"}],"predecessor-version":[{"id":25341,"href":"https:\/\/swisswrestling.ch\/fr\/wp-json\/wp\/v2\/pages\/10547\/revisions\/25341"}],"up":[{"embeddable":true,"href":"https:\/\/swisswrestling.ch\/fr\/wp-json\/wp\/v2\/pages\/10239"}],"wp:attachment":[{"href":"https:\/\/swisswrestling.ch\/fr\/wp-json\/wp\/v2\/media?parent=10547"}],"curies":[{"name":"wp","href":"https:\/\/api.w.org\/{rel}","templated":true}]}}