{"id":10241,"date":"2023-03-25T11:45:51","date_gmt":"2023-03-25T10:45:51","guid":{"rendered":"https:\/\/neu.swisswrestling.ch\/base-de-donnees-des-lutteurs\/lutteur\/"},"modified":"2025-08-27T13:45:57","modified_gmt":"2025-08-27T11:45:57","slug":"lutteur","status":"publish","type":"page","link":"https:\/\/swisswrestling.ch\/fr\/base-de-donnees-des-lutteurs\/lutteur\/","title":{"rendered":"Lutteur"},"content":{"rendered":"\t\t<div data-elementor-type=\"wp-page\" data-elementor-id=\"10241\" class=\"elementor elementor-10241 elementor-6159\" data-elementor-post-type=\"page\">\n\t\t\t\t\t\t<section class=\"elementor-section elementor-top-section elementor-element elementor-element-3e93253 elementor-section-boxed elementor-section-height-default elementor-section-height-default\" data-id=\"3e93253\" data-element_type=\"section\" data-e-type=\"section\" data-settings=\"{&quot;background_background&quot;:&quot;classic&quot;}\">\n\t\t\t\t\t\t<div class=\"elementor-container elementor-column-gap-default\">\n\t\t\t\t\t<div class=\"elementor-column elementor-col-100 elementor-top-column elementor-element elementor-element-65913cf\" data-id=\"65913cf\" data-element_type=\"column\" data-e-type=\"column\">\n\t\t\t<div class=\"elementor-widget-wrap elementor-element-populated\">\n\t\t\t\t\t\t<section class=\"elementor-section elementor-inner-section elementor-element elementor-element-7214024 elementor-section-boxed elementor-section-height-default elementor-section-height-default\" data-id=\"7214024\" data-element_type=\"section\" data-e-type=\"section\" data-settings=\"{&quot;background_background&quot;:&quot;classic&quot;}\">\n\t\t\t\t\t\t<div class=\"elementor-container elementor-column-gap-default\">\n\t\t\t\t\t<div class=\"elementor-column elementor-col-100 elementor-inner-column elementor-element elementor-element-c99c053\" data-id=\"c99c053\" data-element_type=\"column\" data-e-type=\"column\">\n\t\t\t<div class=\"elementor-widget-wrap elementor-element-populated\">\n\t\t\t\t\t\t<div class=\"elementor-element elementor-element-de51ce8 elementor-widget elementor-widget-text-editor\" data-id=\"de51ce8\" data-element_type=\"widget\" data-e-type=\"widget\" data-widget_type=\"text-editor.default\">\n\t\t\t\t<div class=\"elementor-widget-container\">\n\t\t\t\t\t\t\t\t\t<p><strong>Remarque importante : <\/strong>La base de donn\u00e9es n\u2019est actuellement pas enti\u00e8rement mise \u00e0 jour, car un nouveau logiciel de licence sera bient\u00f4t introduit.<br \/>Nous vous remercions de votre compr\u00e9hension.<\/p>\t\t\t\t\t\t\t\t<\/div>\n\t\t\t\t<\/div>\n\t\t\t\t<div class=\"elementor-element elementor-element-78c358d elementor-widget elementor-widget-swfe_ringerdb\" data-id=\"78c358d\" data-element_type=\"widget\" data-e-type=\"widget\" data-widget_type=\"swfe_ringerdb.default\">\n\t\t\t\t<div class=\"elementor-widget-container\">\n\t\t\t\t\t\n<div class=\"swfe_rdb\">\n<div class=\"swfe_clubs responsiv\">\n   <h2>RINGER<\/h2>\n       <body>\n           <p>Cherchez un lutteur ici.<\/p>\n           <p class=\"comment\">(Saisissez le nom de famille ou une partie du nom, par exemple: Bernard ou Be.)<br>\n           Un maximum de 30 lutteurs est affich\u00e9. S'il y a plus de 30 r\u00e9sultats, vous devez pr\u00e9ciser votre requ\u00eate.<\/p>\n           <div class=\"form\">\n               <form method=\"get\">\n                   <label><input type=\"text\" class=\"inputtext\" name=\"search\" value=\"\"><\/label>\n                   <input type=\"submit\" class=\"submitbutton\" name=\"suchen\" value=\"chercher\" >\n               <\/form>\n           <\/div>\n       <\/body>\n\t\t\t\t<\/div>\n\t\t\t\t<\/div>\n\t\t\t\t\t<\/div>\n\t\t<\/div>\n\t\t\t\t\t<\/div>\n\t\t<\/section>\n\t\t\t\t\t<\/div>\n\t\t<\/div>\n\t\t\t\t\t<\/div>\n\t\t<\/section>\n\t\t\t\t<\/div>\n\t\t","protected":false},"excerpt":{"rendered":"<p>Remarque importante : La base de donn\u00e9es n\u2019est actuellement pas enti\u00e8rement mise \u00e0 jour, car un nouveau logiciel de licence sera bient\u00f4t introduit.Nous vous remercions de votre compr\u00e9hension. RINGER Cherchez un lutteur ici. (Saisissez le nom de famille ou une partie du nom, par exemple: Bernard ou Be.) Un maximum de 30 lutteurs est affich\u00e9. [&hellip;]<\/p>\n","protected":false},"author":2,"featured_media":0,"parent":10239,"menu_order":19,"comment_status":"closed","ping_status":"closed","template":"","meta":{"footnotes":""},"class_list":["post-10241","page","type-page","status-publish","hentry"],"_links":{"self":[{"href":"https:\/\/swisswrestling.ch\/fr\/wp-json\/wp\/v2\/pages\/10241","targetHints":{"allow":["GET"]}}],"collection":[{"href":"https:\/\/swisswrestling.ch\/fr\/wp-json\/wp\/v2\/pages"}],"about":[{"href":"https:\/\/swisswrestling.ch\/fr\/wp-json\/wp\/v2\/types\/page"}],"author":[{"embeddable":true,"href":"https:\/\/swisswrestling.ch\/fr\/wp-json\/wp\/v2\/users\/2"}],"replies":[{"embeddable":true,"href":"https:\/\/swisswrestling.ch\/fr\/wp-json\/wp\/v2\/comments?post=10241"}],"version-history":[{"count":4,"href":"https:\/\/swisswrestling.ch\/fr\/wp-json\/wp\/v2\/pages\/10241\/revisions"}],"predecessor-version":[{"id":27664,"href":"https:\/\/swisswrestling.ch\/fr\/wp-json\/wp\/v2\/pages\/10241\/revisions\/27664"}],"up":[{"embeddable":true,"href":"https:\/\/swisswrestling.ch\/fr\/wp-json\/wp\/v2\/pages\/10239"}],"wp:attachment":[{"href":"https:\/\/swisswrestling.ch\/fr\/wp-json\/wp\/v2\/media?parent=10241"}],"curies":[{"name":"wp","href":"https:\/\/api.w.org\/{rel}","templated":true}]}}