{"id":10129,"date":"2023-01-26T10:45:53","date_gmt":"2023-01-26T09:45:53","guid":{"rendered":"https:\/\/neu.swisswrestling.ch\/clubs\/"},"modified":"2024-06-21T10:57:10","modified_gmt":"2024-06-21T08:57:10","slug":"clubs","status":"publish","type":"page","link":"https:\/\/swisswrestling.ch\/fr\/base-de-donnees-des-lutteurs\/clubs\/","title":{"rendered":"Clubs"},"content":{"rendered":"\t\t<div data-elementor-type=\"wp-page\" data-elementor-id=\"10129\" class=\"elementor elementor-10129 elementor-1195\" data-elementor-post-type=\"page\">\n\t\t\t\t\t\t<section class=\"elementor-section elementor-top-section elementor-element elementor-element-649f518 elementor-reverse-tablet elementor-reverse-mobile elementor-section-boxed elementor-section-height-default elementor-section-height-default\" data-id=\"649f518\" data-element_type=\"section\" data-e-type=\"section\" data-settings=\"{&quot;background_background&quot;:&quot;classic&quot;}\">\n\t\t\t\t\t\t\t<div class=\"elementor-background-overlay\"><\/div>\n\t\t\t\t\t\t\t<div class=\"elementor-container elementor-column-gap-extended\">\n\t\t\t\t\t<div class=\"elementor-column elementor-col-100 elementor-top-column elementor-element elementor-element-644aa97\" data-id=\"644aa97\" data-element_type=\"column\" data-e-type=\"column\">\n\t\t\t<div class=\"elementor-widget-wrap elementor-element-populated\">\n\t\t\t\t\t\t<section class=\"elementor-section elementor-inner-section elementor-element elementor-element-38fe2cd elementor-section-boxed elementor-section-height-default elementor-section-height-default\" data-id=\"38fe2cd\" data-element_type=\"section\" data-e-type=\"section\" data-settings=\"{&quot;background_background&quot;:&quot;classic&quot;}\">\n\t\t\t\t\t\t<div class=\"elementor-container elementor-column-gap-default\">\n\t\t\t\t\t<div class=\"elementor-column elementor-col-100 elementor-inner-column elementor-element elementor-element-9499077\" data-id=\"9499077\" data-element_type=\"column\" data-e-type=\"column\">\n\t\t\t<div class=\"elementor-widget-wrap elementor-element-populated\">\n\t\t\t\t\t\t<div class=\"elementor-element elementor-element-c8961c0 elementor-widget elementor-widget-swfe_ringerdb\" data-id=\"c8961c0\" data-element_type=\"widget\" data-e-type=\"widget\" data-widget_type=\"swfe_ringerdb.default\">\n\t\t\t\t<div class=\"elementor-widget-container\">\n\t\t\t\t\t<div class=\"swfe_rdb\">\n<div class=\"swfe_clubs responsiv\">\n   <h2>CLUBS<\/h2>\n   <div class=\"swfe_table responsiv\">\n       <table>\n           <thead>\n               <tr >\n                   <th class=\"width20\">Nom<\/th>\n                   <th>Pr\u00e9sident<\/th>\n                   <th>Adresse<\/th>\n                   <th>Code postal<\/th>\n                   <th>Lieu<\/th>\n                   <th><\/th>\n               <\/tr>\n           <\/thead>\n           <tbody>\n           <tr>\n               <td data-label=\"Nom\"><a href=\"?ringerdb_display=club_detail&club_id=102\">CO Domdidier<\/a><\/td>\n               <td data-label=\"Pr\u00e9sident\">Eggertswyler Xavier<\/td>\n               <td data-label=\"Adresse\">Impasse du Ch\u00e2telet 23<\/td>\n               <td data-label=\"Code postal\">1774<\/td>\n               <td data-label=\"Lieu\">Cousset<\/td>\n               <td><a href=\"mailto:president@lutte-domdidier.ch\">&#9993<\/a><\/td>\n           <\/tr>\n           <tr>\n               <td data-label=\"Nom\"><a href=\"?ringerdb_display=club_detail&club_id=104\">Gen\u00e8ve-Lutte<\/a><\/td>\n               <td data-label=\"Pr\u00e9sident\">Chardonnens Daniel<\/td>\n               <td data-label=\"Adresse\">Chemin de Cusinand 36<\/td>\n               <td data-label=\"Code postal\">1285<\/td>\n               <td data-label=\"Lieu\">Athenaz<\/td>\n               <td><a href=\"mailto:coachchardon@gmail.com\">&#9993<\/a><\/td>\n           <\/tr>\n           <tr>\n               <td data-label=\"Nom\"><a href=\"?ringerdb_display=club_detail&club_id=107\">RS Sense<\/a><\/td>\n               <td data-label=\"Pr\u00e9sident\"><\/td>\n               <td data-label=\"Adresse\">Postfach 2<\/td>\n               <td data-label=\"Code postal\">3185<\/td>\n               <td data-label=\"Lieu\">Schmitten<\/td>\n               <td><a href=\"mailto:info@rssense.ch\">&#9993<\/a><\/td>\n           <\/tr>\n           <tr>\n               <td data-label=\"Nom\"><a href=\"?ringerdb_display=club_detail&club_id=112\">RC Belp<\/a><\/td>\n               <td data-label=\"Pr\u00e9sident\">Stefan Burri<\/td>\n               <td data-label=\"Adresse\">Aemmenmattstrasse 9<\/td>\n               <td data-label=\"Code postal\">3123<\/td>\n               <td data-label=\"Lieu\">Belp<\/td>\n               <td><a href=\"mailto:ringclubbelp@gmx.ch\">&#9993<\/a><\/td>\n           <\/tr>\n           <tr>\n               <td data-label=\"Nom\"><a href=\"?ringerdb_display=club_detail&club_id=114\">RR Hergiswil<\/a><\/td>\n               <td data-label=\"Pr\u00e9sident\">Stadelmann Daniel<\/td>\n               <td data-label=\"Adresse\">Ober-Schachenmatt 2<\/td>\n               <td data-label=\"Code postal\">6133<\/td>\n               <td data-label=\"Lieu\">Hergiswil b. Willisau<\/td>\n               <td><a href=\"mailto:dstadelmann@surfeu.ch\">&#9993<\/a><\/td>\n           <\/tr>\n           <tr>\n               <td data-label=\"Nom\"><a href=\"?ringerdb_display=club_detail&club_id=116\">STV Luzern<\/a><\/td>\n               <td data-label=\"Pr\u00e9sident\">Bitzi Dominik<\/td>\n               <td data-label=\"Adresse\">Heitereb\u00fchl 2<\/td>\n               <td data-label=\"Code postal\">6103<\/td>\n               <td data-label=\"Lieu\">Schwarzenberg<\/td>\n               <td><a href=\"mailto:domibitzi@hotmail.com\">&#9993<\/a><\/td>\n           <\/tr>\n           <tr>\n               <td data-label=\"Nom\"><a href=\"?ringerdb_display=club_detail&club_id=118\">RC Oberhasli<\/a><\/td>\n               <td data-label=\"Pr\u00e9sident\">Zenger Ruedi<\/td>\n               <td data-label=\"Adresse\">Heejiweg 28<\/td>\n               <td data-label=\"Code postal\">3862<\/td>\n               <td data-label=\"Lieu\">Innertkirchen<\/td>\n               <td><a href=\"mailto:zenger.ruedi@bluewin.ch\">&#9993<\/a><\/td>\n           <\/tr>\n           <tr>\n               <td data-label=\"Nom\"><a href=\"?ringerdb_display=club_detail&club_id=119\">TV Olten<\/a><\/td>\n               <td data-label=\"Pr\u00e9sident\">Sefer Alimi<\/td>\n               <td data-label=\"Adresse\">Eichenweg 4<\/td>\n               <td data-label=\"Code postal\">4600<\/td>\n               <td data-label=\"Lieu\">Olten<\/td>\n               <td><a href=\"mailto:seferalimi@hotmail.com\">&#9993<\/a><\/td>\n           <\/tr>\n           <tr>\n               <td data-label=\"Nom\"><a href=\"?ringerdb_display=club_detail&club_id=121\">RC Therwil<\/a><\/td>\n               <td data-label=\"Pr\u00e9sident\">Stoll Philipp<\/td>\n               <td data-label=\"Adresse\">Postgasse 7<\/td>\n               <td data-label=\"Code postal\">4147<\/td>\n               <td data-label=\"Lieu\">Aesch<\/td>\n               <td><a href=\"mailto:rctherwil@breitband.ch\">&#9993<\/a><\/td>\n           <\/tr>\n           <tr>\n               <td data-label=\"Nom\"><a href=\"?ringerdb_display=club_detail&club_id=123\">TV Ufhusen<\/a><\/td>\n               <td data-label=\"Pr\u00e9sident\">H\u00fcgi Christian<\/td>\n               <td data-label=\"Adresse\">Dorfstrasse 23<\/td>\n               <td data-label=\"Code postal\">6153<\/td>\n               <td data-label=\"Lieu\">Ufhusen<\/td>\n               <td><a href=\"mailto:christian.huegi@lukb.ch\">&#9993<\/a><\/td>\n           <\/tr>\n           <tr>\n               <td data-label=\"Nom\"><a href=\"?ringerdb_display=club_detail&club_id=124\">RC Willisau Lions<\/a><\/td>\n               <td data-label=\"Pr\u00e9sident\">Hirschi Sven<\/td>\n               <td data-label=\"Adresse\">Sonnr\u00fcti 1<\/td>\n               <td data-label=\"Code postal\">6130<\/td>\n               <td data-label=\"Lieu\">Willisau<\/td>\n               <td><a href=\"mailto:praesident@rcwillisau.ch\">&#9993<\/a><\/td>\n           <\/tr>\n           <tr>\n               <td data-label=\"Nom\"><a href=\"?ringerdb_display=club_detail&club_id=125\">RR Brunnen<\/a><\/td>\n               <td data-label=\"Pr\u00e9sident\">Betschart Florian<\/td>\n               <td data-label=\"Adresse\">Mythenweg 8<\/td>\n               <td data-label=\"Code postal\">6440<\/td>\n               <td data-label=\"Lieu\">Brunnen<\/td>\n               <td><a href=\"mailto:praesidium@rrbrunnen.ch\">&#9993<\/a><\/td>\n           <\/tr>\n           <tr>\n               <td data-label=\"Nom\"><a href=\"?ringerdb_display=club_detail&club_id=126\">RR Einsiedeln<\/a><\/td>\n               <td data-label=\"Pr\u00e9sident\">Neyer Sven<\/td>\n               <td data-label=\"Adresse\">Heidenb\u00fchl 6<\/td>\n               <td data-label=\"Code postal\">8840<\/td>\n               <td data-label=\"Lieu\">Einsiedeln<\/td>\n               <td><a href=\"mailto:neyer@bluewin.ch\">&#9993<\/a><\/td>\n           <\/tr>\n           <tr>\n               <td data-label=\"Nom\"><a href=\"?ringerdb_display=club_detail&club_id=127\">RS Freiamt<\/a><\/td>\n               <td data-label=\"Pr\u00e9sident\">K\u00fcng Nicola<\/td>\n               <td data-label=\"Adresse\">Lindenstrasse 3<\/td>\n               <td data-label=\"Code postal\">5628<\/td>\n               <td data-label=\"Lieu\">Aristau<\/td>\n               <td><a href=\"mailto:praesident@rsfreiamt.ch\">&#9993<\/a><\/td>\n           <\/tr>\n           <tr>\n               <td data-label=\"Nom\"><a href=\"?ringerdb_display=club_detail&club_id=128\">RS Kriessern<\/a><\/td>\n               <td data-label=\"Pr\u00e9sident\">Hungerb\u00fchler Koni<\/td>\n               <td data-label=\"Adresse\">Kirlenb\u00fcchel 3<\/td>\n               <td data-label=\"Code postal\">9437<\/td>\n               <td data-label=\"Lieu\">Marbach<\/td>\n               <td><a href=\"mailto:praesident@rsk.ch\">&#9993<\/a><\/td>\n           <\/tr>\n           <tr>\n               <td data-label=\"Nom\"><a href=\"?ringerdb_display=club_detail&club_id=129\">RC Oberriet-Grabs<\/a><\/td>\n               <td data-label=\"Pr\u00e9sident\">Steiger Dominik<\/td>\n               <td data-label=\"Adresse\">Sporthallenstrasse 8<\/td>\n               <td data-label=\"Code postal\">9443<\/td>\n               <td data-label=\"Lieu\">Widnau<\/td>\n               <td><a href=\"mailto:dominik.steiger@rcog.ch\">&#9993<\/a><\/td>\n           <\/tr>\n           <tr>\n               <td data-label=\"Nom\"><a href=\"?ringerdb_display=club_detail&club_id=130\">RC Rapperswil-Jona<\/a><\/td>\n               <td data-label=\"Pr\u00e9sident\">Bachmann Ueli<\/td>\n               <td data-label=\"Adresse\">Frohbergstrasse 47<\/td>\n               <td data-label=\"Code postal\">8640<\/td>\n               <td data-label=\"Lieu\">Rapperswil-Jona<\/td>\n               <td><a href=\"mailto:ueli_bachmann@bluewin.ch\">&#9993<\/a><\/td>\n           <\/tr>\n           <tr>\n               <td data-label=\"Nom\"><a href=\"?ringerdb_display=club_detail&club_id=131\">RR Schattdorf<\/a><\/td>\n               <td data-label=\"Pr\u00e9sident\">Gisler Marco<\/td>\n               <td data-label=\"Adresse\">Schilligli 2<\/td>\n               <td data-label=\"Code postal\">6469<\/td>\n               <td data-label=\"Lieu\">Haldi bei Schattdorf<\/td>\n               <td><a href=\"mailto:marco.rrschattdorf@gmail.com\">&#9993<\/a><\/td>\n           <\/tr>\n           <tr>\n               <td data-label=\"Nom\"><a href=\"?ringerdb_display=club_detail&club_id=133\">NRC Thalheim<\/a><\/td>\n               <td data-label=\"Pr\u00e9sident\">Kirchhofer Marc<\/td>\n               <td data-label=\"Adresse\">Zelgliweg 12<\/td>\n               <td data-label=\"Code postal\">5107<\/td>\n               <td data-label=\"Lieu\">Schinznach-Dorf<\/td>\n               <td><a href=\"mailto:technischerleiter@nrcthalheim.ch\">&#9993<\/a><\/td>\n           <\/tr>\n           <tr>\n               <td data-label=\"Nom\"><a href=\"?ringerdb_display=club_detail&club_id=134\">RR Tuggen<\/a><\/td>\n               <td data-label=\"Pr\u00e9sident\">Bamert Ueli<\/td>\n               <td data-label=\"Adresse\">M\u00fchlenenstrasse 18<\/td>\n               <td data-label=\"Code postal\">8856<\/td>\n               <td data-label=\"Lieu\">Tuggen<\/td>\n               <td><a href=\"mailto:u.bamert@bluewin.ch\">&#9993<\/a><\/td>\n           <\/tr>\n           <tr>\n               <td data-label=\"Nom\"><a href=\"?ringerdb_display=club_detail&club_id=135\">RR Uzwil<\/a><\/td>\n               <td data-label=\"Pr\u00e9sident\">Studerus Lukas<\/td>\n               <td data-label=\"Adresse\">Weidstrasse 18<\/td>\n               <td data-label=\"Code postal\">9244<\/td>\n               <td data-label=\"Lieu\">Niederuzwil<\/td>\n               <td><a href=\"mailto:lukas.studerus@gmx.ch\">&#9993<\/a><\/td>\n           <\/tr>\n           <tr>\n               <td data-label=\"Nom\"><a href=\"?ringerdb_display=club_detail&club_id=136\">RRTV Weinfelden<\/a><\/td>\n               <td data-label=\"Pr\u00e9sident\">Br\u00fcndler Rico<\/td>\n               <td data-label=\"Adresse\">Ringstrasse 24<\/td>\n               <td data-label=\"Code postal\">9503<\/td>\n               <td data-label=\"Lieu\">Lanterswil<\/td>\n               <td><a href=\"mailto:ringerriege@bluewin.ch\">&#9993<\/a><\/td>\n           <\/tr>\n           <tr>\n               <td data-label=\"Nom\"><a href=\"?ringerdb_display=club_detail&club_id=137\">RC Winterthur<\/a><\/td>\n               <td data-label=\"Pr\u00e9sident\"><\/td>\n               <td data-label=\"Adresse\">Stadion Sch\u00fctzenwiese<\/td>\n               <td data-label=\"Code postal\">8400<\/td>\n               <td data-label=\"Lieu\">Winterthur<\/td>\n               <td><a href=\"mailto:rcwinterthur@rcwringenclubdesk.com\">&#9993<\/a><\/td>\n           <\/tr>\n           <tr>\n               <td data-label=\"Nom\"><a href=\"?ringerdb_display=club_detail&club_id=182\">Z\u00fcrcher Ringer Club<\/a><\/td>\n               <td data-label=\"Pr\u00e9sident\">Saifulla Avtorkhanov<\/td>\n               <td data-label=\"Adresse\">Unterrohrstrasse 3<\/td>\n               <td data-label=\"Code postal\">8952<\/td>\n               <td data-label=\"Lieu\">Schlieren<\/td>\n               <td><a href=\"mailto:info@swissfighters.ch\">&#9993<\/a><\/td>\n           <\/tr>\n           <tr>\n               <td data-label=\"Nom\"><a href=\"?ringerdb_display=club_detail&club_id=184\">Lutte Team Valais<\/a><\/td>\n               <td data-label=\"Pr\u00e9sident\">Martinetti David<\/td>\n               <td data-label=\"Adresse\">Rue des Fontaines 10A<\/td>\n               <td data-label=\"Code postal\">1920<\/td>\n               <td data-label=\"Lieu\">Martigny<\/td>\n               <td><a href=\"mailto:david@martinettisa.ch\">&#9993<\/a><\/td>\n           <\/tr>\n           <tr>\n               <td data-label=\"Nom\"><a href=\"?ringerdb_display=club_detail&club_id=186\">Wrestling Academy Bern<\/a><\/td>\n               <td data-label=\"Pr\u00e9sident\">Pietschmann Nadine<\/td>\n               <td data-label=\"Adresse\">Styge 8<\/td>\n               <td data-label=\"Code postal\">3325<\/td>\n               <td data-label=\"Lieu\">Hettiswil bei Hindelbank<\/td>\n               <td><a href=\"mailto:nadine@wrestlingacademybern.ch\">&#9993<\/a><\/td>\n           <\/tr>\n           <tr>\n               <td data-label=\"Nom\"><a href=\"?ringerdb_display=club_detail&club_id=187\">Weinfelden-Uzwil<\/a><\/td>\n               <td data-label=\"Pr\u00e9sident\"><\/td>\n               <td data-label=\"Adresse\"><\/td>\n               <td data-label=\"Code postal\"><\/td>\n               <td data-label=\"Lieu\"><\/td>\n               <td><a href=\"mailto:\">&#9993<\/a><\/td>\n           <\/tr>\n           <\/tbody>\n       <\/table>\n   <\/div>\n<\/div>\n<\/div>\n\t\t\t\t<\/div>\n\t\t\t\t<\/div>\n\t\t\t\t\t<\/div>\n\t\t<\/div>\n\t\t\t\t\t<\/div>\n\t\t<\/section>\n\t\t\t\t\t<\/div>\n\t\t<\/div>\n\t\t\t\t\t<\/div>\n\t\t<\/section>\n\t\t\t\t<\/div>\n\t\t","protected":false},"excerpt":{"rendered":"<p>CLUBS Name Pr\u00e4sident Adresse PLZ Ort CO Domdidier Eggertswyler Xavier Impasse du Ch\u00e2telet 23 1774 Cousset &#038;#9993 Gen\u00e8ve-Lutte Chardonnens Daniel Chemin de Cusinand 36 1285 Athenaz &#038;#9993 RS Sense Postfach 2 3185 Schmitten &#038;#9993 RC Belp Stefan Burri Aemmenmattstrasse 9 3123 Belp &#038;#9993 RR Hergiswil Stadelmann Daniel Ober-Schachenmatt 2 6133 Hergiswil b. Willisau &#038;#9993 STV [&hellip;]<\/p>\n","protected":false},"author":2,"featured_media":0,"parent":10239,"menu_order":10,"comment_status":"closed","ping_status":"closed","template":"","meta":{"footnotes":""},"class_list":["post-10129","page","type-page","status-publish","hentry"],"_links":{"self":[{"href":"https:\/\/swisswrestling.ch\/fr\/wp-json\/wp\/v2\/pages\/10129","targetHints":{"allow":["GET"]}}],"collection":[{"href":"https:\/\/swisswrestling.ch\/fr\/wp-json\/wp\/v2\/pages"}],"about":[{"href":"https:\/\/swisswrestling.ch\/fr\/wp-json\/wp\/v2\/types\/page"}],"author":[{"embeddable":true,"href":"https:\/\/swisswrestling.ch\/fr\/wp-json\/wp\/v2\/users\/2"}],"replies":[{"embeddable":true,"href":"https:\/\/swisswrestling.ch\/fr\/wp-json\/wp\/v2\/comments?post=10129"}],"version-history":[{"count":1,"href":"https:\/\/swisswrestling.ch\/fr\/wp-json\/wp\/v2\/pages\/10129\/revisions"}],"predecessor-version":[{"id":18321,"href":"https:\/\/swisswrestling.ch\/fr\/wp-json\/wp\/v2\/pages\/10129\/revisions\/18321"}],"up":[{"embeddable":true,"href":"https:\/\/swisswrestling.ch\/fr\/wp-json\/wp\/v2\/pages\/10239"}],"wp:attachment":[{"href":"https:\/\/swisswrestling.ch\/fr\/wp-json\/wp\/v2\/media?parent=10129"}],"curies":[{"name":"wp","href":"https:\/\/api.w.org\/{rel}","templated":true}]}}