{"id":10120,"date":"2022-05-09T18:32:11","date_gmt":"2022-05-09T16:32:11","guid":{"rendered":"https:\/\/neu.swisswrestling.ch\/swfe\/histoire-association\/"},"modified":"2024-10-17T11:42:23","modified_gmt":"2024-10-17T09:42:23","slug":"histoire-association","status":"publish","type":"page","link":"https:\/\/swisswrestling.ch\/fr\/swfe\/histoire-association\/","title":{"rendered":"Histoire de la f\u00e9d\u00e9ration"},"content":{"rendered":"\t\t<div data-elementor-type=\"wp-page\" data-elementor-id=\"10120\" class=\"elementor elementor-10120 elementor-663\" data-elementor-post-type=\"page\">\n\t\t\t\t\t\t<section class=\"elementor-section elementor-top-section elementor-element elementor-element-1e91ae9f elementor-reverse-tablet elementor-reverse-mobile elementor-section-boxed elementor-section-height-default elementor-section-height-default\" data-id=\"1e91ae9f\" data-element_type=\"section\" data-e-type=\"section\" data-settings=\"{&quot;background_background&quot;:&quot;classic&quot;}\">\n\t\t\t\t\t\t\t<div class=\"elementor-background-overlay\"><\/div>\n\t\t\t\t\t\t\t<div class=\"elementor-container elementor-column-gap-extended\">\n\t\t\t\t\t<div class=\"elementor-column elementor-col-100 elementor-top-column elementor-element elementor-element-702e6a16\" data-id=\"702e6a16\" data-element_type=\"column\" data-e-type=\"column\">\n\t\t\t<div class=\"elementor-widget-wrap elementor-element-populated\">\n\t\t\t\t\t\t<section class=\"elementor-section elementor-inner-section elementor-element elementor-element-f3674e4 elementor-section-boxed elementor-section-height-default elementor-section-height-default\" data-id=\"f3674e4\" data-element_type=\"section\" data-e-type=\"section\" data-settings=\"{&quot;background_background&quot;:&quot;classic&quot;}\">\n\t\t\t\t\t\t<div class=\"elementor-container elementor-column-gap-default\">\n\t\t\t\t\t<div class=\"elementor-column elementor-col-100 elementor-inner-column elementor-element elementor-element-6f51907\" data-id=\"6f51907\" data-element_type=\"column\" data-e-type=\"column\">\n\t\t\t<div class=\"elementor-widget-wrap elementor-element-populated\">\n\t\t\t\t\t\t<div class=\"elementor-element elementor-element-bc27add elementor-widget elementor-widget-heading\" data-id=\"bc27add\" data-element_type=\"widget\" data-e-type=\"widget\" data-widget_type=\"heading.default\">\n\t\t\t\t<div class=\"elementor-widget-container\">\n\t\t\t\t\t<h2 class=\"elementor-heading-title elementor-size-default\">Histoire de l'association  <\/h2>\t\t\t\t<\/div>\n\t\t\t\t<\/div>\n\t\t\t\t<div class=\"elementor-element elementor-element-646280ae elementor-widget elementor-widget-heading\" data-id=\"646280ae\" data-element_type=\"widget\" data-e-type=\"widget\" data-widget_type=\"heading.default\">\n\t\t\t\t<div class=\"elementor-widget-container\">\n\t\t\t\t\t<h4 class=\"elementor-heading-title elementor-size-default\">Association des lutteurs de l\u2019amateur suisse<\/h4>\t\t\t\t<\/div>\n\t\t\t\t<\/div>\n\t\t\t\t<div class=\"elementor-element elementor-element-540bdcb8 elementor-widget elementor-widget-text-editor\" data-id=\"540bdcb8\" data-element_type=\"widget\" data-e-type=\"widget\" data-settings=\"{&quot;_animation&quot;:&quot;none&quot;}\" data-widget_type=\"text-editor.default\">\n\t\t\t\t<div class=\"elementor-widget-container\">\n\t\t\t\t\t\t\t\t\t<p><strong>Processus de Fondation <\/strong><\/p>\n<p>En 1972, une commission de planification fut employ\u00e9e \u00e0 la cr\u00e9ation de l\u2019association suisse de lutte amateur de l\u2019\u00e9poque SARV\/FSLA. Cette commission fut charg\u00e9e dans la p\u00e9riode du 28 f\u00e9vrier 1972 jusqu\u2019au 6 janvier 1973 de rassembler les diff\u00e9rentes associations et de surveiller la mise en place des trois r\u00e9gions \u2013 ORV Ostschweizerischer Ringerverband \/ ZRV Zentalschweizerischer Ringerverband \/ FSRLA F\u00e9d\u00e9ration suisse romande de lutte amateur. <\/p>\n<p>Ferdinand Imesch, ancien directeur de l\u2019association nationale suisse d&rsquo;\u00e9ducation physique SSL (plus tard association national suisse du sport SLS) \u00e9tait le pr\u00e9sident de la commission de planification. Ferdinand Imesch d\u00e9buta l\u2019assembl\u00e9e de fondation le 6 janvier 1973 dans la maison du sport \u00e0 Berne (aujourd\u2019hui Ittigen BE) \u2013 la naissance du SARV\/de FSLA ! <\/p>\n<p>L\u2019assembl\u00e9e des d\u00e9l\u00e9gu\u00e9s du 26 mars 2011 \u00e0 Muri AG a d\u00e9cid\u00e9 de changer le nom de la FSLA en Swiss Wrestling, afin de tenir compte avant tout des nombreuses pr\u00e9sences internationales.<\/p>\n<p><strong>Histoire de la f\u00e9d\u00e9ration<\/strong><\/p>\n<p>Cette documentation doit servir de base \u00e0 l&rsquo;\u00e9laboration d&rsquo;une brochure comm\u00e9morative \u00ab\u00a040 ans de Swiss Wrestling\u00a0\u00bb et honorer comme il se doit les noms de toutes les personnes impliqu\u00e9es.<\/p>\n<p><strong>Auteur p\u00e9riode 1973 &#8211; 1993 :<\/strong> Ren\u00e9 Poletti, Schattdorf UR<br \/><strong>Auteur p\u00e9riode 1994 &#8211; 2011 :<\/strong> Marianne Nobs, Berne<br \/><strong>Auteur p\u00e9riode 2012 &#8211; date :<\/strong> Rudolf Wieland, Benzenschwil AG<\/p>\n\t\t\t\t\t\t\t\t<\/div>\n\t\t\t\t<\/div>\n\t\t\t\t<div class=\"elementor-element elementor-element-21dbdc1 elementor-align-left elementor-widget elementor-widget-button\" data-id=\"21dbdc1\" data-element_type=\"widget\" data-e-type=\"widget\" data-widget_type=\"button.default\">\n\t\t\t\t<div class=\"elementor-widget-container\">\n\t\t\t\t\t\t\t\t\t<div class=\"elementor-button-wrapper\">\n\t\t\t\t\t<a class=\"elementor-button elementor-button-link elementor-size-xs\" href=\"https:\/\/rdb.swfe.ch\/fileadmin\/SWFE\/Verbandsgeschichte\/Verbandsgeschichte.pdf\" target=\"_blank\">\n\t\t\t\t\t\t<span class=\"elementor-button-content-wrapper\">\n\t\t\t\t\t\t<span class=\"elementor-button-icon\">\n\t\t\t\t<i aria-hidden=\"true\" class=\"fas fa-long-arrow-alt-right\"><\/i>\t\t\t<\/span>\n\t\t\t\t\t\t\t\t\t<span class=\"elementor-button-text\">Histoire de la f\u00e9d\u00e9ration en PDF<\/span>\n\t\t\t\t\t<\/span>\n\t\t\t\t\t<\/a>\n\t\t\t\t<\/div>\n\t\t\t\t\t\t\t\t<\/div>\n\t\t\t\t<\/div>\n\t\t\t\t<div class=\"elementor-element elementor-element-6c9dcb1e elementor-align-left elementor-widget elementor-widget-button\" data-id=\"6c9dcb1e\" data-element_type=\"widget\" data-e-type=\"widget\" data-widget_type=\"button.default\">\n\t\t\t\t<div class=\"elementor-widget-container\">\n\t\t\t\t\t\t\t\t\t<div class=\"elementor-button-wrapper\">\n\t\t\t\t\t<a class=\"elementor-button elementor-button-link elementor-size-xs\" href=\"https:\/\/rdb.swfe.ch\/fileadmin\/SWFE\/Verbandsgeschichte\/Medaillengewinner.pdf\" target=\"_blank\">\n\t\t\t\t\t\t<span class=\"elementor-button-content-wrapper\">\n\t\t\t\t\t\t<span class=\"elementor-button-icon\">\n\t\t\t\t<i aria-hidden=\"true\" class=\"fas fa-long-arrow-alt-right\"><\/i>\t\t\t<\/span>\n\t\t\t\t\t\t\t\t\t<span class=\"elementor-button-text\">M\u00e9daill\u00e9s 1920 - aujourd'hui<\/span>\n\t\t\t\t\t<\/span>\n\t\t\t\t\t<\/a>\n\t\t\t\t<\/div>\n\t\t\t\t\t\t\t\t<\/div>\n\t\t\t\t<\/div>\n\t\t\t\t\t<\/div>\n\t\t<\/div>\n\t\t\t\t\t<\/div>\n\t\t<\/section>\n\t\t\t\t\t<\/div>\n\t\t<\/div>\n\t\t\t\t\t<\/div>\n\t\t<\/section>\n\t\t\t\t<\/div>\n\t\t","protected":false},"excerpt":{"rendered":"<p>Histoire de l&rsquo;association Association des lutteurs de l\u2019amateur suisse Processus de Fondation En 1972, une commission de planification fut employ\u00e9e \u00e0 la cr\u00e9ation de l\u2019association suisse de lutte amateur de l\u2019\u00e9poque SARV\/FSLA. Cette commission fut charg\u00e9e dans la p\u00e9riode du 28 f\u00e9vrier 1972 jusqu\u2019au 6 janvier 1973 de rassembler les diff\u00e9rentes associations et de surveiller [&hellip;]<\/p>\n","protected":false},"author":7,"featured_media":0,"parent":9897,"menu_order":30,"comment_status":"closed","ping_status":"closed","template":"","meta":{"footnotes":""},"class_list":["post-10120","page","type-page","status-publish","hentry"],"_links":{"self":[{"href":"https:\/\/swisswrestling.ch\/fr\/wp-json\/wp\/v2\/pages\/10120","targetHints":{"allow":["GET"]}}],"collection":[{"href":"https:\/\/swisswrestling.ch\/fr\/wp-json\/wp\/v2\/pages"}],"about":[{"href":"https:\/\/swisswrestling.ch\/fr\/wp-json\/wp\/v2\/types\/page"}],"author":[{"embeddable":true,"href":"https:\/\/swisswrestling.ch\/fr\/wp-json\/wp\/v2\/users\/7"}],"replies":[{"embeddable":true,"href":"https:\/\/swisswrestling.ch\/fr\/wp-json\/wp\/v2\/comments?post=10120"}],"version-history":[{"count":3,"href":"https:\/\/swisswrestling.ch\/fr\/wp-json\/wp\/v2\/pages\/10120\/revisions"}],"predecessor-version":[{"id":20240,"href":"https:\/\/swisswrestling.ch\/fr\/wp-json\/wp\/v2\/pages\/10120\/revisions\/20240"}],"up":[{"embeddable":true,"href":"https:\/\/swisswrestling.ch\/fr\/wp-json\/wp\/v2\/pages\/9897"}],"wp:attachment":[{"href":"https:\/\/swisswrestling.ch\/fr\/wp-json\/wp\/v2\/media?parent=10120"}],"curies":[{"name":"wp","href":"https:\/\/api.w.org\/{rel}","templated":true}]}}